{"id":740448,"date":"2025-08-28T00:27:15","date_gmt":"2025-08-27T21:27:15","guid":{"rendered":"https:\/\/roveyayinevi.com.tr\/index.php\/urun\/kirk-7-bucuk\/"},"modified":"2026-04-16T02:51:18","modified_gmt":"2026-04-15T23:51:18","slug":"kirk-7-bucuk","status":"publish","type":"product","link":"https:\/\/roveyayinevi.com.tr\/index.php\/urun\/kirk-7-bucuk\/","title":{"rendered":"K\u0131rk 7 Bu\u00e7uk"},"content":{"rendered":"<p>\u0130ster kad\u0131n olsun ister erkek, insana \u00e7ok erken gelir ya\u015f korkusu&#8230; 30 ya\u015f\u0131na giren insanlar\u0131n \u00e7o\u011fu benzer bir bilan\u00e7o yapar, 30 ya\u015f\u0131 gen\u00e7li\u011fin sona eri\u015fi diye d\u00fc\u015f\u00fcn\u00fcr&#8230; Oysa as\u0131l tehlikeli ya\u015f olan 40\u2019a daha on y\u0131l vard\u0131r. Sonra o on y\u0131l da ge\u00e7er ve 40\u2019a gelirsiniz. Gen\u00e7li\u011fin sonsuza dek bitti\u011fi duygusu gelmekte olan g\u00fcnlerin g\u00fczelli\u011fini sizden avans olarak al\u0131p g\u00f6t\u00fcr\u00fcr&#8230; \u0130\u00e7iniz mi karard\u0131?.. Kararmas\u0131n&#8230; \u015eimdi ya\u015f korkusunu, gen\u00e7lik elden gitti evham\u0131n\u0131, gecikmi\u015f pi\u015fmanl\u0131klar\u0131, \u201ceyvah\u201dlar\u0131, \u201cke\u015fke\u201dleri yava\u015f\u00e7a yere b\u0131rak\u0131p oradan uzakla\u015f\u0131n&#8230; Hi\u00e7 korkmay\u0131n. Hi\u00e7 tela\u015fa kap\u0131lmay\u0131n. \u00c7ok g\u00fczel, hatta en g\u00fczel y\u0131llar\u0131n\u0131z geliyor&#8230; Bunu size s\u00f6yleyen insan 75 ya\u015f\u0131nda bir erkek&#8230; Ve bu kitab\u0131n yazar\u0131&#8230; Onun s\u00f6z\u00fcne kulak verin: Dolu dolu ya\u015fanm\u0131\u015f bir on y\u0131l sand\u0131\u011f\u0131n\u0131zdan \u00e7ok daha uzundur.<\/p>\n","protected":false},"excerpt":{"rendered":"<p>\u0130ster kad\u0131n olsun ister erkek, insana \u00e7ok erken gelir ya\u015f korkusu&#8230; 30 ya\u015f\u0131na giren insanlar\u0131n \u00e7o\u011fu benzer bir bilan\u00e7o yapar, 30 ya\u015f\u0131 gen\u00e7li\u011fin sona eri\u015fi diye<span class=\"excerpt-hellip\"> [\u2026]<\/span><\/p>\n","protected":false},"featured_media":0,"template":"","meta":{"_monsterinsights_skip_tracking":false,"_monsterinsights_sitenote_active":false,"_monsterinsights_sitenote_note":"","_monsterinsights_sitenote_category":0},"product_brand":[],"product_cat":[12777,12291],"product_tag":[],"class_list":{"0":"post-740448","1":"product","2":"type-product","3":"status-publish","5":"product_cat-deneme","6":"product_cat-edebiyat","7":"pa_cilt-ciltsiz","8":"pa_tur-kitap","9":"pa_yayinevi-dogan-kitap","10":"pa_yazar-ertugrul-ozkok","12":"first","13":"instock","14":"sale","15":"shipping-taxable","16":"purchasable","17":"product-type-simple"},"_links":{"self":[{"href":"https:\/\/roveyayinevi.com.tr\/index.php\/wp-json\/wp\/v2\/product\/740448","targetHints":{"allow":["GET"]}}],"collection":[{"href":"https:\/\/roveyayinevi.com.tr\/index.php\/wp-json\/wp\/v2\/product"}],"about":[{"href":"https:\/\/roveyayinevi.com.tr\/index.php\/wp-json\/wp\/v2\/types\/product"}],"wp:attachment":[{"href":"https:\/\/roveyayinevi.com.tr\/index.php\/wp-json\/wp\/v2\/media?parent=740448"}],"wp:term":[{"taxonomy":"product_brand","embeddable":true,"href":"https:\/\/roveyayinevi.com.tr\/index.php\/wp-json\/wp\/v2\/product_brand?post=740448"},{"taxonomy":"product_cat","embeddable":true,"href":"https:\/\/roveyayinevi.com.tr\/index.php\/wp-json\/wp\/v2\/product_cat?post=740448"},{"taxonomy":"product_tag","embeddable":true,"href":"https:\/\/roveyayinevi.com.tr\/index.php\/wp-json\/wp\/v2\/product_tag?post=740448"}],"curies":[{"name":"wp","href":"https:\/\/api.w.org\/{rel}","templated":true}]}}