{"id":740447,"date":"2025-08-28T00:27:13","date_gmt":"2025-08-27T21:27:13","guid":{"rendered":"https:\/\/roveyayinevi.com.tr\/index.php\/urun\/avucumda-ruzgar-var\/"},"modified":"2026-04-16T02:51:18","modified_gmt":"2026-04-15T23:51:18","slug":"avucumda-ruzgar-var","status":"publish","type":"product","link":"https:\/\/roveyayinevi.com.tr\/index.php\/urun\/avucumda-ruzgar-var\/","title":{"rendered":"Avucumda R\u00fczgar Var"},"content":{"rendered":"<p>\u201cTanr\u0131 m\u00fczi\u011fi yaratt\u0131 ve sustu.\u201dY\u00fczlerce y\u0131l boyunca Platon\u2019un gizemli bir bestesi oldu\u011funa inan\u0131ld\u0131 ve baz\u0131 m\u00fczisyenlerin o kay\u0131p eseri bildi\u011fi s\u00f6ylentileri kulaktan kula\u011fa yay\u0131ld\u0131. Bu eseri bulmaya, onun labirent gibi yap\u0131lanm\u0131\u015f melodisiyle dinleyenleri b\u00fcy\u00fclemeye \u00e7al\u0131\u015fan insanlar\u0131n d\u00fcnyas\u0131nda ge\u00e7en Avucumda R\u00fczg\u00e2r Var, bir yandan da m\u00fczi\u011fin zaten b\u00fcy\u00fc oldu\u011funa ikna etmeye \u00e7al\u0131\u015f\u0131yor okurunu. Tahir\u2019in m\u00fczi\u011fi ke\u015ffedi\u015f yolculu\u011fu, neredeyse egzotik bir haz alarak okunabilecek, tek ba\u015f\u0131na bir macera \u00f6yk\u00fcs\u00fc olarak roman\u0131n omurgas\u0131n\u0131 olu\u015fturuyor. Bir melodram olarak ba\u015flay\u0131p b\u00fcy\u00fcl\u00fc ger\u00e7ek\u00e7ilik ile s\u00fcr\u00fcp bir macera roman\u0131 olarak sona eren ve bir saz eseri gibi bi\u00e7imlendirilmi\u015f bu romanda t\u00fcrler aras\u0131nda yap\u0131lan gezinti ayn\u0131 zamanda melodik bir seyir izliyor. Avucumda R\u00fczg\u00e2r Var na\u011fmenin ve insan\u0131n ruhuna yolculuk vaat ediyor.<\/p>\n","protected":false},"excerpt":{"rendered":"<p>\u201cTanr\u0131 m\u00fczi\u011fi yaratt\u0131 ve sustu.\u201dY\u00fczlerce y\u0131l boyunca Platon\u2019un gizemli bir bestesi oldu\u011funa inan\u0131ld\u0131 ve baz\u0131 m\u00fczisyenlerin o kay\u0131p eseri bildi\u011fi s\u00f6ylentileri kulaktan kula\u011fa yay\u0131ld\u0131. Bu eseri<span class=\"excerpt-hellip\"> [\u2026]<\/span><\/p>\n","protected":false},"featured_media":0,"template":"","meta":{"_monsterinsights_skip_tracking":false,"_monsterinsights_sitenote_active":false,"_monsterinsights_sitenote_note":"","_monsterinsights_sitenote_category":0},"product_brand":[],"product_cat":[12291,12711],"product_tag":[],"class_list":{"0":"post-740447","1":"product","2":"type-product","3":"status-publish","5":"product_cat-edebiyat","6":"product_cat-roman-oyku","7":"pa_cilt-ciltsiz","8":"pa_tur-kitap","9":"pa_yayinevi-dogan-kitap","10":"pa_yazar-ismail-guzelsoy","12":"first","13":"instock","14":"sale","15":"shipping-taxable","16":"purchasable","17":"product-type-simple"},"_links":{"self":[{"href":"https:\/\/roveyayinevi.com.tr\/index.php\/wp-json\/wp\/v2\/product\/740447","targetHints":{"allow":["GET"]}}],"collection":[{"href":"https:\/\/roveyayinevi.com.tr\/index.php\/wp-json\/wp\/v2\/product"}],"about":[{"href":"https:\/\/roveyayinevi.com.tr\/index.php\/wp-json\/wp\/v2\/types\/product"}],"wp:attachment":[{"href":"https:\/\/roveyayinevi.com.tr\/index.php\/wp-json\/wp\/v2\/media?parent=740447"}],"wp:term":[{"taxonomy":"product_brand","embeddable":true,"href":"https:\/\/roveyayinevi.com.tr\/index.php\/wp-json\/wp\/v2\/product_brand?post=740447"},{"taxonomy":"product_cat","embeddable":true,"href":"https:\/\/roveyayinevi.com.tr\/index.php\/wp-json\/wp\/v2\/product_cat?post=740447"},{"taxonomy":"product_tag","embeddable":true,"href":"https:\/\/roveyayinevi.com.tr\/index.php\/wp-json\/wp\/v2\/product_tag?post=740447"}],"curies":[{"name":"wp","href":"https:\/\/api.w.org\/{rel}","templated":true}]}}