{"id":740446,"date":"2025-08-28T00:27:12","date_gmt":"2025-08-27T21:27:12","guid":{"rendered":"https:\/\/roveyayinevi.com.tr\/index.php\/urun\/kadin-su-gibidir-akar-erkek-ates-gibidir-yakar\/"},"modified":"2026-04-11T02:59:04","modified_gmt":"2026-04-10T23:59:04","slug":"kadin-su-gibidir-akar-erkek-ates-gibidir-yakar","status":"publish","type":"product","link":"https:\/\/roveyayinevi.com.tr\/index.php\/urun\/kadin-su-gibidir-akar-erkek-ates-gibidir-yakar\/","title":{"rendered":"Kad\u0131n Su Gibidir Akar Erkek Ate\u015f Gibidir Yakar"},"content":{"rendered":"<p>Sana, seni ve d\u00fcnyay\u0131 de\u011fi\u015ftirebilecek bir s\u0131rr\u0131n anahtar\u0131n\u0131 veriyorum. Hayat\u0131n en b\u00fcy\u00fck gizeminin, kad\u0131n ve erke\u011fin b\u00fct\u00fcnle\u015fmesinin s\u0131rr\u0131n\u0131 \u00e7\u00f6zeceksin. Bu anahtar\u0131 iyi sakla.Di\u015fil ile erilin b\u00fct\u00fcnle\u015fmesine dair bug\u00fcne dek anlat\u0131lm\u0131\u015f t\u00fcm kadim \u00f6\u011fretilerden modern d\u00fcnyan\u0131n bilimsel ger\u00e7eklerine, ruhsal metinlere, en parlak ili\u015fki fikirlerine dek \u00e7ok \u015feye yer verilen bu kitap, kad\u0131n ve erkek olarak hem kendi i\u00e7inde hem de birlikte bir ve b\u00fct\u00fcn olman\u0131z i\u00e7in tasarland\u0131.\u0130\u00e7indeki yaral\u0131 \u00e7ocuklar\u0131, atasal karmalar\u0131, anne babayla d\u00fc\u011f\u00fcmlerini, yaralar\u0131n\u0131, duygular\u0131n\u0131, korkular\u0131n\u0131, hi\u00e7 bitmeyen zihinsel d\u00f6ng\u00fclerini \u015fifaland\u0131rmay\u0131 \u00f6\u011freneceksin.  Sa\u011f ve sol beyinin nas\u0131l \u00e7al\u0131\u015ft\u0131\u011f\u0131ndan di\u015fil ve eril enerjiyi nas\u0131l dengeleyebilece\u011fimize, b\u00fct\u00fcnle\u015ftirebilece\u011fimize dair b\u00fct\u00fcn kodlar \u00e7\u00f6z\u00fcl\u00fcyor! Art\u0131k yaln\u0131z de\u011filsin.Kad\u0131n ne s\u00f6yler, erkek ne anlar? Kad\u0131n sevilmek, erkek anla\u015f\u0131lmak ister! \u0130li\u015fkide ileti\u015fim kap\u0131s\u0131n\u0131 a\u00e7an do\u011fru sorular nelerdir? Korkular\u0131m\u0131z\u0131 meditasyonlarla nas\u0131l d\u00f6n\u00fc\u015ft\u00fcrebiliriz?Di\u015fil enerjinin anne yaras\u0131, eril enerjinin baba yaras\u0131!.. Kad\u0131n ve erkek i\u00e7in yap-bozun eksik par\u00e7alar\u0131 tamamlan\u0131yor! Hakk\u0131yla alma ve vermeyi, sevginin \u0131\u015f\u0131\u011f\u0131nda tam ve b\u00fct\u00fcn hissetmeyi hak ediyorsun. Vakit, ilahi di\u015filin su gibi akma, ilahi erilin ate\u015f gibi yakma vaktidir.Haz\u0131r m\u0131s\u0131n?<\/p>\n","protected":false},"excerpt":{"rendered":"<p>Sana, seni ve d\u00fcnyay\u0131 de\u011fi\u015ftirebilecek bir s\u0131rr\u0131n anahtar\u0131n\u0131 veriyorum. Hayat\u0131n en b\u00fcy\u00fck gizeminin, kad\u0131n ve erke\u011fin b\u00fct\u00fcnle\u015fmesinin s\u0131rr\u0131n\u0131 \u00e7\u00f6zeceksin. Bu anahtar\u0131 iyi sakla.Di\u015fil ile erilin b\u00fct\u00fcnle\u015fmesine<span class=\"excerpt-hellip\"> [\u2026]<\/span><\/p>\n","protected":false},"featured_media":0,"template":"","meta":{"_monsterinsights_skip_tracking":false,"_monsterinsights_sitenote_active":false,"_monsterinsights_sitenote_note":"","_monsterinsights_sitenote_category":0},"product_brand":[],"product_cat":[12364,12376],"product_tag":[],"class_list":{"0":"post-740446","1":"product","2":"type-product","3":"status-publish","5":"product_cat-genel-konular","6":"product_cat-kisisel-gelisim","7":"pa_cilt-ciltsiz","8":"pa_tur-kitap","9":"pa_yayinevi-dogan-novus","10":"pa_yazar-isil-gence","12":"first","13":"instock","14":"sale","15":"shipping-taxable","16":"purchasable","17":"product-type-simple"},"_links":{"self":[{"href":"https:\/\/roveyayinevi.com.tr\/index.php\/wp-json\/wp\/v2\/product\/740446","targetHints":{"allow":["GET"]}}],"collection":[{"href":"https:\/\/roveyayinevi.com.tr\/index.php\/wp-json\/wp\/v2\/product"}],"about":[{"href":"https:\/\/roveyayinevi.com.tr\/index.php\/wp-json\/wp\/v2\/types\/product"}],"wp:attachment":[{"href":"https:\/\/roveyayinevi.com.tr\/index.php\/wp-json\/wp\/v2\/media?parent=740446"}],"wp:term":[{"taxonomy":"product_brand","embeddable":true,"href":"https:\/\/roveyayinevi.com.tr\/index.php\/wp-json\/wp\/v2\/product_brand?post=740446"},{"taxonomy":"product_cat","embeddable":true,"href":"https:\/\/roveyayinevi.com.tr\/index.php\/wp-json\/wp\/v2\/product_cat?post=740446"},{"taxonomy":"product_tag","embeddable":true,"href":"https:\/\/roveyayinevi.com.tr\/index.php\/wp-json\/wp\/v2\/product_tag?post=740446"}],"curies":[{"name":"wp","href":"https:\/\/api.w.org\/{rel}","templated":true}]}}