{"id":740441,"date":"2025-08-28T00:27:05","date_gmt":"2025-08-27T21:27:05","guid":{"rendered":"https:\/\/roveyayinevi.com.tr\/index.php\/urun\/mektuplarin-dansi\/"},"modified":"2026-04-16T02:51:18","modified_gmt":"2026-04-15T23:51:18","slug":"mektuplarin-dansi","status":"publish","type":"product","link":"https:\/\/roveyayinevi.com.tr\/index.php\/urun\/mektuplarin-dansi\/","title":{"rendered":"Mektuplar\u0131n Dans\u0131"},"content":{"rendered":"<p>\u201cD\u00fcn, bug\u00fcn ve yar\u0131n\u2026 Hayat bu \u00fc\u00e7 kelimenin sundu\u011fu anlardan ibarettir. Kimileri i\u00e7in \u0131\u015f\u0131klar s\u00f6nerken kimileri i\u00e7in g\u00fcne\u015fin y\u00fckseli\u015fiyle yeni bir umut do\u011far. Zaman bir ak\u0131\u015f halinde ilerlerken insanlar\u0131 kendi y\u00f6r\u00fcngesine \u00e7eker. \u0130nsanlar o y\u00f6r\u00fcngede yollar\u0131na devam etmek zorundad\u0131rlar. Kimileri zamana kar\u015f\u0131 kimileri zamanla beraber ilerler. Duygular, d\u00fc\u015f\u00fcnceler\u2026 \u0130nsanlar de\u011fi\u015firler. \u0130nsanlar de\u011fi\u015ftik\u00e7e d\u00fcnya de\u011fi\u015fir ve zamanla pek \u00e7ok \u015fey farkl\u0131la\u015f\u0131r. Eskiye dair birka\u00e7 iz kalsa da onlar da giderek silinmeye y\u00fcz tutar. Orada bir yerlerde ayn\u0131 kalacak tek \u015fey an\u0131lard\u0131r. Ge\u00e7mi\u015f, gelece\u011fin g\u00f6lgesinde kalsa da hi\u00e7bir zaman silinmez ve insana daima bir \u015feyler an\u0131msat\u0131r. \u0130nsan\u0131n belle\u011findeki hat\u0131rlanmaya de\u011fer t\u00fcm an\u0131lar, zaman\u0131 geldi\u011finde s\u00fcz\u00fclerek g\u00fcn y\u00fcz\u00fcne \u00e7\u0131kar.\u201d Do\u011fa ve Devin\u2019in ge\u00e7mi\u015fle sarmalanm\u0131\u015f hik\u00e2yesinde, hayata dair pek \u00e7ok tan\u0131d\u0131k his mevcut. Geriye d\u00f6n\u00fc\u015flerle bug\u00fcne \u0131\u015f\u0131k tutan olaylarda, eserin derinlikli kurgusunu g\u00f6rmekle kalmay\u0131p mektuplar\u0131n izinde giderken bulacaks\u0131n\u0131z kendinizi. M\u00fcbala\u011fadan uzak, yal\u0131n anlat\u0131m\u0131yla Aysu Akg\u00fcn, haf\u0131zalarda yer edecek bir romana imza at\u0131yor. <\/p>\n","protected":false},"excerpt":{"rendered":"<p>\u201cD\u00fcn, bug\u00fcn ve yar\u0131n\u2026 Hayat bu \u00fc\u00e7 kelimenin sundu\u011fu anlardan ibarettir. Kimileri i\u00e7in \u0131\u015f\u0131klar s\u00f6nerken kimileri i\u00e7in g\u00fcne\u015fin y\u00fckseli\u015fiyle yeni bir umut do\u011far. Zaman bir ak\u0131\u015f<span class=\"excerpt-hellip\"> [\u2026]<\/span><\/p>\n","protected":false},"featured_media":0,"template":"","meta":{"_monsterinsights_skip_tracking":false,"_monsterinsights_sitenote_active":false,"_monsterinsights_sitenote_note":"","_monsterinsights_sitenote_category":0},"product_brand":[],"product_cat":[12291,12711],"product_tag":[],"class_list":{"0":"post-740441","1":"product","2":"type-product","3":"status-publish","5":"product_cat-edebiyat","6":"product_cat-roman-oyku","7":"pa_cilt-ciltsiz","8":"pa_tur-kitap","9":"pa_yayinevi-luna-yayinlari","10":"pa_yazar-aysu-akgun","12":"first","13":"instock","14":"sale","15":"shipping-taxable","16":"purchasable","17":"product-type-simple"},"_links":{"self":[{"href":"https:\/\/roveyayinevi.com.tr\/index.php\/wp-json\/wp\/v2\/product\/740441","targetHints":{"allow":["GET"]}}],"collection":[{"href":"https:\/\/roveyayinevi.com.tr\/index.php\/wp-json\/wp\/v2\/product"}],"about":[{"href":"https:\/\/roveyayinevi.com.tr\/index.php\/wp-json\/wp\/v2\/types\/product"}],"wp:attachment":[{"href":"https:\/\/roveyayinevi.com.tr\/index.php\/wp-json\/wp\/v2\/media?parent=740441"}],"wp:term":[{"taxonomy":"product_brand","embeddable":true,"href":"https:\/\/roveyayinevi.com.tr\/index.php\/wp-json\/wp\/v2\/product_brand?post=740441"},{"taxonomy":"product_cat","embeddable":true,"href":"https:\/\/roveyayinevi.com.tr\/index.php\/wp-json\/wp\/v2\/product_cat?post=740441"},{"taxonomy":"product_tag","embeddable":true,"href":"https:\/\/roveyayinevi.com.tr\/index.php\/wp-json\/wp\/v2\/product_tag?post=740441"}],"curies":[{"name":"wp","href":"https:\/\/api.w.org\/{rel}","templated":true}]}}