{"id":740437,"date":"2025-08-28T00:26:59","date_gmt":"2025-08-27T21:26:59","guid":{"rendered":"https:\/\/roveyayinevi.com.tr\/index.php\/urun\/buyuk-kamp-macerasi\/"},"modified":"2026-04-11T02:59:04","modified_gmt":"2026-04-10T23:59:04","slug":"buyuk-kamp-macerasi","status":"publish","type":"product","link":"https:\/\/roveyayinevi.com.tr\/index.php\/urun\/buyuk-kamp-macerasi\/","title":{"rendered":"B\u00fcy\u00fck Kamp Maceras\u0131"},"content":{"rendered":"<p>Bir dal par\u00e7as\u0131 ve bir tane ta\u015f. Yan\u0131nda ku\u015f t\u00fcy\u00fc ve de bir kemik\u2026 Kamp alanlar\u0131na giderken yolda bir\u00e7ok g\u00fczel \u015fey ke\u015ffeden kamp\u00e7\u0131lar\u0131n aras\u0131na sen de kat\u0131l. Yol boyunca haylaz papa\u011fana dikkat etmeyi de unutma! <\/p>\n","protected":false},"excerpt":{"rendered":"<p>Bir dal par\u00e7as\u0131 ve bir tane ta\u015f. Yan\u0131nda ku\u015f t\u00fcy\u00fc ve de bir kemik\u2026 Kamp alanlar\u0131na giderken yolda bir\u00e7ok g\u00fczel \u015fey ke\u015ffeden kamp\u00e7\u0131lar\u0131n aras\u0131na sen de<span class=\"excerpt-hellip\"> [\u2026]<\/span><\/p>\n","protected":false},"featured_media":0,"template":"","meta":{"_monsterinsights_skip_tracking":false,"_monsterinsights_sitenote_active":false,"_monsterinsights_sitenote_note":"","_monsterinsights_sitenote_category":0},"product_brand":[],"product_cat":[12274,12284],"product_tag":[],"class_list":{"0":"post-740437","1":"product","2":"type-product","3":"status-publish","5":"product_cat-cocuk-ve-genclik-kitaplari","6":"product_cat-hikayeler","7":"pa_cilt-ciltsiz","8":"pa_tur-kitap","9":"pa_yayinevi-is-bankasi-kultur-yayinlari","10":"pa_yazar-sarina-dickson","12":"first","13":"instock","14":"sale","15":"shipping-taxable","16":"purchasable","17":"product-type-simple"},"_links":{"self":[{"href":"https:\/\/roveyayinevi.com.tr\/index.php\/wp-json\/wp\/v2\/product\/740437","targetHints":{"allow":["GET"]}}],"collection":[{"href":"https:\/\/roveyayinevi.com.tr\/index.php\/wp-json\/wp\/v2\/product"}],"about":[{"href":"https:\/\/roveyayinevi.com.tr\/index.php\/wp-json\/wp\/v2\/types\/product"}],"wp:attachment":[{"href":"https:\/\/roveyayinevi.com.tr\/index.php\/wp-json\/wp\/v2\/media?parent=740437"}],"wp:term":[{"taxonomy":"product_brand","embeddable":true,"href":"https:\/\/roveyayinevi.com.tr\/index.php\/wp-json\/wp\/v2\/product_brand?post=740437"},{"taxonomy":"product_cat","embeddable":true,"href":"https:\/\/roveyayinevi.com.tr\/index.php\/wp-json\/wp\/v2\/product_cat?post=740437"},{"taxonomy":"product_tag","embeddable":true,"href":"https:\/\/roveyayinevi.com.tr\/index.php\/wp-json\/wp\/v2\/product_tag?post=740437"}],"curies":[{"name":"wp","href":"https:\/\/api.w.org\/{rel}","templated":true}]}}