{"id":740434,"date":"2025-08-28T00:26:54","date_gmt":"2025-08-27T21:26:54","guid":{"rendered":"https:\/\/roveyayinevi.com.tr\/index.php\/urun\/mo-sesi-nereden-geliyor-ciftlikteki-hayvanlar-dunyayi-ogreniyorum\/"},"modified":"2026-04-16T02:51:17","modified_gmt":"2026-04-15T23:51:17","slug":"mo-sesi-nereden-geliyor-ciftlikteki-hayvanlar-dunyayi-ogreniyorum","status":"publish","type":"product","link":"https:\/\/roveyayinevi.com.tr\/index.php\/urun\/mo-sesi-nereden-geliyor-ciftlikteki-hayvanlar-dunyayi-ogreniyorum\/","title":{"rendered":"M\u00f6 Sesi Nereden Geliyor? \u00c7iftlikteki Hayvanlar D\u00fcnyayi \u00d6\u011freniyorum"},"content":{"rendered":"<p>\u00c7iftlikte neler ke\u015ffedebiliriz? Sofram\u0131za gelen s\u00fct nas\u0131l sa\u011f\u0131l\u0131r? Buza\u011f\u0131 ile dana aras\u0131nda ne fark vard\u0131r? Koyunlar nas\u0131l beslenir? Tavuklar nereye yumurtlar? \u00c7iftlikte deve ku\u015fu g\u00f6rebilir miyiz? Merak etti\u011fin sorular\u0131n yan\u0131t\u0131n\u0131 ve daha bir\u00e7ok bilgiyi bu kitapta bulabilirsin. <\/p>\n","protected":false},"excerpt":{"rendered":"<p>\u00c7iftlikte neler ke\u015ffedebiliriz? Sofram\u0131za gelen s\u00fct nas\u0131l sa\u011f\u0131l\u0131r? Buza\u011f\u0131 ile dana aras\u0131nda ne fark vard\u0131r? Koyunlar nas\u0131l beslenir? Tavuklar nereye yumurtlar? \u00c7iftlikte deve ku\u015fu g\u00f6rebilir miyiz?<span class=\"excerpt-hellip\"> [\u2026]<\/span><\/p>\n","protected":false},"featured_media":0,"template":"","meta":{"_monsterinsights_skip_tracking":false,"_monsterinsights_sitenote_active":false,"_monsterinsights_sitenote_note":"","_monsterinsights_sitenote_category":0},"product_brand":[],"product_cat":[12274,15842],"product_tag":[],"class_list":{"0":"post-740434","1":"product","2":"type-product","3":"status-publish","5":"product_cat-cocuk-ve-genclik-kitaplari","6":"product_cat-egitici-kitaplar","7":"pa_cilt-ciltsiz","8":"pa_tur-kitap","9":"pa_yayinevi-is-bankasi-kultur-yayinlari","10":"pa_yazar-monika-lange","12":"first","13":"instock","14":"sale","15":"shipping-taxable","16":"purchasable","17":"product-type-simple"},"_links":{"self":[{"href":"https:\/\/roveyayinevi.com.tr\/index.php\/wp-json\/wp\/v2\/product\/740434","targetHints":{"allow":["GET"]}}],"collection":[{"href":"https:\/\/roveyayinevi.com.tr\/index.php\/wp-json\/wp\/v2\/product"}],"about":[{"href":"https:\/\/roveyayinevi.com.tr\/index.php\/wp-json\/wp\/v2\/types\/product"}],"wp:attachment":[{"href":"https:\/\/roveyayinevi.com.tr\/index.php\/wp-json\/wp\/v2\/media?parent=740434"}],"wp:term":[{"taxonomy":"product_brand","embeddable":true,"href":"https:\/\/roveyayinevi.com.tr\/index.php\/wp-json\/wp\/v2\/product_brand?post=740434"},{"taxonomy":"product_cat","embeddable":true,"href":"https:\/\/roveyayinevi.com.tr\/index.php\/wp-json\/wp\/v2\/product_cat?post=740434"},{"taxonomy":"product_tag","embeddable":true,"href":"https:\/\/roveyayinevi.com.tr\/index.php\/wp-json\/wp\/v2\/product_tag?post=740434"}],"curies":[{"name":"wp","href":"https:\/\/api.w.org\/{rel}","templated":true}]}}