{"id":740427,"date":"2025-08-28T00:26:40","date_gmt":"2025-08-27T21:26:40","guid":{"rendered":"https:\/\/roveyayinevi.com.tr\/index.php\/urun\/bugun-yarin-3\/"},"modified":"2026-04-16T02:51:17","modified_gmt":"2026-04-15T23:51:17","slug":"bugun-yarin-3","status":"publish","type":"product","link":"https:\/\/roveyayinevi.com.tr\/index.php\/urun\/bugun-yarin-3\/","title":{"rendered":"Bug\u00fcn Yar\u0131n &#8211; 3"},"content":{"rendered":"<p>Bu kitap bir derlemedir. 2014-2021 y\u0131llar\u0131 aras\u0131nda g\u00fcndeme giren \u00e7e\u015fitli konular hakk\u0131ndaki fikirlerim ve tart\u0131\u015fmalar\u0131n notlar\u0131ndan olu\u015fmu\u015ftur.<\/p>\n","protected":false},"excerpt":{"rendered":"<p>Bu kitap bir derlemedir. 2014-2021 y\u0131llar\u0131 aras\u0131nda g\u00fcndeme giren \u00e7e\u015fitli konular hakk\u0131ndaki fikirlerim ve tart\u0131\u015fmalar\u0131n notlar\u0131ndan olu\u015fmu\u015ftur.<\/p>\n","protected":false},"featured_media":0,"template":"","meta":{"_monsterinsights_skip_tracking":false,"_monsterinsights_sitenote_active":false,"_monsterinsights_sitenote_note":"","_monsterinsights_sitenote_category":0},"product_brand":[],"product_cat":[12291],"product_tag":[],"class_list":{"0":"post-740427","1":"product","2":"type-product","3":"status-publish","5":"product_cat-edebiyat","6":"pa_cilt-ciltsiz","7":"pa_tur-kitap","8":"pa_yayinevi-northern-lights","9":"pa_yazar-burtay-mutlu","11":"first","12":"instock","13":"sale","14":"shipping-taxable","15":"purchasable","16":"product-type-simple"},"_links":{"self":[{"href":"https:\/\/roveyayinevi.com.tr\/index.php\/wp-json\/wp\/v2\/product\/740427","targetHints":{"allow":["GET"]}}],"collection":[{"href":"https:\/\/roveyayinevi.com.tr\/index.php\/wp-json\/wp\/v2\/product"}],"about":[{"href":"https:\/\/roveyayinevi.com.tr\/index.php\/wp-json\/wp\/v2\/types\/product"}],"wp:attachment":[{"href":"https:\/\/roveyayinevi.com.tr\/index.php\/wp-json\/wp\/v2\/media?parent=740427"}],"wp:term":[{"taxonomy":"product_brand","embeddable":true,"href":"https:\/\/roveyayinevi.com.tr\/index.php\/wp-json\/wp\/v2\/product_brand?post=740427"},{"taxonomy":"product_cat","embeddable":true,"href":"https:\/\/roveyayinevi.com.tr\/index.php\/wp-json\/wp\/v2\/product_cat?post=740427"},{"taxonomy":"product_tag","embeddable":true,"href":"https:\/\/roveyayinevi.com.tr\/index.php\/wp-json\/wp\/v2\/product_tag?post=740427"}],"curies":[{"name":"wp","href":"https:\/\/api.w.org\/{rel}","templated":true}]}}