{"id":740410,"date":"2025-08-28T00:26:19","date_gmt":"2025-08-27T21:26:19","guid":{"rendered":"https:\/\/roveyayinevi.com.tr\/index.php\/urun\/kuran-i-kerim-turkce-meali-2\/"},"modified":"2026-03-22T03:04:18","modified_gmt":"2026-03-22T00:04:18","slug":"kuran-i-kerim-turkce-meali-2","status":"publish","type":"product","link":"https:\/\/roveyayinevi.com.tr\/index.php\/urun\/kuran-i-kerim-turkce-meali-2\/","title":{"rendered":"Kuran-\u0131 Kerim T\u00fcrk\u00e7e Meali"},"content":{"rendered":"<p>Kuran\u0131 Kerim Allah taraf\u0131ndan insanl\u0131\u011fa g\u00d6nderilmi\u015f son ilahi kitapt\u0131r. \u0130nsanl\u0131\u011f\u0131 hem d\u00fcnya hem de ahiret hayat\u0131nda mutlulu\u011fa ula\u015ft\u0131rmak i\u00e7in Hz. Muhammede g\u00d6nderilmi\u015ftir. Allah Kurandan \u00d6nce Tevrat, Zebur ve \u0130ncili de ayn\u0131 ama\u00e7larla g\u00d6ndermi\u015ftir. Ancak tarihi olaylar bize g\u00d6stermektedir ki, di\u011fer ilahi kitaplar\u0131n tahrif s\u00fcrecinden sonra son ilahi kitap olarak Kuran g\u00d6nderilmi\u015ftir. Bu a\u00e7\u0131dan Kuran ile di\u011fer ilahi kitaplar ayn\u0131 mesaj\u0131 insanl\u0131\u011fa getirmi\u015flerdir. Sadece zamana ve mekana g\u00d6re de\u011fi\u015fiklikler yap\u0131lm\u0131\u015f, hedeflenen d\u00fcnya ve ahiret mutlulu\u011fu i\u00e7in form\u00fcller sunulmu\u015ftur.Kuran vahiy yoluyla Cebrail taraf\u0131ndan peygamberimize 23 senede nazil olmu\u015ftur. Vahyin 23 y\u0131la yay\u0131lmas\u0131n\u0131n elbette \u00d6nemli bir tak\u0131m hikmetleri vard\u0131r. En \u00d6nemli nedeni ayetlerin hazmedilerek, sindirilerek uygulanmas\u0131n\u0131 sa\u011flamakt\u0131r. Tedrici bir y\u00d6ntemle a\u015fama a\u015fama insanl\u0131\u011fa gelmi\u015f, Hz. Peygamber de nas\u0131l uyguland\u0131\u011f\u0131n\u0131 kendi hayat\u0131nda g\u00d6stermi\u015ftir. Her inen ayeti peygamberimizin vahiy katipleri yaz\u0131yorlard\u0131, ayr\u0131ca peygamberimizin arkada\u015flar\u0131 da o ayetleri ezberliyordu.(Tan\u0131tm B\u00fclteninden)<\/p>\n","protected":false},"excerpt":{"rendered":"<p>Kuran\u0131 Kerim Allah taraf\u0131ndan insanl\u0131\u011fa g\u00d6nderilmi\u015f son ilahi kitapt\u0131r. \u0130nsanl\u0131\u011f\u0131 hem d\u00fcnya hem de ahiret hayat\u0131nda mutlulu\u011fa ula\u015ft\u0131rmak i\u00e7in Hz. Muhammede g\u00d6nderilmi\u015ftir. Allah Kurandan \u00d6nce Tevrat,<span class=\"excerpt-hellip\"> [\u2026]<\/span><\/p>\n","protected":false},"featured_media":0,"template":"","meta":{"_monsterinsights_skip_tracking":false,"_monsterinsights_sitenote_active":false,"_monsterinsights_sitenote_note":"","_monsterinsights_sitenote_category":0},"product_brand":[],"product_cat":[12718],"product_tag":[],"class_list":{"0":"post-740410","1":"product","2":"type-product","3":"status-publish","5":"product_cat-din","6":"pa_cilt-ciltsiz","7":"pa_tur-kitap","8":"pa_yayinevi-northern-lights","9":"pa_yazar-kolektif","11":"first","12":"instock","13":"sale","14":"shipping-taxable","15":"purchasable","16":"product-type-simple"},"_links":{"self":[{"href":"https:\/\/roveyayinevi.com.tr\/index.php\/wp-json\/wp\/v2\/product\/740410","targetHints":{"allow":["GET"]}}],"collection":[{"href":"https:\/\/roveyayinevi.com.tr\/index.php\/wp-json\/wp\/v2\/product"}],"about":[{"href":"https:\/\/roveyayinevi.com.tr\/index.php\/wp-json\/wp\/v2\/types\/product"}],"wp:attachment":[{"href":"https:\/\/roveyayinevi.com.tr\/index.php\/wp-json\/wp\/v2\/media?parent=740410"}],"wp:term":[{"taxonomy":"product_brand","embeddable":true,"href":"https:\/\/roveyayinevi.com.tr\/index.php\/wp-json\/wp\/v2\/product_brand?post=740410"},{"taxonomy":"product_cat","embeddable":true,"href":"https:\/\/roveyayinevi.com.tr\/index.php\/wp-json\/wp\/v2\/product_cat?post=740410"},{"taxonomy":"product_tag","embeddable":true,"href":"https:\/\/roveyayinevi.com.tr\/index.php\/wp-json\/wp\/v2\/product_tag?post=740410"}],"curies":[{"name":"wp","href":"https:\/\/api.w.org\/{rel}","templated":true}]}}