{"id":740398,"date":"2025-08-28T00:26:09","date_gmt":"2025-08-27T21:26:09","guid":{"rendered":"https:\/\/roveyayinevi.com.tr\/index.php\/urun\/alaaddinin-sihirli-lambasi-binbir-gece-masallari-2\/"},"modified":"2026-04-16T02:51:16","modified_gmt":"2026-04-15T23:51:16","slug":"alaaddinin-sihirli-lambasi-binbir-gece-masallari-2","status":"publish","type":"product","link":"https:\/\/roveyayinevi.com.tr\/index.php\/urun\/alaaddinin-sihirli-lambasi-binbir-gece-masallari-2\/","title":{"rendered":"Alaaddin&#8217;in Sihirli Lambas\u0131 &#8211; Binbir Gece Masallar\u0131"},"content":{"rendered":"<p>Sultan ve \u015eehrazat Alaaddinin Sihirli Lambas\u0131 G\u00fclmeyi Unutan Adam Halife G\u00fcl\u00fcyor Yard\u0131msever Berber K\u00fc\u00e7\u00fck Yarg\u0131\u00e7 C\u00fcce ve K\u0131l\u00e7\u0131k Ali Baba ve K\u0131rk Haramiler E\u015fe\u011fe D\u00d6n\u00fc\u015fen Adam(Tan\u0131tm B\u00fclteninden)<\/p>\n","protected":false},"excerpt":{"rendered":"<p>Sultan ve \u015eehrazat Alaaddinin Sihirli Lambas\u0131 G\u00fclmeyi Unutan Adam Halife G\u00fcl\u00fcyor Yard\u0131msever Berber K\u00fc\u00e7\u00fck Yarg\u0131\u00e7 C\u00fcce ve K\u0131l\u00e7\u0131k Ali Baba ve K\u0131rk Haramiler E\u015fe\u011fe D\u00d6n\u00fc\u015fen Adam(Tan\u0131tm<span class=\"excerpt-hellip\"> [\u2026]<\/span><\/p>\n","protected":false},"featured_media":0,"template":"","meta":{"_monsterinsights_skip_tracking":false,"_monsterinsights_sitenote_active":false,"_monsterinsights_sitenote_note":"","_monsterinsights_sitenote_category":0},"product_brand":[],"product_cat":[12274],"product_tag":[],"class_list":{"0":"post-740398","1":"product","2":"type-product","3":"status-publish","5":"product_cat-cocuk-ve-genclik-kitaplari","6":"pa_cilt-ciltsiz","7":"pa_tur-kitap","8":"pa_yayinevi-northern-lights","9":"pa_yazar-kolektif","11":"first","12":"instock","13":"sale","14":"shipping-taxable","15":"purchasable","16":"product-type-simple"},"_links":{"self":[{"href":"https:\/\/roveyayinevi.com.tr\/index.php\/wp-json\/wp\/v2\/product\/740398","targetHints":{"allow":["GET"]}}],"collection":[{"href":"https:\/\/roveyayinevi.com.tr\/index.php\/wp-json\/wp\/v2\/product"}],"about":[{"href":"https:\/\/roveyayinevi.com.tr\/index.php\/wp-json\/wp\/v2\/types\/product"}],"wp:attachment":[{"href":"https:\/\/roveyayinevi.com.tr\/index.php\/wp-json\/wp\/v2\/media?parent=740398"}],"wp:term":[{"taxonomy":"product_brand","embeddable":true,"href":"https:\/\/roveyayinevi.com.tr\/index.php\/wp-json\/wp\/v2\/product_brand?post=740398"},{"taxonomy":"product_cat","embeddable":true,"href":"https:\/\/roveyayinevi.com.tr\/index.php\/wp-json\/wp\/v2\/product_cat?post=740398"},{"taxonomy":"product_tag","embeddable":true,"href":"https:\/\/roveyayinevi.com.tr\/index.php\/wp-json\/wp\/v2\/product_tag?post=740398"}],"curies":[{"name":"wp","href":"https:\/\/api.w.org\/{rel}","templated":true}]}}