{"id":740396,"date":"2025-08-28T00:26:07","date_gmt":"2025-08-27T21:26:07","guid":{"rendered":"https:\/\/roveyayinevi.com.tr\/index.php\/urun\/dunya-birlesirse-savaslar-biter\/"},"modified":"2026-04-16T02:51:16","modified_gmt":"2026-04-15T23:51:16","slug":"dunya-birlesirse-savaslar-biter","status":"publish","type":"product","link":"https:\/\/roveyayinevi.com.tr\/index.php\/urun\/dunya-birlesirse-savaslar-biter\/","title":{"rendered":"D\u00fcnya Birle\u015firse Sava\u015flar Biter"},"content":{"rendered":"<p>Mevcut d\u00fcnya devletler sisteminde (kapitalist, fa\u015fist, kom\u00fcnist) yani rejim her ne olursa olsun, hepsinde de g\u00fcc\u00fc elinde tutanlar, insan ve insanl\u0131\u011f\u0131n geneline kar\u015f\u0131 olup insan-l\u0131k onlar i\u00e7in etinden, s\u00fct\u00fcnden, derisinden veya g\u00fcc\u00fcnden faydaland\u0131klar\u0131 bir hayvan veya bitki t\u00fcr\u00fcnden farks\u0131zd\u0131r. Mevcut rejimlerin geneli belli g\u00fc\u00e7 odaklar\u0131n\u0131n iktidar\u0131 i\u00e7in, halklar\u0131n genelini feda etmeye yani \u00d6l\u00fcm\u00fcne \u00e7al\u0131\u015ft\u0131rmaya, sa-va\u015ft\u0131rmaya, a\u00e7l\u0131k ve idamlarla toplu \u00d6ld\u00fcrmelere haz\u0131rd\u0131r.Bunlar\u0131n g\u00d6z\u00fcnde \u00e7o\u011fu insan\u0131n bir robot kadar, faydaland\u0131\u011f\u0131 bir hayvan kadar bile de\u011feri yoktur. Devletler (ki devlet y\u00d6neten demektir) ve bu y\u00fczden y\u00d6netenler \u015eeytan\u0131, yani k\u00d6t\u00fcl\u00fc\u011f\u00fc temsil etmektedir. Devletlerin y\u00d6netim bi\u00e7imleri her ne olursa olsun, y\u00d6netim davran\u0131\u015flar\u0131 dikkatle incelenirse, iyilik i\u00e7in yap\u0131lanlar\u0131n\u0131n bile geri plan\u0131nda bir \u00e7\u0131kar ve bir k\u00d6t\u00fcl\u00fck vard\u0131r.Feodal, kapital, militar belli bir g\u00fcce dayal\u0131 s\u00d6m\u00fcr\u00fc sis-temlerinde say\u0131ca \u00e7ok k\u00fc\u00e7\u00fck gruplar t\u00fcm g\u00fcc\u00fc ele ge\u00e7irmi\u015fken, b\u00fcy\u00fck \u00e7o\u011funlu\u011fu olu\u015fturan \u00fcretici halk kesimleri k\u00d6le, i\u015f\u00e7i, \u00e7ift\u00e7i gibi \u00e7ok g\u00fc\u00e7s\u00fcz halde olup g\u00fc\u00e7 odaklar\u0131n\u0131n istedi\u011fi do\u011frultuda ya\u015famak zorundad\u0131r. G\u00fcn\u00fcm\u00fczde kapitalizmin i\u00e7inde an\u0131lan bu sistemlerde, y\u00d6netenlerin \u00fcst\u00fcnde bir sermaye s\u0131n\u0131f\u0131 olup bunlar \u00fclke ve k\u00fcresel \u00d6l\u00e7ekte d\u00fcnyaya y\u00d6n vermektedir. Fakat y\u00d6n iyiden g\u00fczelden yana de\u011fil, k\u00d6t\u00fcden ve \u015feytandan yanad\u0131r.<\/p>\n","protected":false},"excerpt":{"rendered":"<p>Mevcut d\u00fcnya devletler sisteminde (kapitalist, fa\u015fist, kom\u00fcnist) yani rejim her ne olursa olsun, hepsinde de g\u00fcc\u00fc elinde tutanlar, insan ve insanl\u0131\u011f\u0131n geneline kar\u015f\u0131 olup insan-l\u0131k onlar<span class=\"excerpt-hellip\"> [\u2026]<\/span><\/p>\n","protected":false},"featured_media":0,"template":"","meta":{"_monsterinsights_skip_tracking":false,"_monsterinsights_sitenote_active":false,"_monsterinsights_sitenote_note":"","_monsterinsights_sitenote_category":0},"product_brand":[],"product_cat":[12291],"product_tag":[],"class_list":{"0":"post-740396","1":"product","2":"type-product","3":"status-publish","5":"product_cat-edebiyat","6":"pa_cilt-ciltsiz","7":"pa_tur-kitap","8":"pa_yayinevi-platanus-publishing","9":"pa_yazar-nazmi-oner","11":"first","12":"instock","13":"sale","14":"shipping-taxable","15":"purchasable","16":"product-type-simple"},"_links":{"self":[{"href":"https:\/\/roveyayinevi.com.tr\/index.php\/wp-json\/wp\/v2\/product\/740396","targetHints":{"allow":["GET"]}}],"collection":[{"href":"https:\/\/roveyayinevi.com.tr\/index.php\/wp-json\/wp\/v2\/product"}],"about":[{"href":"https:\/\/roveyayinevi.com.tr\/index.php\/wp-json\/wp\/v2\/types\/product"}],"wp:attachment":[{"href":"https:\/\/roveyayinevi.com.tr\/index.php\/wp-json\/wp\/v2\/media?parent=740396"}],"wp:term":[{"taxonomy":"product_brand","embeddable":true,"href":"https:\/\/roveyayinevi.com.tr\/index.php\/wp-json\/wp\/v2\/product_brand?post=740396"},{"taxonomy":"product_cat","embeddable":true,"href":"https:\/\/roveyayinevi.com.tr\/index.php\/wp-json\/wp\/v2\/product_cat?post=740396"},{"taxonomy":"product_tag","embeddable":true,"href":"https:\/\/roveyayinevi.com.tr\/index.php\/wp-json\/wp\/v2\/product_tag?post=740396"}],"curies":[{"name":"wp","href":"https:\/\/api.w.org\/{rel}","templated":true}]}}