{"id":740383,"date":"2025-08-28T00:25:55","date_gmt":"2025-08-27T21:25:55","guid":{"rendered":"https:\/\/roveyayinevi.com.tr\/index.php\/urun\/sensizlik-yalnizliktir-ey-nebi\/"},"modified":"2026-04-16T02:51:15","modified_gmt":"2026-04-15T23:51:15","slug":"sensizlik-yalnizliktir-ey-nebi","status":"publish","type":"product","link":"https:\/\/roveyayinevi.com.tr\/index.php\/urun\/sensizlik-yalnizliktir-ey-nebi\/","title":{"rendered":"Sensizlik Yaln\u0131zl\u0131kt\u0131r Ey Nebi"},"content":{"rendered":"<p>Sensizlik Yaln\u0131zl\u0131kt\u0131r Ey Nebi<\/p>\n","protected":false},"excerpt":{"rendered":"<p>Sensizlik Yaln\u0131zl\u0131kt\u0131r Ey Nebi<\/p>\n","protected":false},"featured_media":0,"template":"","meta":{"_monsterinsights_skip_tracking":false,"_monsterinsights_sitenote_active":false,"_monsterinsights_sitenote_note":"","_monsterinsights_sitenote_category":0},"product_brand":[],"product_cat":[12718],"product_tag":[],"class_list":{"0":"post-740383","1":"product","2":"type-product","3":"status-publish","5":"product_cat-din","6":"pa_cilt-ciltsiz","7":"pa_tur-kitap","8":"pa_yayinevi-platanus-publishing","9":"pa_yazar-hafize-sumeyra-isik","11":"first","12":"instock","13":"sale","14":"shipping-taxable","15":"purchasable","16":"product-type-simple"},"_links":{"self":[{"href":"https:\/\/roveyayinevi.com.tr\/index.php\/wp-json\/wp\/v2\/product\/740383","targetHints":{"allow":["GET"]}}],"collection":[{"href":"https:\/\/roveyayinevi.com.tr\/index.php\/wp-json\/wp\/v2\/product"}],"about":[{"href":"https:\/\/roveyayinevi.com.tr\/index.php\/wp-json\/wp\/v2\/types\/product"}],"wp:attachment":[{"href":"https:\/\/roveyayinevi.com.tr\/index.php\/wp-json\/wp\/v2\/media?parent=740383"}],"wp:term":[{"taxonomy":"product_brand","embeddable":true,"href":"https:\/\/roveyayinevi.com.tr\/index.php\/wp-json\/wp\/v2\/product_brand?post=740383"},{"taxonomy":"product_cat","embeddable":true,"href":"https:\/\/roveyayinevi.com.tr\/index.php\/wp-json\/wp\/v2\/product_cat?post=740383"},{"taxonomy":"product_tag","embeddable":true,"href":"https:\/\/roveyayinevi.com.tr\/index.php\/wp-json\/wp\/v2\/product_tag?post=740383"}],"curies":[{"name":"wp","href":"https:\/\/api.w.org\/{rel}","templated":true}]}}