{"id":740376,"date":"2025-08-28T00:25:47","date_gmt":"2025-08-27T21:25:47","guid":{"rendered":"https:\/\/roveyayinevi.com.tr\/index.php\/urun\/bozoklu-genc-miskin\/"},"modified":"2026-04-16T02:51:15","modified_gmt":"2026-04-15T23:51:15","slug":"bozoklu-genc-miskin","status":"publish","type":"product","link":"https:\/\/roveyayinevi.com.tr\/index.php\/urun\/bozoklu-genc-miskin\/","title":{"rendered":"Bozoklu Gen\u00e7-Miskin"},"content":{"rendered":"<p>Ben uyumay\u0131 \u00e7ok seviyorum. Yar\u0131n \u00e7al\u0131\u015fma hayat\u0131m\u0131n ilk g\u00fcn\u00fc olabilir ve bu sebepten dolay\u0131 g\u00fcn\u00fcn erken saatlerinde uyanmak zorunda kalabilirim. Bu durum beni \u00e7ok d\u00fc\u015f\u00fcnd\u00fcr\u00fcyor. Elimde son bir \u015fans\u0131m var. E\u011fer biraz sonra oynayaca\u011f\u0131m bahisleri tutturabilirsem y\u00fcksek bir kazan\u00e7 sa\u011flar\u0131m ve \u00e7al\u0131\u015fmayaca\u011f\u0131m i\u00e7in de g\u00fcn\u00fcn erken saatlerinde uyanmak zorunda kalmam. Piyango d\u00fckkan\u0131n\u0131 ve kahvehaneyi sat\u0131n al\u0131r\u0131m. \u0130\u015fportac\u0131 arkada\u015f\u0131 kahvehaneye, bal\u0131k\u00e7\u0131 arkada\u015flardan birini de piyangocuya ortak ederim. Di\u011fer bal\u0131k\u00e7\u0131 arkada\u015f\u0131 da sahilde a\u00e7aca\u011f\u0131m i\u00e7kili lokantaya ortak ederim. Onlar bu d\u00fckkanlar\u0131 \u00e7al\u0131\u015ft\u0131r\u0131rken bende her zamanki hayat\u0131ma devam eder, ay sonu geldi\u011finde de edinilen karlardan pay\u0131m\u0131 al\u0131r\u0131m. Ayr\u0131ca a\u015fa\u011f\u0131 mahalledeki yeni yap\u0131lan l\u00fcks apartmandan bir kat al\u0131p oraya yerle\u015fece\u011fim. Sevdi\u011fim k\u0131za g\u00d6rkemli bir evlilik teklifi yapaca\u011f\u0131m.<\/p>\n","protected":false},"excerpt":{"rendered":"<p>Ben uyumay\u0131 \u00e7ok seviyorum. Yar\u0131n \u00e7al\u0131\u015fma hayat\u0131m\u0131n ilk g\u00fcn\u00fc olabilir ve bu sebepten dolay\u0131 g\u00fcn\u00fcn erken saatlerinde uyanmak zorunda kalabilirim. Bu durum beni \u00e7ok d\u00fc\u015f\u00fcnd\u00fcr\u00fcyor. Elimde<span class=\"excerpt-hellip\"> [\u2026]<\/span><\/p>\n","protected":false},"featured_media":0,"template":"","meta":{"_monsterinsights_skip_tracking":false,"_monsterinsights_sitenote_active":false,"_monsterinsights_sitenote_note":"","_monsterinsights_sitenote_category":0},"product_brand":[],"product_cat":[12291],"product_tag":[],"class_list":{"0":"post-740376","1":"product","2":"type-product","3":"status-publish","5":"product_cat-edebiyat","6":"pa_cilt-ciltsiz","7":"pa_tur-kitap","8":"pa_yayinevi-platanus-publishing","9":"pa_yazar-yasin-genckol","11":"first","12":"instock","13":"sale","14":"shipping-taxable","15":"purchasable","16":"product-type-simple"},"_links":{"self":[{"href":"https:\/\/roveyayinevi.com.tr\/index.php\/wp-json\/wp\/v2\/product\/740376","targetHints":{"allow":["GET"]}}],"collection":[{"href":"https:\/\/roveyayinevi.com.tr\/index.php\/wp-json\/wp\/v2\/product"}],"about":[{"href":"https:\/\/roveyayinevi.com.tr\/index.php\/wp-json\/wp\/v2\/types\/product"}],"wp:attachment":[{"href":"https:\/\/roveyayinevi.com.tr\/index.php\/wp-json\/wp\/v2\/media?parent=740376"}],"wp:term":[{"taxonomy":"product_brand","embeddable":true,"href":"https:\/\/roveyayinevi.com.tr\/index.php\/wp-json\/wp\/v2\/product_brand?post=740376"},{"taxonomy":"product_cat","embeddable":true,"href":"https:\/\/roveyayinevi.com.tr\/index.php\/wp-json\/wp\/v2\/product_cat?post=740376"},{"taxonomy":"product_tag","embeddable":true,"href":"https:\/\/roveyayinevi.com.tr\/index.php\/wp-json\/wp\/v2\/product_tag?post=740376"}],"curies":[{"name":"wp","href":"https:\/\/api.w.org\/{rel}","templated":true}]}}