{"id":740371,"date":"2025-08-28T00:25:40","date_gmt":"2025-08-27T21:25:40","guid":{"rendered":"https:\/\/roveyayinevi.com.tr\/index.php\/urun\/caspian\/"},"modified":"2026-04-16T02:51:14","modified_gmt":"2026-04-15T23:51:14","slug":"caspian","status":"publish","type":"product","link":"https:\/\/roveyayinevi.com.tr\/index.php\/urun\/caspian\/","title":{"rendered":"Caspian"},"content":{"rendered":"<p>Unutlumu\u015f isimler gibi olmuyor baz\u0131 a\u015fklar. Herkes unutsa da Toprak ve Ya\u011fmur asla unutmuyor bu a\u015fk\u0131. CASPIAN ad\u0131 art\u0131knbsp; hat\u0131rlanmayan, kimine g\u00d6re bir g\u00d6l kimine g\u00d6re bir deniz. \u015eimdi ad\u0131na Hazar denilen ya\u015fatt\u0131\u011f\u0131 a\u015fk kadar b\u00fcy\u00fck bir derya. Hazar\u0131n iki yakas\u0131 bir ba\u015fka co\u011frafya da ba\u015flayan destans\u0131 tarifsiz a\u015fk\u0131. Herkes kendisinden bir par\u00e7ay\u0131nbsp; bulacak CASPIAN da sessizce g\u00d6m\u00fcl\u00fc, gizli ve sakl\u0131.\u00d6l\u00fcm daha yak\u0131n geliyordu ona a\u015f\u0131k olma duygusundan. Asla olmaz dedi\u011fi ne varsa ba\u015f\u0131na gelmi\u015fti bir anda. Yarat\u0131l\u0131\u015f\u0131 bir tanr\u0131\u00e7a kadar g\u00fczeldi, Belkide bir ili\u015fkiyi \u00d6m\u00fcr boyu s\u00fcrd\u00fcremeyecek kadar \u00d6zeldi. Onunla olmak yada onunla \u00d6lmek ikisi de imkans\u0131zd\u0131. Bazen se\u00e7ilmi\u015f olmak yaln\u0131zl\u0131k lanetini birlikte getiriyordu. Sevemeden ve sevilmeden bir \u00d6mr\u00fc bo\u015fu bo\u015funa bitiriyordu.Ya adam olmak nas\u0131l bir duygu? Kibar, nazik, kaba, d\u00fcr\u00fcst, s\u0131r dolu, s\u0131radan ya da kim kendisini nas\u0131l bir kurguya sokacaksa, tan\u0131mlayacaksa \u00d6yle olsun ama bu ba\u015fka bir adamd\u0131. Kaba saba, az konu\u015fan, sert miza\u00e7l\u0131. Taki bir a\u015fk gelip dayan\u0131ncaya kadar kap\u0131s\u0131na. Haberi yokken o yorgun ruhundaki deli taylar gibi yan\u0131p tutu\u015fan duygular\u0131ndan.Hepimiz bir beklentinin i\u00e7inde d\u00d6n\u00fcp duruyoruz. S\u00fcrekli i\u00e7 d\u00fcnyam\u0131z da birs\u00fcr\u00fc hayaller kuruyoruz. Ya birden ger\u00e7ekle\u015firse. Birden kar\u015f\u0131n\u0131zda belirirsenbsp; A\u015eK, NEFRET,AYRILIK, HA\u0130NL\u0130K, \u00d6ZLEM, \u00e7ARES\u0130ZL\u0130K ya hi\u00e7 ummad\u0131\u011f\u0131n\u0131z bir anda yakalan\u0131rsan\u0131z YA\u011eMURa Ya da hi\u00e7 ummad\u0131\u011f\u0131n\u0131z bir anda kar\u0131\u015f\u0131rsan\u0131z TOPRA\u011eA ?nbsp;Haz\u0131r m\u0131s\u0131n\u0131z CASPIAN da ki a\u015fk\u0131 ya\u015famayahellip;<\/p>\n","protected":false},"excerpt":{"rendered":"<p>Unutlumu\u015f isimler gibi olmuyor baz\u0131 a\u015fklar. Herkes unutsa da Toprak ve Ya\u011fmur asla unutmuyor bu a\u015fk\u0131. CASPIAN ad\u0131 art\u0131knbsp; hat\u0131rlanmayan, kimine g\u00d6re bir g\u00d6l kimine g\u00d6re<span class=\"excerpt-hellip\"> [\u2026]<\/span><\/p>\n","protected":false},"featured_media":0,"template":"","meta":{"_monsterinsights_skip_tracking":false,"_monsterinsights_sitenote_active":false,"_monsterinsights_sitenote_note":"","_monsterinsights_sitenote_category":0},"product_brand":[],"product_cat":[12291],"product_tag":[],"class_list":{"0":"post-740371","1":"product","2":"type-product","3":"status-publish","5":"product_cat-edebiyat","6":"pa_cilt-ciltsiz","7":"pa_tur-kitap","8":"pa_yayinevi-platanus-publishing","9":"pa_yazar-yasin-pamuk","11":"first","12":"instock","13":"sale","14":"shipping-taxable","15":"purchasable","16":"product-type-simple"},"_links":{"self":[{"href":"https:\/\/roveyayinevi.com.tr\/index.php\/wp-json\/wp\/v2\/product\/740371","targetHints":{"allow":["GET"]}}],"collection":[{"href":"https:\/\/roveyayinevi.com.tr\/index.php\/wp-json\/wp\/v2\/product"}],"about":[{"href":"https:\/\/roveyayinevi.com.tr\/index.php\/wp-json\/wp\/v2\/types\/product"}],"wp:attachment":[{"href":"https:\/\/roveyayinevi.com.tr\/index.php\/wp-json\/wp\/v2\/media?parent=740371"}],"wp:term":[{"taxonomy":"product_brand","embeddable":true,"href":"https:\/\/roveyayinevi.com.tr\/index.php\/wp-json\/wp\/v2\/product_brand?post=740371"},{"taxonomy":"product_cat","embeddable":true,"href":"https:\/\/roveyayinevi.com.tr\/index.php\/wp-json\/wp\/v2\/product_cat?post=740371"},{"taxonomy":"product_tag","embeddable":true,"href":"https:\/\/roveyayinevi.com.tr\/index.php\/wp-json\/wp\/v2\/product_tag?post=740371"}],"curies":[{"name":"wp","href":"https:\/\/api.w.org\/{rel}","templated":true}]}}