{"id":740369,"date":"2025-08-28T00:25:38","date_gmt":"2025-08-27T21:25:38","guid":{"rendered":"https:\/\/roveyayinevi.com.tr\/index.php\/urun\/fransizlarin-ve-ermenilerin-gaziantep-yoresinde-yaptigi-turk-soykirimi\/"},"modified":"2026-04-16T02:51:14","modified_gmt":"2026-04-15T23:51:14","slug":"fransizlarin-ve-ermenilerin-gaziantep-yoresinde-yaptigi-turk-soykirimi","status":"publish","type":"product","link":"https:\/\/roveyayinevi.com.tr\/index.php\/urun\/fransizlarin-ve-ermenilerin-gaziantep-yoresinde-yaptigi-turk-soykirimi\/","title":{"rendered":"Frans\u0131zlar\u0131n ve Ermenilerin Gaziantep Y\u00f6resinde Yapt\u0131\u011f\u0131 T\u00fcrk Soyk\u0131r\u0131m\u0131"},"content":{"rendered":"<p>Bu kitap 2008 y\u0131l\u0131nda yaz\u0131ld\u0131, ancak \u00e7e\u015fitli nedenle bast\u0131r\u0131lamad\u0131.nbsp;Zengin Ermenilerin ve Ermeni diasporas\u0131n\u0131n T\u00fcrkiye aleyhinde 1915 olaylar\u0131n\u0131 ldquo;soyk\u0131r\u0131mrdquo; olarak niteledi\u011fi ve ldquo;T\u00fcrkiyeye ge\u00e7mi\u015fiyle y\u00fczle\u015ferek tan\u0131mardquo; \u00e7a\u011fr\u0131s\u0131 ve istemi ile etkin propaganda yapmaktalar.nbsp;nbsp; Bu propaganda sonucunda da baz\u0131 \u00fclke parlamentolar\u0131nda Avrupa Parlamentosu (AP) dahil, 2019 y\u0131l\u0131na kadar 29 \u00fclkede ldquo;Ermeni Soyk\u0131r\u0131m\u0131rdquo; i\u00e7in oylama yap\u0131larak kabul ettirildi\u011fi bilinmektedir.Oysa, Birinci D\u00fcnya Sava\u015f\u0131n\u0131n devam etti\u011fi, Osmanl\u0131n\u0131n sava\u015f y\u0131llar\u0131nda, Ermeniler \u00d6zellikle Do\u011fu ve G\u00fcney Do\u011fu B\u00d6lgelerimizde Bat\u0131l\u0131 emperyalist devletlerinin tahrik ve k\u0131\u015fk\u0131rtmalar\u0131 ile, y\u00fczy\u0131llarca birlikte ya\u015fad\u0131klar\u0131 Anadolu insanlar\u0131na, ba\u011fl\u0131 olduklar\u0131 Osmanl\u0131 Devletine kar\u015f\u0131 isyanlara ba\u015flam\u0131\u015flar, her yerde ak\u0131l almaz katliamlar yapm\u0131\u015flard\u0131. \u0130\u015fte bu kitapla amac\u0131m\u0131z, i\u015fgal alt\u0131ndaki Gaziantep y\u00d6resinde Ermenilerin Frans\u0131zlarla birlikte i\u015fgalcileri ile yapt\u0131klar\u0131 soyk\u0131r\u0131mlar\u0131 tespit edebildi\u011fimiz oranda anlatmakt\u0131r.Ayr\u0131ca Ermeniler, T\u00fcrkiyenin Do\u011fu ve G\u00fcneydo\u011fu illerine ldquo;Bat\u0131 Ermenistanrdquo; diyerek sahiplenmekteler ve bu do\u011frultuda etkin yay\u0131n yapmaktalar. \u00d6yle ki, bu b\u00d6lgemizdeki ki\u015filere pasaport vermekten tutun da o b\u00d6lgeden g\u00d6\u00e7 eden Ermeniler i\u00e7in n\u00fcfus envanteri yapmaya kadar yay\u0131n ve propondalar\u0131n\u0131 s\u00fcrd\u00fcrmekteler, o b\u00d6lge i\u00e7in ba\u015fbakan bile atam\u0131\u015flar ve internetten bu do\u011frultuda yay\u0131nlar yapmaktalar. Bir arama motorundan ldquo;Bat\u0131 Ermenistanrdquo; diye yazd\u0131\u011f\u0131n\u0131z zaman T\u00fcrk topraklar\u0131n\u0131 i\u00e7ine alan haritalar\u0131n\u0131 ve bu yay\u0131nlar\u0131n\u0131 g\u00d6rebilirsiniz.Bu yay\u0131n, propaganda, ldquo;soy k\u0131r\u0131m\u0131rdquo; kabul ettirme \u00e7abalar\u0131 ile ileride T\u00fcrkiyenin ba\u015f\u0131n\u0131 a\u011fr\u0131tacaklar\u0131 g\u00d6r\u00fclmektedir. Bu nedenle T\u00fcrkiye de kar\u015f\u0131t yay\u0131n ve propogandalarla hakl\u0131l\u0131\u011f\u0131n\u0131, Ermenilerin sald\u0131rganl\u0131\u011f\u0131n\u0131, katliam yapt\u0131klar\u0131n\u0131 d\u00fcnyaya yaymak i\u00e7in etkin bir yay\u0131n \u00e7abas\u0131 i\u00e7inde olmal\u0131 ve bu t\u00fcr yay\u0131nlar\u0131 desteklemelidir. Bu ba\u011flamda Ermenilerin propagandalar\u0131na kar\u015f\u0131, yapt\u0131klar\u0131 katliamlar\u0131 Gaziantep y\u00d6resinde inceleme yaparak olu\u015fturdu\u011fumuz bu kitab\u0131n bas\u0131lmas\u0131 i\u00e7in K\u00fclt\u00fcr Bakanl\u0131\u011f\u0131 ve Milli E\u011fitim Yay\u0131nlar Daire Ba\u015fkanl\u0131klar\u0131 ve D\u0131\u015f \u0130\u015fleri Bakanl\u0131\u011f\u0131na ba\u015fvurarak kurumlar\u0131nca yay\u0131nlanmas\u0131n\u0131 istedik. Ne yaz\u0131k ki ldquo;\u00d6denek yokrdquo; yan\u0131t\u0131 ile olumsuz yan\u0131t ald\u0131k.<\/p>\n","protected":false},"excerpt":{"rendered":"<p>Bu kitap 2008 y\u0131l\u0131nda yaz\u0131ld\u0131, ancak \u00e7e\u015fitli nedenle bast\u0131r\u0131lamad\u0131.nbsp;Zengin Ermenilerin ve Ermeni diasporas\u0131n\u0131n T\u00fcrkiye aleyhinde 1915 olaylar\u0131n\u0131 ldquo;soyk\u0131r\u0131mrdquo; olarak niteledi\u011fi ve ldquo;T\u00fcrkiyeye ge\u00e7mi\u015fiyle y\u00fczle\u015ferek tan\u0131mardquo; \u00e7a\u011fr\u0131s\u0131<span class=\"excerpt-hellip\"> [\u2026]<\/span><\/p>\n","protected":false},"featured_media":0,"template":"","meta":{"_monsterinsights_skip_tracking":false,"_monsterinsights_sitenote_active":false,"_monsterinsights_sitenote_note":"","_monsterinsights_sitenote_category":0},"product_brand":[],"product_cat":[12304],"product_tag":[],"class_list":{"0":"post-740369","1":"product","2":"type-product","3":"status-publish","5":"product_cat-tarih","6":"pa_cilt-ciltsiz","7":"pa_tur-kitap","8":"pa_yayinevi-platanus-publishing","9":"pa_yazar-cevat-kulaksiz","11":"first","12":"instock","13":"sale","14":"shipping-taxable","15":"purchasable","16":"product-type-simple"},"_links":{"self":[{"href":"https:\/\/roveyayinevi.com.tr\/index.php\/wp-json\/wp\/v2\/product\/740369","targetHints":{"allow":["GET"]}}],"collection":[{"href":"https:\/\/roveyayinevi.com.tr\/index.php\/wp-json\/wp\/v2\/product"}],"about":[{"href":"https:\/\/roveyayinevi.com.tr\/index.php\/wp-json\/wp\/v2\/types\/product"}],"wp:attachment":[{"href":"https:\/\/roveyayinevi.com.tr\/index.php\/wp-json\/wp\/v2\/media?parent=740369"}],"wp:term":[{"taxonomy":"product_brand","embeddable":true,"href":"https:\/\/roveyayinevi.com.tr\/index.php\/wp-json\/wp\/v2\/product_brand?post=740369"},{"taxonomy":"product_cat","embeddable":true,"href":"https:\/\/roveyayinevi.com.tr\/index.php\/wp-json\/wp\/v2\/product_cat?post=740369"},{"taxonomy":"product_tag","embeddable":true,"href":"https:\/\/roveyayinevi.com.tr\/index.php\/wp-json\/wp\/v2\/product_tag?post=740369"}],"curies":[{"name":"wp","href":"https:\/\/api.w.org\/{rel}","templated":true}]}}