{"id":740367,"date":"2025-08-28T00:25:35","date_gmt":"2025-08-27T21:25:35","guid":{"rendered":"https:\/\/roveyayinevi.com.tr\/index.php\/urun\/egenin-bir-sahil-kasabasinda-emeklilik\/"},"modified":"2026-04-16T02:51:14","modified_gmt":"2026-04-15T23:51:14","slug":"egenin-bir-sahil-kasabasinda-emeklilik","status":"publish","type":"product","link":"https:\/\/roveyayinevi.com.tr\/index.php\/urun\/egenin-bir-sahil-kasabasinda-emeklilik\/","title":{"rendered":"Ege&#8217;nin Bir Sahil Kasabas\u0131nda Emeklilik"},"content":{"rendered":"<p>Bir ziraat y\u00fcksek m\u00fchendisi olan yazar, i\u00e7inde \u015fah\u0131slar\u0131n bulundu\u011fu ve olaylar\u0131n geli\u015fti\u011fi bir roman yazmakla birlikte esas olarak toplumsal tespitler ve tenkitlerde bulunmu\u015ftur.2 \u00e7ocuklar\u0131ndan H\u00fclya \u00fcniversitede, k\u00fc\u00e7\u00fck olan Okan ise lisede okumaktad\u0131r.(Okumak demekten ziyade baz\u0131 konular\u0131 ezberlemekte, yabanc\u0131 dili ise hi\u00e7 \u00d6\u011frenememekte demek daha do\u011fru olur. Zira \u00d6\u011frenci olduklar\u0131 okullarda \u00d6\u011frenme; i\u00e7selle\u015ftirme ve fikir y\u00fcr\u00fctmeye dayanan konularda \u00d6\u011fretim genellikle ezbere dayal\u0131d\u0131r. Ezber, tekrar ve pratik ile \u00d6\u011frenilen yabanc\u0131 dil ise dilbilgisi kurallar\u0131n\u0131 \u00d6\u011fretme \u015feklinde uygulanmaktad\u0131r. Bu nedenle lise bitirinceye kadar birka\u00e7 y\u0131l yabanc\u0131 dil \u00d6\u011frenen \u00e7ocuklar\u0131n dil seviyeleri genellikle lsquo;anl\u0131yorum ama konu\u015fam\u0131yorum seviyesindedir)rdquo;.<\/p>\n","protected":false},"excerpt":{"rendered":"<p>Bir ziraat y\u00fcksek m\u00fchendisi olan yazar, i\u00e7inde \u015fah\u0131slar\u0131n bulundu\u011fu ve olaylar\u0131n geli\u015fti\u011fi bir roman yazmakla birlikte esas olarak toplumsal tespitler ve tenkitlerde bulunmu\u015ftur.2 \u00e7ocuklar\u0131ndan H\u00fclya \u00fcniversitede,<span class=\"excerpt-hellip\"> [\u2026]<\/span><\/p>\n","protected":false},"featured_media":0,"template":"","meta":{"_monsterinsights_skip_tracking":false,"_monsterinsights_sitenote_active":false,"_monsterinsights_sitenote_note":"","_monsterinsights_sitenote_category":0},"product_brand":[],"product_cat":[12291],"product_tag":[],"class_list":{"0":"post-740367","1":"product","2":"type-product","3":"status-publish","5":"product_cat-edebiyat","6":"pa_cilt-ciltsiz","7":"pa_tur-kitap","8":"pa_yayinevi-platanus-publishing","9":"pa_yazar-aydin-sener","11":"first","12":"instock","13":"sale","14":"shipping-taxable","15":"purchasable","16":"product-type-simple"},"_links":{"self":[{"href":"https:\/\/roveyayinevi.com.tr\/index.php\/wp-json\/wp\/v2\/product\/740367","targetHints":{"allow":["GET"]}}],"collection":[{"href":"https:\/\/roveyayinevi.com.tr\/index.php\/wp-json\/wp\/v2\/product"}],"about":[{"href":"https:\/\/roveyayinevi.com.tr\/index.php\/wp-json\/wp\/v2\/types\/product"}],"wp:attachment":[{"href":"https:\/\/roveyayinevi.com.tr\/index.php\/wp-json\/wp\/v2\/media?parent=740367"}],"wp:term":[{"taxonomy":"product_brand","embeddable":true,"href":"https:\/\/roveyayinevi.com.tr\/index.php\/wp-json\/wp\/v2\/product_brand?post=740367"},{"taxonomy":"product_cat","embeddable":true,"href":"https:\/\/roveyayinevi.com.tr\/index.php\/wp-json\/wp\/v2\/product_cat?post=740367"},{"taxonomy":"product_tag","embeddable":true,"href":"https:\/\/roveyayinevi.com.tr\/index.php\/wp-json\/wp\/v2\/product_tag?post=740367"}],"curies":[{"name":"wp","href":"https:\/\/api.w.org\/{rel}","templated":true}]}}