{"id":740366,"date":"2025-08-28T00:25:34","date_gmt":"2025-08-27T21:25:34","guid":{"rendered":"https:\/\/roveyayinevi.com.tr\/index.php\/urun\/amerika-birlesik-devletleri-bagimsizlik-bildirgesi\/"},"modified":"2026-04-16T02:51:14","modified_gmt":"2026-04-15T23:51:14","slug":"amerika-birlesik-devletleri-bagimsizlik-bildirgesi","status":"publish","type":"product","link":"https:\/\/roveyayinevi.com.tr\/index.php\/urun\/amerika-birlesik-devletleri-bagimsizlik-bildirgesi\/","title":{"rendered":"Amerika Birle\u015fik Devletleri Ba\u011f\u0131ms\u0131zl\u0131k Bildirgesi"},"content":{"rendered":"<p>\u0130nsanlar\u0131n yas\u0327am su\u0308rec\u0327leri i\u00e7inde, onlar\u0131 bir bas\u0327ka halka bag\u0306layan siyasi kurumlar\u0131 h\u00fck\u00fcms\u00fcz k\u0131lmak gerektig\u0306i ve du\u0308nyan\u0131n gu\u0308c\u0327lerinin, dog\u0306a kanunlar\u0131n\u0131n ve dog\u0306an\u0131n ilahi du\u0308zeninin onlara verdig\u0306i hak ile farkl\u0131 statu\u0308lere sahip olduklar\u0131 halde es\u0327it bir mevkiye sahip olduklar\u0131 takdirde, u\u0308retilen fikirleri sayg\u0131 c\u0327erc\u0327evesinde ele alarak toplumu fikir ayr\u0131l\u0131g\u0306\u0131na iten gerekc\u0327eleri beyan etmeleri zorunludur. Bahsi gec\u0327en gerc\u0327eklerin a\u00e7\u0131k\u00e7a ortada oldug\u0306unu, her insan\u0131n es\u0327it yarat\u0131ld\u0131g\u0306\u0131n\u0131, Tanr\u0131n\u0131n kendilerine kesin ve inkar edilemez baz\u0131 haklar bahs\u0327ettig\u0306ini; bunlar\u0131n aras\u0131nda yas\u0327ama, o\u0308zgu\u0308rlu\u0308k ve mutlu olma gibi haklar\u0131n da var oldug\u0306u fikrini benimsiyoruz. Bu so\u0308z konusu haklar\u0131 gu\u0308vence alt\u0131na almak amac\u0131yla insanlar\u0131n kendi aralar\u0131nda yo\u0308netimler kurmalar\u0131; bu yo\u0308netimlerin ise gerc\u0327ek gu\u0308c\u0327lerini, yo\u0308netilenlerin yo\u0308netenlere go\u0308sterdikleri r\u0131zadan almalar\u0131 nedeniyle herhangi bir y\u00d6netim s\u0327ekli, bu amac\u0327lara ulas\u0327ma konusunda ayak diretmeye bas\u0327lad\u0131g\u0306\u0131nda bo\u0308yle bir yo\u0308netimi deg\u0306is\u0327tirmek ya da h\u00fck\u00fcms\u00fcz k\u0131lmak, yerine yeni bir y\u00d6netim \u015fekli kurmak ve bu yeni kurulan y\u00d6netimin yetkilerini ve u\u0308zerine kuruldug\u0306u temelleri, gu\u0308venliklerini ve mutluluklar\u0131n\u0131 sag\u0306layacag\u0306\u0131na en c\u0327ok inand\u0131klar\u0131 \u015fekilde du\u0308zenlemek ve ins\u0327a etmek halk\u0131n hakk\u0131d\u0131r.<\/p>\n","protected":false},"excerpt":{"rendered":"<p>\u0130nsanlar\u0131n yas\u0327am su\u0308rec\u0327leri i\u00e7inde, onlar\u0131 bir bas\u0327ka halka bag\u0306layan siyasi kurumlar\u0131 h\u00fck\u00fcms\u00fcz k\u0131lmak gerektig\u0306i ve du\u0308nyan\u0131n gu\u0308c\u0327lerinin, dog\u0306a kanunlar\u0131n\u0131n ve dog\u0306an\u0131n ilahi du\u0308zeninin onlara verdig\u0306i hak<span class=\"excerpt-hellip\"> [\u2026]<\/span><\/p>\n","protected":false},"featured_media":0,"template":"","meta":{"_monsterinsights_skip_tracking":false,"_monsterinsights_sitenote_active":false,"_monsterinsights_sitenote_note":"","_monsterinsights_sitenote_category":0},"product_brand":[],"product_cat":[12304],"product_tag":[],"class_list":{"0":"post-740366","1":"product","2":"type-product","3":"status-publish","5":"product_cat-tarih","6":"pa_cilt-ciltsiz","7":"pa_tur-kitap","8":"pa_yayinevi-platanus-publishing","9":"pa_yazar-thomas-jefferson","11":"first","12":"instock","13":"sale","14":"shipping-taxable","15":"purchasable","16":"product-type-simple"},"_links":{"self":[{"href":"https:\/\/roveyayinevi.com.tr\/index.php\/wp-json\/wp\/v2\/product\/740366","targetHints":{"allow":["GET"]}}],"collection":[{"href":"https:\/\/roveyayinevi.com.tr\/index.php\/wp-json\/wp\/v2\/product"}],"about":[{"href":"https:\/\/roveyayinevi.com.tr\/index.php\/wp-json\/wp\/v2\/types\/product"}],"wp:attachment":[{"href":"https:\/\/roveyayinevi.com.tr\/index.php\/wp-json\/wp\/v2\/media?parent=740366"}],"wp:term":[{"taxonomy":"product_brand","embeddable":true,"href":"https:\/\/roveyayinevi.com.tr\/index.php\/wp-json\/wp\/v2\/product_brand?post=740366"},{"taxonomy":"product_cat","embeddable":true,"href":"https:\/\/roveyayinevi.com.tr\/index.php\/wp-json\/wp\/v2\/product_cat?post=740366"},{"taxonomy":"product_tag","embeddable":true,"href":"https:\/\/roveyayinevi.com.tr\/index.php\/wp-json\/wp\/v2\/product_tag?post=740366"}],"curies":[{"name":"wp","href":"https:\/\/api.w.org\/{rel}","templated":true}]}}