{"id":740358,"date":"2025-08-28T00:25:26","date_gmt":"2025-08-27T21:25:26","guid":{"rendered":"https:\/\/roveyayinevi.com.tr\/index.php\/urun\/sanri-ve-dus\/"},"modified":"2026-04-16T02:51:14","modified_gmt":"2026-04-15T23:51:14","slug":"sanri-ve-dus","status":"publish","type":"product","link":"https:\/\/roveyayinevi.com.tr\/index.php\/urun\/sanri-ve-dus\/","title":{"rendered":"Sanr\u0131 ve D\u00fc\u015f"},"content":{"rendered":"<p>Jensen Gradivadaki Yan\u0131lsama ve R\u00fcya, 1907 y\u0131l\u0131nda Sigmund Freud taraf\u0131ndan, Wilhelm Jensen ve \u00d6zellikle kahraman\u0131 Gradiva adl\u0131 roman\u0131 psikanalize tabi tutan bir denemedir.<\/p>\n","protected":false},"excerpt":{"rendered":"<p>Jensen Gradivadaki Yan\u0131lsama ve R\u00fcya, 1907 y\u0131l\u0131nda Sigmund Freud taraf\u0131ndan, Wilhelm Jensen ve \u00d6zellikle kahraman\u0131 Gradiva adl\u0131 roman\u0131 psikanalize tabi tutan bir denemedir.<\/p>\n","protected":false},"featured_media":0,"template":"","meta":{"_monsterinsights_skip_tracking":false,"_monsterinsights_sitenote_active":false,"_monsterinsights_sitenote_note":"","_monsterinsights_sitenote_category":0},"product_brand":[],"product_cat":[12357],"product_tag":[],"class_list":{"0":"post-740358","1":"product","2":"type-product","3":"status-publish","5":"product_cat-psikoloji","6":"pa_cilt-ciltsiz","7":"pa_tur-kitap","8":"pa_yayinevi-platanus-publishing","9":"pa_yazar-sigmund-freud","11":"first","12":"instock","13":"sale","14":"shipping-taxable","15":"purchasable","16":"product-type-simple"},"_links":{"self":[{"href":"https:\/\/roveyayinevi.com.tr\/index.php\/wp-json\/wp\/v2\/product\/740358","targetHints":{"allow":["GET"]}}],"collection":[{"href":"https:\/\/roveyayinevi.com.tr\/index.php\/wp-json\/wp\/v2\/product"}],"about":[{"href":"https:\/\/roveyayinevi.com.tr\/index.php\/wp-json\/wp\/v2\/types\/product"}],"wp:attachment":[{"href":"https:\/\/roveyayinevi.com.tr\/index.php\/wp-json\/wp\/v2\/media?parent=740358"}],"wp:term":[{"taxonomy":"product_brand","embeddable":true,"href":"https:\/\/roveyayinevi.com.tr\/index.php\/wp-json\/wp\/v2\/product_brand?post=740358"},{"taxonomy":"product_cat","embeddable":true,"href":"https:\/\/roveyayinevi.com.tr\/index.php\/wp-json\/wp\/v2\/product_cat?post=740358"},{"taxonomy":"product_tag","embeddable":true,"href":"https:\/\/roveyayinevi.com.tr\/index.php\/wp-json\/wp\/v2\/product_tag?post=740358"}],"curies":[{"name":"wp","href":"https:\/\/api.w.org\/{rel}","templated":true}]}}