{"id":740350,"date":"2025-08-28T00:25:16","date_gmt":"2025-08-27T21:25:16","guid":{"rendered":"https:\/\/roveyayinevi.com.tr\/index.php\/urun\/bir-kalbin-ulkesi\/"},"modified":"2026-04-16T02:51:14","modified_gmt":"2026-04-15T23:51:14","slug":"bir-kalbin-ulkesi","status":"publish","type":"product","link":"https:\/\/roveyayinevi.com.tr\/index.php\/urun\/bir-kalbin-ulkesi\/","title":{"rendered":"Bir Kalbin \u00dclkesi"},"content":{"rendered":"<p>Herkesin kalbinde zaman zaman depremler olan, sava\u015flar \u00e7\u0131kan, kendi i\u00e7inde politik karga\u015falar meydana gelen, g\u00d6\u00e7 alan, g\u00d6\u00e7 eden, bir \u00fclkesi vard\u0131r. T\u00fcm bu olaylar\u0131 yat\u0131\u015ft\u0131rmak i\u00e7in bir y\u00d6neticiye ihtiya\u00e7 olsa da, insano\u011flunun kalbine s\u00d6z ge\u00e7iremedi\u011fi a\u015fikarhellip; Bundan m\u00fctevellit bazen depremler, sava\u015flar ve yukar\u0131da bahsi ge\u00e7en t\u00fcm olaylar geliyorum dese de ki\u015finin buna kar\u015f\u0131 koymas\u0131 m\u00fcmk\u00fcn de\u011fildir. \u00e7\u00fcnk\u00fc buyru\u011fu veren kalp, dilin b\u00fct\u00fcn i\u015flevselli\u011fini yok etmi\u015ftir. Bu t\u00fcr kar\u015f\u0131 konulamaz olaylar kar\u015f\u0131s\u0131nda insan i\u00e7ini d\u00d6kecek bir yer aray\u0131\u015f\u0131na girer. Kimisi bir insana, kimisi bir kediye, bir k\u00d6pe\u011fe, bir ta\u015fa ya da bir ka\u011f\u0131da anlat\u0131r.Hissiyat gem vurulamayacak bir ger\u00e7ekliktir. Ne yap\u0131l\u0131rsa yap\u0131ls\u0131n, kim ne derse desin; insan bir s\u00fcreden sonra hissettiklerini i\u00e7inden d\u0131\u015f\u0131na g\u00d6stermek zorundad\u0131r. Kimse kalbini de\u015fen, uykular\u0131n\u0131 ka\u00e7\u0131ran hissizlikleri veya y\u00fcz\u00fcnde beliren tebess\u00fcm\u00fc, midesinde u\u00e7u\u015fan kelebekleri sonsuza dek i\u00e7inde bar\u0131nd\u0131ramaz. \u0130\u015fte burada da kalbin h\u00fckmetti\u011fi dil, kalbe h\u00fck\u00fcm vermeye ba\u015flar. Tam bu noktada baz\u0131 \u015feyler yeniden a\u015final\u0131k kazan\u0131r.G\u00fcn\u00fcm\u00fcz \u015fartlar\u0131nda insana dert yanmak, kendini bilerek bir ate\u015fin i\u00e7ine atmakt\u0131r. Bilirsiniz ki, g\u00fcvenip i\u00e7inizi d\u00d6kt\u00fc\u011f\u00fcn\u00fcz o insan, d\u00d6kt\u00fcklerinizi kara bir yel gibi etrafa da\u011f\u0131t\u0131r. Da\u011f\u0131lan b\u00fct\u00fcn i\u00e7 k\u0131r\u0131kl\u0131klar\u0131n\u0131 toplamak yine size d\u00fc\u015fer. Bir dertten bir dert daha do\u011far b\u00d6ylelikle. Hayvanlara anlatmak insanlara anlatmaktan dahi cazip gelir insana. \u00e7\u00fcnk\u00fc anlat\u0131lan her \u015feyin ikinizin aras\u0131nda kalaca\u011f\u0131na \u015f\u00fcpheniz kalmaz. Fakat bu hususta \u00d6nemli olan bir bulguda \u015fudur ki; hayvanlar kendilerini hi\u00e7 g\u00d6rmeyen, kendilerine eziyet eden insanlar\u0131n dertlerini dinleyecek kadar bahts\u0131z olmamal\u0131d\u0131r. Geriye kalan bir di\u011fer se\u00e7enek ise ka\u011f\u0131tlara anlatmakt\u0131r. Bu en g\u00fcvenilir yoldur.Bir Kalbin \u00fclkesirdquo; adl\u0131 bu kitap biraz da yukar\u0131da s\u00d6ylemi\u015f bulundu\u011fum durumlardan meydana gelmi\u015ftir. \u0130\u00e7imde ta\u015fan okyanuslar ve kimseye anlatamaman\u0131n bana bah\u015fetti\u011fi hissizli\u011fin dayan\u0131lmaz \u00e7aresizli\u011fi bu kitapta yer alan \u015fiirleri kaleme almam\u0131 sa\u011flad\u0131. Her sat\u0131r\u0131nda biraz g\u00d6zya\u015f\u0131, biraz dizginlenemeyen duygular\u0131n karamsarl\u0131\u011f\u0131 var. Siz de\u011ferli okuyucular\u0131m\u0131 \u00e7ok yormamak ad\u0131na a\u00e7\u0131k ve sade bir yaz\u0131 tarz\u0131 kullanmaya \u00e7aba g\u00d6sterdim. Umar\u0131m kimseye anlatamad\u0131\u011f\u0131n\u0131z o hissizliklerinize, s\u00d6ylemek i\u00e7in \u00e7\u0131rp\u0131nd\u0131\u011f\u0131n\u0131z ama bir t\u00fcrl\u00fc dile getiremedi\u011finiz, i\u00e7inizde ukde kalan o son s\u00d6zlerinize terc\u00fcman olabilmi\u015fimdir. Keyifli okumalar!<\/p>\n","protected":false},"excerpt":{"rendered":"<p>Herkesin kalbinde zaman zaman depremler olan, sava\u015flar \u00e7\u0131kan, kendi i\u00e7inde politik karga\u015falar meydana gelen, g\u00d6\u00e7 alan, g\u00d6\u00e7 eden, bir \u00fclkesi vard\u0131r. T\u00fcm bu olaylar\u0131 yat\u0131\u015ft\u0131rmak i\u00e7in<span class=\"excerpt-hellip\"> [\u2026]<\/span><\/p>\n","protected":false},"featured_media":0,"template":"","meta":{"_monsterinsights_skip_tracking":false,"_monsterinsights_sitenote_active":false,"_monsterinsights_sitenote_note":"","_monsterinsights_sitenote_category":0},"product_brand":[],"product_cat":[12291],"product_tag":[],"class_list":{"0":"post-740350","1":"product","2":"type-product","3":"status-publish","5":"product_cat-edebiyat","6":"pa_cilt-ciltsiz","7":"pa_tur-kitap","8":"pa_yayinevi-platanus-publishing","9":"pa_yazar-cihan-pirbudak","11":"first","12":"instock","13":"sale","14":"shipping-taxable","15":"purchasable","16":"product-type-simple"},"_links":{"self":[{"href":"https:\/\/roveyayinevi.com.tr\/index.php\/wp-json\/wp\/v2\/product\/740350","targetHints":{"allow":["GET"]}}],"collection":[{"href":"https:\/\/roveyayinevi.com.tr\/index.php\/wp-json\/wp\/v2\/product"}],"about":[{"href":"https:\/\/roveyayinevi.com.tr\/index.php\/wp-json\/wp\/v2\/types\/product"}],"wp:attachment":[{"href":"https:\/\/roveyayinevi.com.tr\/index.php\/wp-json\/wp\/v2\/media?parent=740350"}],"wp:term":[{"taxonomy":"product_brand","embeddable":true,"href":"https:\/\/roveyayinevi.com.tr\/index.php\/wp-json\/wp\/v2\/product_brand?post=740350"},{"taxonomy":"product_cat","embeddable":true,"href":"https:\/\/roveyayinevi.com.tr\/index.php\/wp-json\/wp\/v2\/product_cat?post=740350"},{"taxonomy":"product_tag","embeddable":true,"href":"https:\/\/roveyayinevi.com.tr\/index.php\/wp-json\/wp\/v2\/product_tag?post=740350"}],"curies":[{"name":"wp","href":"https:\/\/api.w.org\/{rel}","templated":true}]}}