{"id":740339,"date":"2025-08-28T00:25:02","date_gmt":"2025-08-27T21:25:02","guid":{"rendered":"https:\/\/roveyayinevi.com.tr\/index.php\/urun\/7-nokta\/"},"modified":"2026-04-16T02:51:13","modified_gmt":"2026-04-15T23:51:13","slug":"7-nokta","status":"publish","type":"product","link":"https:\/\/roveyayinevi.com.tr\/index.php\/urun\/7-nokta\/","title":{"rendered":"7 Nokta"},"content":{"rendered":"<p>T\u00fcrkiyenin ya\u015fayaca\u011f\u0131 \u00d6ng\u00d6r\u00fclen b\u00fcy\u00fck felaket \u0130stanbul depremi \u00d6ncesi; \u00fclkemiz do\u011fru ekonomik model ile y\u00d6netilebilir ise felaketin herkes i\u00e7in en az hasarla atlat\u0131labilece\u011fini hepimiz bilmeliyiz. Aksi taktirde; yakla\u015fmakta olan bu b\u00fcy\u00fck felaketin \u00fclkemizi asgari 30 y\u0131l boyunca u\u011fra\u015ft\u0131racak sanc\u0131l\u0131 bir s\u00fcrecin i\u00e7ine s\u00fcr\u00fckleyece\u011fini bir\u00e7ok ki\u015fi ile birlikte g\u00d6r\u00fcyorum. \u00fclkemizde bir\u00e7ok bilim insan\u0131 uyar\u0131s\u0131n\u0131 yap\u0131yor ama sonu\u00e7 olarak b\u00fcy\u00fck depremden \u00d6nce ne yap\u0131laca\u011f\u0131n\u0131 kimse anlatm\u0131yor.\u00e7\u00fcnk\u00fc al\u0131nacak \u00d6nlemlerin; zaman, finans, kanun y\u00d6n\u00fcnden imkans\u0131z oldu\u011fu d\u00fc\u015f\u00fcn\u00fcl\u00fcyor. T\u00fcm \u00fclke y\u00d6netimi zamana oynuyor. Tabir do\u011fru ise, bu b\u00fcy\u00fck bomba hangi zamanda, hangi siyasi iktidar\u0131n elinde patlayacak diye yaz\u0131\/ tura at\u0131l\u0131yor.Farkl\u0131 bilim dallar\u0131ndaki verileri analiz ederek bir modelleme ortaya \u00e7\u0131kard\u0131m. Burada amac\u0131m bilimsel bir makale yazmak de\u011fildir; bundan \u00d6te insanlar\u0131m\u0131z\u0131 uyarabilmektir. Yazd\u0131klar\u0131m\u0131n g\u00d6rsel haf\u0131zada da etkin olabilmesi i\u00e7in karikat\u00fcr sanat\u0131 ile g\u00fc\u00e7lendirip kitab\u0131ma ekledim. Esas ama\u00e7; analiz-kurgu-g\u00d6rsel haf\u0131za \u00e7al\u0131\u015ft\u0131r\u0131larak uyar\u0131n\u0131n her d\u00fczeydeki okuyucuya kolayl\u0131kla anlat\u0131labilmesidir.<\/p>\n","protected":false},"excerpt":{"rendered":"<p>T\u00fcrkiyenin ya\u015fayaca\u011f\u0131 \u00d6ng\u00d6r\u00fclen b\u00fcy\u00fck felaket \u0130stanbul depremi \u00d6ncesi; \u00fclkemiz do\u011fru ekonomik model ile y\u00d6netilebilir ise felaketin herkes i\u00e7in en az hasarla atlat\u0131labilece\u011fini hepimiz bilmeliyiz. Aksi taktirde;<span class=\"excerpt-hellip\"> [\u2026]<\/span><\/p>\n","protected":false},"featured_media":0,"template":"","meta":{"_monsterinsights_skip_tracking":false,"_monsterinsights_sitenote_active":false,"_monsterinsights_sitenote_note":"","_monsterinsights_sitenote_category":0},"product_brand":[],"product_cat":[13005],"product_tag":[],"class_list":{"0":"post-740339","1":"product","2":"type-product","3":"status-publish","5":"product_cat-bilim-muhendislik","6":"pa_cilt-ciltsiz","7":"pa_tur-kitap","8":"pa_yayinevi-platanus-publishing","9":"pa_yazar-sinan-ozdemir","11":"first","12":"instock","13":"sale","14":"shipping-taxable","15":"purchasable","16":"product-type-simple"},"_links":{"self":[{"href":"https:\/\/roveyayinevi.com.tr\/index.php\/wp-json\/wp\/v2\/product\/740339","targetHints":{"allow":["GET"]}}],"collection":[{"href":"https:\/\/roveyayinevi.com.tr\/index.php\/wp-json\/wp\/v2\/product"}],"about":[{"href":"https:\/\/roveyayinevi.com.tr\/index.php\/wp-json\/wp\/v2\/types\/product"}],"wp:attachment":[{"href":"https:\/\/roveyayinevi.com.tr\/index.php\/wp-json\/wp\/v2\/media?parent=740339"}],"wp:term":[{"taxonomy":"product_brand","embeddable":true,"href":"https:\/\/roveyayinevi.com.tr\/index.php\/wp-json\/wp\/v2\/product_brand?post=740339"},{"taxonomy":"product_cat","embeddable":true,"href":"https:\/\/roveyayinevi.com.tr\/index.php\/wp-json\/wp\/v2\/product_cat?post=740339"},{"taxonomy":"product_tag","embeddable":true,"href":"https:\/\/roveyayinevi.com.tr\/index.php\/wp-json\/wp\/v2\/product_tag?post=740339"}],"curies":[{"name":"wp","href":"https:\/\/api.w.org\/{rel}","templated":true}]}}