{"id":740335,"date":"2025-08-28T00:24:57","date_gmt":"2025-08-27T21:24:57","guid":{"rendered":"https:\/\/roveyayinevi.com.tr\/index.php\/urun\/bir-delinin-ask-mektuplari\/"},"modified":"2026-04-16T02:51:13","modified_gmt":"2026-04-15T23:51:13","slug":"bir-delinin-ask-mektuplari","status":"publish","type":"product","link":"https:\/\/roveyayinevi.com.tr\/index.php\/urun\/bir-delinin-ask-mektuplari\/","title":{"rendered":"Bir Delinin A\u015fk Mektuplar\u0131"},"content":{"rendered":"<p>Gen\u00e7 kad\u0131n, postac\u0131n\u0131n kendisine uzatt\u0131\u011f\u0131 mektubu ald\u0131. Biliyordu yine ondand\u0131. Yine mektubuna &#8220;En son telefonla konu\u015ftu\u011fumuzda Tarih 20 Mart 2008&#8221; diye ba\u015flayacak ve devam edecekti.Mektubu zarf\u0131ndan \u00e7\u0131kar\u0131p, katlar\u0131n\u0131 a\u00e7ma\u011fa ba\u015flad\u0131\u011f\u0131 zaman, yine hep ayn\u0131 kelimelerle ba\u015flad\u0131\u011f\u0131n\u0131 bildi\u011fi halde, merakla ve h\u0131zl\u0131, h\u0131zl\u0131 a\u00e7t\u0131. \u0130kici kat\u0131n\u0131 a\u00e7madan duraksad\u0131. Bu defa zarf\u0131n \u00fczerindeki posta \u00e7\u0131k\u0131\u015f merkezi ile posta m\u00fch\u00fcr\u00fcne bakmay\u0131 unutmu\u015ftu. Halbuki postac\u0131dan her \u00fc\u00e7 g\u00fcnde bir ald\u0131\u011f\u0131 mektuplar\u0131n en \u00d6nce \u00e7\u0131k\u0131\u015f merkezlerine sonra da posta m\u00fch\u00fcr\u00fcne bakard\u0131. Yine \u00d6yle yapmak i\u00e7in iki kat olan mektubunu yan\u0131ndaki eski iskemlenin \u00fczerine b\u0131rakt\u0131. Posta \u00e7\u0131k\u0131\u015f merkezi Bak\u0131rk\u00d6y ak\u0131l hastanesi \u015fubesinden at\u0131lm\u0131\u015f ve \u00fczerinde yine ayn\u0131 \u015fubenin yuvarlak m\u00fch\u00fcr\u00fcnde &#8220;Bak\u0131rk\u00d6y&#8221; diye yaz\u0131yordu. Her zamanki s\u00d6z\u00fc yine ayn\u0131 kay\u0131ts\u0131zl\u0131kla a\u011fz\u0131ndan \u00e7\u0131k\u0131yordu.&#8221;Zavall\u0131 sevgilim. Beni o kadar \u00e7ok seviyordu ki! Nihayet akl\u0131n\u0131 yitirdi&#8221;Sonra iki kat halinde duran beyaz ka\u011f\u0131d\u0131 a\u00e7t\u0131. Bildi\u011fi kelimelerle ba\u015fl\u0131yordu mektup. Sayfan\u0131n ortas\u0131nda b\u00fcy\u00fck harflerle yaz\u0131lm\u0131\u015f. ldquo;G\u00fcNE\u015e\u0130N KIZLARIrdquo; SER\u0130S\u0130NDEN<\/p>\n","protected":false},"excerpt":{"rendered":"<p>Gen\u00e7 kad\u0131n, postac\u0131n\u0131n kendisine uzatt\u0131\u011f\u0131 mektubu ald\u0131. Biliyordu yine ondand\u0131. Yine mektubuna &#8220;En son telefonla konu\u015ftu\u011fumuzda Tarih 20 Mart 2008&#8221; diye ba\u015flayacak ve devam edecekti.Mektubu zarf\u0131ndan<span class=\"excerpt-hellip\"> [\u2026]<\/span><\/p>\n","protected":false},"featured_media":0,"template":"","meta":{"_monsterinsights_skip_tracking":false,"_monsterinsights_sitenote_active":false,"_monsterinsights_sitenote_note":"","_monsterinsights_sitenote_category":0},"product_brand":[],"product_cat":[12291],"product_tag":[],"class_list":{"0":"post-740335","1":"product","2":"type-product","3":"status-publish","5":"product_cat-edebiyat","6":"pa_cilt-ciltsiz","7":"pa_tur-kitap","8":"pa_yayinevi-platanus-publishing","9":"pa_yazar-semsettin-topcu","11":"first","12":"instock","13":"sale","14":"shipping-taxable","15":"purchasable","16":"product-type-simple"},"_links":{"self":[{"href":"https:\/\/roveyayinevi.com.tr\/index.php\/wp-json\/wp\/v2\/product\/740335","targetHints":{"allow":["GET"]}}],"collection":[{"href":"https:\/\/roveyayinevi.com.tr\/index.php\/wp-json\/wp\/v2\/product"}],"about":[{"href":"https:\/\/roveyayinevi.com.tr\/index.php\/wp-json\/wp\/v2\/types\/product"}],"wp:attachment":[{"href":"https:\/\/roveyayinevi.com.tr\/index.php\/wp-json\/wp\/v2\/media?parent=740335"}],"wp:term":[{"taxonomy":"product_brand","embeddable":true,"href":"https:\/\/roveyayinevi.com.tr\/index.php\/wp-json\/wp\/v2\/product_brand?post=740335"},{"taxonomy":"product_cat","embeddable":true,"href":"https:\/\/roveyayinevi.com.tr\/index.php\/wp-json\/wp\/v2\/product_cat?post=740335"},{"taxonomy":"product_tag","embeddable":true,"href":"https:\/\/roveyayinevi.com.tr\/index.php\/wp-json\/wp\/v2\/product_tag?post=740335"}],"curies":[{"name":"wp","href":"https:\/\/api.w.org\/{rel}","templated":true}]}}