{"id":740334,"date":"2025-08-28T00:24:56","date_gmt":"2025-08-27T21:24:56","guid":{"rendered":"https:\/\/roveyayinevi.com.tr\/index.php\/urun\/bogurtlen\/"},"modified":"2026-04-16T02:51:13","modified_gmt":"2026-04-15T23:51:13","slug":"bogurtlen","status":"publish","type":"product","link":"https:\/\/roveyayinevi.com.tr\/index.php\/urun\/bogurtlen\/","title":{"rendered":"B\u00f6\u011f\u00fcrtlen"},"content":{"rendered":"<p>Gelece\u011fin ne getirece\u011fini bilebilse insano\u011flu, tedbirini mutlaka al\u0131r. Her ne kadar hayat\u0131n ak\u0131\u015f\u0131na diren\u00e7 g\u00d6sterse de \u00e7o\u011fu zaman g\u00fcc\u00fc ve bilgisi yetersiz kal\u0131r olacaklarahellip; \u00e7ocuklu\u011fum, Bat\u0131 Trakya m\u00fcbadillerinin \u00e7o\u011funlukta oldu\u011fu k\u00d6ylerde ge\u00e7ti. M\u00fcbadil bir ailenin ferdi olarak yeti\u015ftim. Ailemin ve di\u011fer b\u00fcy\u00fcklerimin anlatt\u0131\u011f\u0131 ger\u00e7ek ya\u015fam \u00d6yk\u00fcleri beni derinden etki eksenine ald\u0131. Y\u00fczlerce y\u0131l s\u00fcregelen \u00d6rf, adet ve ananeleri aras\u0131nda ya\u015fayan o de\u011ferli insanlardan duydu\u011fum ger\u00e7ekleri kaleme ald\u0131m.Eserimi, hayal g\u00fcc\u00fcm\u00fc de kullanarak yazd\u0131m. B\u00fcy\u00fck bir aile facias\u0131nda tek sa\u011f kalan \u00e7ocu\u011fu; devletimiz s\u0131cak ve g\u00fcvenilir kuca\u011f\u0131 olan yurtlar\u0131nda b\u00fcy\u00fct\u00fcr. O da okur ve ailesinin ba\u015f\u0131na gelen elim olaylar\u0131 ara\u015ft\u0131rmak i\u00e7in atalar\u0131n\u0131n ya\u015fad\u0131\u011f\u0131 yere gider. \u00fcniversitede ald\u0131\u011f\u0131 bilgisayar e\u011fitiminin gere\u011fi materyalleri gizlilik i\u00e7inde kullanarak, en yak\u0131nlar\u0131na dahi s\u00d6ylemeden, sezdirmeden ailesinin ba\u015f\u0131na gelen faciay\u0131, katliam\u0131 ara\u015ft\u0131r\u0131r. Bir taraftan da \u00e7evresindeki insanlara faydal\u0131 olmaya gayret eder. Onlarla sosyal yak\u0131nla\u015fma ve ileti\u015fim kurar. Ancak kendi g\u00fcvenli\u011fini almak u\u011fruna \u00e7aba harcar. Sizlere sayg\u0131yla sunar\u0131m.<\/p>\n","protected":false},"excerpt":{"rendered":"<p>Gelece\u011fin ne getirece\u011fini bilebilse insano\u011flu, tedbirini mutlaka al\u0131r. Her ne kadar hayat\u0131n ak\u0131\u015f\u0131na diren\u00e7 g\u00d6sterse de \u00e7o\u011fu zaman g\u00fcc\u00fc ve bilgisi yetersiz kal\u0131r olacaklarahellip; \u00e7ocuklu\u011fum, Bat\u0131<span class=\"excerpt-hellip\"> [\u2026]<\/span><\/p>\n","protected":false},"featured_media":0,"template":"","meta":{"_monsterinsights_skip_tracking":false,"_monsterinsights_sitenote_active":false,"_monsterinsights_sitenote_note":"","_monsterinsights_sitenote_category":0},"product_brand":[],"product_cat":[12291],"product_tag":[],"class_list":{"0":"post-740334","1":"product","2":"type-product","3":"status-publish","5":"product_cat-edebiyat","6":"pa_cilt-ciltsiz","7":"pa_tur-kitap","8":"pa_yayinevi-platanus-publishing","9":"pa_yazar-erdal-aksoy","11":"first","12":"instock","13":"sale","14":"shipping-taxable","15":"purchasable","16":"product-type-simple"},"_links":{"self":[{"href":"https:\/\/roveyayinevi.com.tr\/index.php\/wp-json\/wp\/v2\/product\/740334","targetHints":{"allow":["GET"]}}],"collection":[{"href":"https:\/\/roveyayinevi.com.tr\/index.php\/wp-json\/wp\/v2\/product"}],"about":[{"href":"https:\/\/roveyayinevi.com.tr\/index.php\/wp-json\/wp\/v2\/types\/product"}],"wp:attachment":[{"href":"https:\/\/roveyayinevi.com.tr\/index.php\/wp-json\/wp\/v2\/media?parent=740334"}],"wp:term":[{"taxonomy":"product_brand","embeddable":true,"href":"https:\/\/roveyayinevi.com.tr\/index.php\/wp-json\/wp\/v2\/product_brand?post=740334"},{"taxonomy":"product_cat","embeddable":true,"href":"https:\/\/roveyayinevi.com.tr\/index.php\/wp-json\/wp\/v2\/product_cat?post=740334"},{"taxonomy":"product_tag","embeddable":true,"href":"https:\/\/roveyayinevi.com.tr\/index.php\/wp-json\/wp\/v2\/product_tag?post=740334"}],"curies":[{"name":"wp","href":"https:\/\/api.w.org\/{rel}","templated":true}]}}