{"id":740332,"date":"2025-08-28T00:24:54","date_gmt":"2025-08-27T21:24:54","guid":{"rendered":"https:\/\/roveyayinevi.com.tr\/index.php\/urun\/bendeniz-sirma\/"},"modified":"2026-04-13T02:58:43","modified_gmt":"2026-04-12T23:58:43","slug":"bendeniz-sirma","status":"publish","type":"product","link":"https:\/\/roveyayinevi.com.tr\/index.php\/urun\/bendeniz-sirma\/","title":{"rendered":"Bendeniz S\u0131rma"},"content":{"rendered":"<p>Dul bir kad\u0131n olarak toplum i\u00e7inde var olmaya \u00e7al\u0131\u015fman\u0131n zorlu\u011funu ya\u015famadan bilemiyormu\u015f insan. Otuzlar\u0131n\u0131n ortas\u0131nda ve hala gen\u00e7 \u00e7ekici ve al\u0131ml\u0131 bir kad\u0131nd\u0131m.Bu halimle kocalar\u0131n\u0131 ayartaca\u011f\u0131mdan korkan kom\u015fu kad\u0131nlar ile g\u00d6r\u00fcnmeyen m\u00fccadelem de cabas\u0131yd\u0131. Ama ne erkeklerine yem, ne de kad\u0131nlar\u0131na dedikodu malzemesi olmaya hi\u00e7 niyetim yoktu.\u0130\u015fte bu y\u00fczden zaman, zaman insan\u0131n akl\u0131n\u0131n almayaca\u011f\u0131 davran\u0131\u015flarda bulunup, \u00e7ok g\u00fcnah i\u015fledim. Her defas\u0131nda da Y\u00fcce Allaha beni affetmesi, do\u011fru yolu buldurmas\u0131 ve bu yapt\u0131\u011f\u0131m\u0131n son yanl\u0131\u015f\u0131m olmas\u0131 i\u00e7in yalvard\u0131m durdum.Eminim sat\u0131rlar\u0131m\u0131 okuduk\u00e7a yeri gelecek bana hak verecek, yeri gelecek gerileceksiniz. Bazen de komik hallerime g\u00fclecek ve bazen de \u00d6fke duyacaks\u0131n\u0131z.Ancak unutmay\u0131n ki sonu\u00e7ta ben de bir insan\u0131m. Benimde herkes gibi zay\u0131f yanlar\u0131m, zaaflar\u0131m var. Belki di\u011fer insanlara g\u00d6re biraz daha yo\u011fun ve biraz daha abart\u0131l\u0131, hepsi bu!<\/p>\n","protected":false},"excerpt":{"rendered":"<p>Dul bir kad\u0131n olarak toplum i\u00e7inde var olmaya \u00e7al\u0131\u015fman\u0131n zorlu\u011funu ya\u015famadan bilemiyormu\u015f insan. Otuzlar\u0131n\u0131n ortas\u0131nda ve hala gen\u00e7 \u00e7ekici ve al\u0131ml\u0131 bir kad\u0131nd\u0131m.Bu halimle kocalar\u0131n\u0131 ayartaca\u011f\u0131mdan<span class=\"excerpt-hellip\"> [\u2026]<\/span><\/p>\n","protected":false},"featured_media":0,"template":"","meta":{"_monsterinsights_skip_tracking":false,"_monsterinsights_sitenote_active":false,"_monsterinsights_sitenote_note":"","_monsterinsights_sitenote_category":0},"product_brand":[],"product_cat":[12291],"product_tag":[],"class_list":{"0":"post-740332","1":"product","2":"type-product","3":"status-publish","5":"product_cat-edebiyat","6":"pa_cilt-ciltsiz","7":"pa_tur-kitap","8":"pa_yayinevi-platanus-publishing","9":"pa_yazar-billur-turkoglu-phelps","11":"first","12":"instock","13":"sale","14":"shipping-taxable","15":"purchasable","16":"product-type-simple"},"_links":{"self":[{"href":"https:\/\/roveyayinevi.com.tr\/index.php\/wp-json\/wp\/v2\/product\/740332","targetHints":{"allow":["GET"]}}],"collection":[{"href":"https:\/\/roveyayinevi.com.tr\/index.php\/wp-json\/wp\/v2\/product"}],"about":[{"href":"https:\/\/roveyayinevi.com.tr\/index.php\/wp-json\/wp\/v2\/types\/product"}],"wp:attachment":[{"href":"https:\/\/roveyayinevi.com.tr\/index.php\/wp-json\/wp\/v2\/media?parent=740332"}],"wp:term":[{"taxonomy":"product_brand","embeddable":true,"href":"https:\/\/roveyayinevi.com.tr\/index.php\/wp-json\/wp\/v2\/product_brand?post=740332"},{"taxonomy":"product_cat","embeddable":true,"href":"https:\/\/roveyayinevi.com.tr\/index.php\/wp-json\/wp\/v2\/product_cat?post=740332"},{"taxonomy":"product_tag","embeddable":true,"href":"https:\/\/roveyayinevi.com.tr\/index.php\/wp-json\/wp\/v2\/product_tag?post=740332"}],"curies":[{"name":"wp","href":"https:\/\/api.w.org\/{rel}","templated":true}]}}