{"id":740327,"date":"2025-08-28T00:24:48","date_gmt":"2025-08-27T21:24:48","guid":{"rendered":"https:\/\/roveyayinevi.com.tr\/index.php\/urun\/cocuk-akli-cocuk-hakli\/"},"modified":"2026-04-16T02:51:13","modified_gmt":"2026-04-15T23:51:13","slug":"cocuk-akli-cocuk-hakli","status":"publish","type":"product","link":"https:\/\/roveyayinevi.com.tr\/index.php\/urun\/cocuk-akli-cocuk-hakli\/","title":{"rendered":"\u00c7ocuk Akl\u0131 \u00c7ocuk Hakl\u0131"},"content":{"rendered":"<p>\u0130\u015fitme engelli bir \u00e7ocuk, sa\u011f\u0131rlar okuluna gitmi\u015f; orada okuma yazmay\u0131 \u00d6\u011frenmi\u015f, derdini, meram\u0131n\u0131 yaz\u0131yla anlat\u0131yor. Bir g\u00fcn babas\u0131na \u00e7ok merak etti\u011fi bir konuyu sormu\u015f: &#8221; Baba, g\u00fcne\u015f do\u011farken ve batarken ses \u00e7\u0131kart\u0131yor mu?&#8221; \u0130lkokul 1.s\u0131n\u0131fta bir \u00d6\u011fretmen, resim dersinde, \u00d6\u011frencilerine: &#8221; Herkes ailesinin resmini defterlerine \u00e7izsin!&#8221; demi\u015f. \u00e7ocuklar, annelerinin, babalar\u0131n\u0131n ve karde\u015flerinin resimlerini \u00e7izmi\u015f. \u00d6\u011fretmen, dola\u015f\u0131rken Mehmetin defterine bakm\u0131\u015f; &#8221; Bir aile resmi, ama resimdeki adam\u0131n iki kolu da yok! \u00d6\u011fretmen, \u00d6\u011frencisine sormu\u015f: &#8220;Mehmet, bunlar kim?&#8221; &#8221; Annem, babam, ben ve karde\u015flerim!&#8221; &#8220;Peki, bu adam kim? &#8221; Babam!&#8221; &#8221; Baban\u0131n kollar\u0131 neden yok?&#8221; &#8221; Annemi d\u00d6vmesin diye yapmad\u0131m!&#8221;<\/p>\n","protected":false},"excerpt":{"rendered":"<p>\u0130\u015fitme engelli bir \u00e7ocuk, sa\u011f\u0131rlar okuluna gitmi\u015f; orada okuma yazmay\u0131 \u00d6\u011frenmi\u015f, derdini, meram\u0131n\u0131 yaz\u0131yla anlat\u0131yor. Bir g\u00fcn babas\u0131na \u00e7ok merak etti\u011fi bir konuyu sormu\u015f: &#8221; Baba,<span class=\"excerpt-hellip\"> [\u2026]<\/span><\/p>\n","protected":false},"featured_media":0,"template":"","meta":{"_monsterinsights_skip_tracking":false,"_monsterinsights_sitenote_active":false,"_monsterinsights_sitenote_note":"","_monsterinsights_sitenote_category":0},"product_brand":[],"product_cat":[12291],"product_tag":[],"class_list":{"0":"post-740327","1":"product","2":"type-product","3":"status-publish","5":"product_cat-edebiyat","6":"pa_cilt-ciltsiz","7":"pa_tur-kitap","8":"pa_yayinevi-platanus-publishing","9":"pa_yazar-yakup-tunc","11":"first","12":"instock","13":"sale","14":"shipping-taxable","15":"purchasable","16":"product-type-simple"},"_links":{"self":[{"href":"https:\/\/roveyayinevi.com.tr\/index.php\/wp-json\/wp\/v2\/product\/740327","targetHints":{"allow":["GET"]}}],"collection":[{"href":"https:\/\/roveyayinevi.com.tr\/index.php\/wp-json\/wp\/v2\/product"}],"about":[{"href":"https:\/\/roveyayinevi.com.tr\/index.php\/wp-json\/wp\/v2\/types\/product"}],"wp:attachment":[{"href":"https:\/\/roveyayinevi.com.tr\/index.php\/wp-json\/wp\/v2\/media?parent=740327"}],"wp:term":[{"taxonomy":"product_brand","embeddable":true,"href":"https:\/\/roveyayinevi.com.tr\/index.php\/wp-json\/wp\/v2\/product_brand?post=740327"},{"taxonomy":"product_cat","embeddable":true,"href":"https:\/\/roveyayinevi.com.tr\/index.php\/wp-json\/wp\/v2\/product_cat?post=740327"},{"taxonomy":"product_tag","embeddable":true,"href":"https:\/\/roveyayinevi.com.tr\/index.php\/wp-json\/wp\/v2\/product_tag?post=740327"}],"curies":[{"name":"wp","href":"https:\/\/api.w.org\/{rel}","templated":true}]}}