{"id":740319,"date":"2025-08-28T00:24:41","date_gmt":"2025-08-27T21:24:41","guid":{"rendered":"https:\/\/roveyayinevi.com.tr\/index.php\/urun\/totem-ve-tabu-5\/"},"modified":"2026-04-16T02:51:13","modified_gmt":"2026-04-15T23:51:13","slug":"totem-ve-tabu-5","status":"publish","type":"product","link":"https:\/\/roveyayinevi.com.tr\/index.php\/urun\/totem-ve-tabu-5\/","title":{"rendered":"Totem ve Tabu"},"content":{"rendered":"<p>Psikanalist Sigmund Freudun 1913 y\u0131l\u0131nda yay\u0131nlanan Totem Und Tabu, adl\u0131 eseri T\u00fcrk\u00e7eye Totem ve Tabu ad\u0131yla \u00e7evrilmi\u015ftir. Avustralya yerlileri \u00fczerine yaz\u0131lan bu kitapta, ilkel insanlar\u0131n dinsel, toplumsal ve ahlaksal olgular\u0131n yerine nas\u0131l totemizm sistemini kurduklar\u0131 ve tabular\u0131 \u00fcrettikleri g\u00d6sterilir. Freud, totemizmi Oedipus Kompleksilsquo;yle a\u00e7\u0131klamaya \u00e7al\u0131\u015f\u0131r. Bu kitapla totem ve ensest yasa\u011f\u0131n\u0131n k\u00d6kenine inmeyi ama\u00e7lar. Totemik sistemlerin Oedipus \u015fartlar\u0131 alt\u0131nda geli\u015fti\u011fini d\u00fc\u015f\u00fcn\u00fcr. Ruhi taraf\u0131n \u00e7ocukta ve ilk totemik geli\u015fmelerde ayn\u0131 oldu\u011funu g\u00d6zlemler ve ilkellerin d\u00fc\u015f\u00fcnceleri ile baz\u0131 sinir hastalar\u0131 \u00fczerindeki g\u00d6zlemlerinde ayn\u0131 sonuca ula\u015ft\u0131\u011f\u0131n\u0131 iddia etmektedir. Freud, bilin\u00e7d\u0131\u015f\u0131 fikirlerin ilkel insanlardan zaman\u0131m\u0131za kadar geldi\u011fini belirtmi\u015ftir. Totemizm sistemi k\u0131saca \u015f\u00d6yledir: Avustralya kabileleri, birtak\u0131m daha k\u00fc\u00e7\u00fck gruplara, klanlara b\u00d6l\u00fcnmekte, ve bu klanlar\u0131n her biri kendi toteminin ad\u0131n\u0131 ta\u015f\u0131maktad\u0131r. Genellikle, bu tehlikeli ve korkulan bir hayvan, daha seyrek olarak da bir bitki ya da bir do\u011fa g\u00fcc\u00fc olup, grubun b\u00fct\u00fcn\u00fcyle \u00d6zel bir ili\u015fki i\u00e7inde bulunur. Totem, ilk \u00d6nce grubun atas\u0131d\u0131r, sonra da onun koruyucu ruhu iyilik yap\u0131c\u0131s\u0131d\u0131r, ona kehanetlerini bildirir .Bunun i\u00e7in, ayn\u0131 toteme sahip olan kimseler totemlerini \u00d6ld\u00fcrmemek, etini yemekten, ya da ondan herhangi bir \u015fekilde yararlanmaktan ka\u00e7\u0131nmak gibi kutsal bir y\u00fck\u00fcml\u00fcl\u00fck alt\u0131nda bulunurlar ve bu y\u00fck\u00fcml\u00fcl\u00fc\u011f\u00fcn her t\u00fcrl\u00fc ihlali otomatik olarak cezaland\u0131r\u0131lmalar\u0131na yol a\u00e7ar.<\/p>\n","protected":false},"excerpt":{"rendered":"<p>Psikanalist Sigmund Freudun 1913 y\u0131l\u0131nda yay\u0131nlanan Totem Und Tabu, adl\u0131 eseri T\u00fcrk\u00e7eye Totem ve Tabu ad\u0131yla \u00e7evrilmi\u015ftir. Avustralya yerlileri \u00fczerine yaz\u0131lan bu kitapta, ilkel insanlar\u0131n dinsel,<span class=\"excerpt-hellip\"> [\u2026]<\/span><\/p>\n","protected":false},"featured_media":0,"template":"","meta":{"_monsterinsights_skip_tracking":false,"_monsterinsights_sitenote_active":false,"_monsterinsights_sitenote_note":"","_monsterinsights_sitenote_category":0},"product_brand":[],"product_cat":[12357],"product_tag":[],"class_list":{"0":"post-740319","1":"product","2":"type-product","3":"status-publish","5":"product_cat-psikoloji","6":"pa_cilt-ciltsiz","7":"pa_tur-kitap","8":"pa_yayinevi-platanus-publishing","9":"pa_yazar-sigmund-freud","11":"first","12":"instock","13":"sale","14":"shipping-taxable","15":"purchasable","16":"product-type-simple"},"_links":{"self":[{"href":"https:\/\/roveyayinevi.com.tr\/index.php\/wp-json\/wp\/v2\/product\/740319","targetHints":{"allow":["GET"]}}],"collection":[{"href":"https:\/\/roveyayinevi.com.tr\/index.php\/wp-json\/wp\/v2\/product"}],"about":[{"href":"https:\/\/roveyayinevi.com.tr\/index.php\/wp-json\/wp\/v2\/types\/product"}],"wp:attachment":[{"href":"https:\/\/roveyayinevi.com.tr\/index.php\/wp-json\/wp\/v2\/media?parent=740319"}],"wp:term":[{"taxonomy":"product_brand","embeddable":true,"href":"https:\/\/roveyayinevi.com.tr\/index.php\/wp-json\/wp\/v2\/product_brand?post=740319"},{"taxonomy":"product_cat","embeddable":true,"href":"https:\/\/roveyayinevi.com.tr\/index.php\/wp-json\/wp\/v2\/product_cat?post=740319"},{"taxonomy":"product_tag","embeddable":true,"href":"https:\/\/roveyayinevi.com.tr\/index.php\/wp-json\/wp\/v2\/product_tag?post=740319"}],"curies":[{"name":"wp","href":"https:\/\/api.w.org\/{rel}","templated":true}]}}