{"id":740316,"date":"2025-08-28T00:24:39","date_gmt":"2025-08-27T21:24:39","guid":{"rendered":"https:\/\/roveyayinevi.com.tr\/index.php\/urun\/bir-vampirin-ask-guncesi\/"},"modified":"2026-04-16T02:51:13","modified_gmt":"2026-04-15T23:51:13","slug":"bir-vampirin-ask-guncesi","status":"publish","type":"product","link":"https:\/\/roveyayinevi.com.tr\/index.php\/urun\/bir-vampirin-ask-guncesi\/","title":{"rendered":"Bir Vampirin A\u015fk G\u00fcncesi"},"content":{"rendered":"<p>Bir vampir olarak do\u011fdum. Se\u00e7me \u015fans\u0131m olmad\u0131. Fakat hep bir asi olmaya haz\u0131rd\u0131m ezelden. Bir kan tiryakisi olmad\u0131m ger\u00e7ekten hi\u00e7. Bir g\u00fcn sihirli bir elin bana dokunup aln\u0131ma yaz\u0131lm\u0131\u015f o lanet olas\u0131 yazg\u0131n\u0131n t\u00fcmden de\u011fi\u015fmesini bekliyordum. Bir insana a\u015f\u0131k oldum. Delicesine, tutkuyla. Uzun zamand\u0131r rehinde olan ruhumun m\u00fchr\u00fcn\u00fc t\u00fcmden kald\u0131racak bir insana.<\/p>\n","protected":false},"excerpt":{"rendered":"<p>Bir vampir olarak do\u011fdum. Se\u00e7me \u015fans\u0131m olmad\u0131. Fakat hep bir asi olmaya haz\u0131rd\u0131m ezelden. Bir kan tiryakisi olmad\u0131m ger\u00e7ekten hi\u00e7. Bir g\u00fcn sihirli bir elin bana<span class=\"excerpt-hellip\"> [\u2026]<\/span><\/p>\n","protected":false},"featured_media":0,"template":"","meta":{"_monsterinsights_skip_tracking":false,"_monsterinsights_sitenote_active":false,"_monsterinsights_sitenote_note":"","_monsterinsights_sitenote_category":0},"product_brand":[],"product_cat":[12291],"product_tag":[],"class_list":{"0":"post-740316","1":"product","2":"type-product","3":"status-publish","5":"product_cat-edebiyat","6":"pa_cilt-ciltsiz","7":"pa_tur-kitap","8":"pa_yayinevi-platanus-publishing","9":"pa_yazar-ismail-arslan","11":"first","12":"instock","13":"sale","14":"shipping-taxable","15":"purchasable","16":"product-type-simple"},"_links":{"self":[{"href":"https:\/\/roveyayinevi.com.tr\/index.php\/wp-json\/wp\/v2\/product\/740316","targetHints":{"allow":["GET"]}}],"collection":[{"href":"https:\/\/roveyayinevi.com.tr\/index.php\/wp-json\/wp\/v2\/product"}],"about":[{"href":"https:\/\/roveyayinevi.com.tr\/index.php\/wp-json\/wp\/v2\/types\/product"}],"wp:attachment":[{"href":"https:\/\/roveyayinevi.com.tr\/index.php\/wp-json\/wp\/v2\/media?parent=740316"}],"wp:term":[{"taxonomy":"product_brand","embeddable":true,"href":"https:\/\/roveyayinevi.com.tr\/index.php\/wp-json\/wp\/v2\/product_brand?post=740316"},{"taxonomy":"product_cat","embeddable":true,"href":"https:\/\/roveyayinevi.com.tr\/index.php\/wp-json\/wp\/v2\/product_cat?post=740316"},{"taxonomy":"product_tag","embeddable":true,"href":"https:\/\/roveyayinevi.com.tr\/index.php\/wp-json\/wp\/v2\/product_tag?post=740316"}],"curies":[{"name":"wp","href":"https:\/\/api.w.org\/{rel}","templated":true}]}}