{"id":740314,"date":"2025-08-28T00:24:36","date_gmt":"2025-08-27T21:24:36","guid":{"rendered":"https:\/\/roveyayinevi.com.tr\/index.php\/urun\/donusum-29\/"},"modified":"2026-04-16T02:51:12","modified_gmt":"2026-04-15T23:51:12","slug":"donusum-29","status":"publish","type":"product","link":"https:\/\/roveyayinevi.com.tr\/index.php\/urun\/donusum-29\/","title":{"rendered":"D\u00f6n\u00fc\u015f\u00fcm"},"content":{"rendered":"<p>D\u00d6n\u00fc\u015f\u00fcm, De\u011fi\u015fim veya Metamorfoz (Almanca \u00d6zg\u00fcn ad\u0131: Die Verwandlung), Franz Kafkan\u0131n uzun \u00d6yk\u00fcs\u00fc. \u0130lk olarak 1915 y\u0131l\u0131nda yay\u0131mlanm\u0131\u015ft\u0131r. Kafkan\u0131n en pop\u00fcler eseri say\u0131labilir. \u00d6yk\u00fc, Gregor Samsan\u0131n bir sabah kendini dev bir b\u00d6ce\u011fe d\u00d6n\u00fc\u015fm\u00fc\u015f bulmas\u0131yla ba\u015flar ve hayat\u0131ndaki de\u011fi\u015fiklikleri anlatarak devam eder.<\/p>\n","protected":false},"excerpt":{"rendered":"<p>D\u00d6n\u00fc\u015f\u00fcm, De\u011fi\u015fim veya Metamorfoz (Almanca \u00d6zg\u00fcn ad\u0131: Die Verwandlung), Franz Kafkan\u0131n uzun \u00d6yk\u00fcs\u00fc. \u0130lk olarak 1915 y\u0131l\u0131nda yay\u0131mlanm\u0131\u015ft\u0131r. Kafkan\u0131n en pop\u00fcler eseri say\u0131labilir. \u00d6yk\u00fc, Gregor Samsan\u0131n<span class=\"excerpt-hellip\"> [\u2026]<\/span><\/p>\n","protected":false},"featured_media":0,"template":"","meta":{"_monsterinsights_skip_tracking":false,"_monsterinsights_sitenote_active":false,"_monsterinsights_sitenote_note":"","_monsterinsights_sitenote_category":0},"product_brand":[],"product_cat":[12291],"product_tag":[],"class_list":{"0":"post-740314","1":"product","2":"type-product","3":"status-publish","5":"product_cat-edebiyat","6":"pa_cilt-ciltsiz","7":"pa_tur-kitap","8":"pa_yayinevi-platanus-publishing","9":"pa_yazar-franz-kafka","11":"first","12":"instock","13":"sale","14":"shipping-taxable","15":"purchasable","16":"product-type-simple"},"_links":{"self":[{"href":"https:\/\/roveyayinevi.com.tr\/index.php\/wp-json\/wp\/v2\/product\/740314","targetHints":{"allow":["GET"]}}],"collection":[{"href":"https:\/\/roveyayinevi.com.tr\/index.php\/wp-json\/wp\/v2\/product"}],"about":[{"href":"https:\/\/roveyayinevi.com.tr\/index.php\/wp-json\/wp\/v2\/types\/product"}],"wp:attachment":[{"href":"https:\/\/roveyayinevi.com.tr\/index.php\/wp-json\/wp\/v2\/media?parent=740314"}],"wp:term":[{"taxonomy":"product_brand","embeddable":true,"href":"https:\/\/roveyayinevi.com.tr\/index.php\/wp-json\/wp\/v2\/product_brand?post=740314"},{"taxonomy":"product_cat","embeddable":true,"href":"https:\/\/roveyayinevi.com.tr\/index.php\/wp-json\/wp\/v2\/product_cat?post=740314"},{"taxonomy":"product_tag","embeddable":true,"href":"https:\/\/roveyayinevi.com.tr\/index.php\/wp-json\/wp\/v2\/product_tag?post=740314"}],"curies":[{"name":"wp","href":"https:\/\/api.w.org\/{rel}","templated":true}]}}