{"id":740313,"date":"2025-08-28T00:24:35","date_gmt":"2025-08-27T21:24:35","guid":{"rendered":"https:\/\/roveyayinevi.com.tr\/index.php\/urun\/damla-su\/"},"modified":"2026-04-16T02:51:12","modified_gmt":"2026-04-15T23:51:12","slug":"damla-su","status":"publish","type":"product","link":"https:\/\/roveyayinevi.com.tr\/index.php\/urun\/damla-su\/","title":{"rendered":"Damla Su"},"content":{"rendered":"<p>K\u00d6y Enst\u00fct\u00fcs\u00fc mezunu \u0130lkokul \u00d6\u011fretmenim Hasan \u00e7akmak, s\u0131n\u0131f\u0131m\u0131zdaki \u00d6\u011frencilerini birer su damlac\u0131\u011f\u0131na benzetirdi. Kalem tutmay\u0131, hesap yapmay\u0131, okumay\u0131, konu\u015fulanlar\u0131 yazmay\u0131 \u00d6\u011frendi\u011fim muhterem zat, her ba\u015far\u0131m\u0131z\u0131 g\u00d6rd\u00fc\u011f\u00fcnde &#8220;Kocaman damlac\u0131k&#8221; diyerek iltifat ederdi. O g\u00fcne kadar ya\u011fmur damlac\u0131klar\u0131ndan birde babac\u0131\u011f\u0131m\u0131n \u00e7ay\u0131na damlatt\u0131\u011f\u0131 -benim saymam\u0131 stedi\u011fi- limon damlalar\u0131ndan ba\u015fka damla tan\u0131mazd\u0131m, bilmezdim. \u00d6\u011fretmen okulu Meslek Dersleri \u00d6\u011fretmenim de Damlasu dan bahsetmi\u015fti. Ona g\u00d6re her birimiz toplumun mihenk ta\u015f\u0131 olacak nitelikte kaliteli damlac\u0131klar olarak e\u011fitilmak zorundayd\u0131k. Toplumu olu\u015fturan kaliteli bireyler biz olmal\u0131yd\u0131k, her birimiz etraf\u0131m\u0131z\u0131 ayd\u0131nlatmal\u0131 kendimizden daha kaliteli damlac\u0131klar\u0131n say\u0131s\u0131n\u0131 \u00e7o\u011faltmal\u0131yd\u0131k. &#8220;Her kul g\u00d6revini lay\u0131k\u0131yla yapmal\u0131, gelecek ku\u015faklara utan\u0131lacak davran\u0131\u015flar b\u0131rakmamal\u0131. Eserleriniz g\u00d6z \u00d6n\u00fcnde olmal\u0131, el \u00fcst\u00fcnde tutulmal\u0131hellip;&#8221;derdi \u00d6\u011fretmenimiz. S\u0131rada biz vard\u0131k!E\u011fitim ordusuna kat\u0131lan ben, ne yapabilirim? Damla say\u0131lar\u0131m\u0131 art\u0131rmak i\u00e7in, gelecek nesillere hizmet ad\u0131na nas\u0131l \u00e7al\u0131\u015fmal\u0131y\u0131m?<\/p>\n","protected":false},"excerpt":{"rendered":"<p>K\u00d6y Enst\u00fct\u00fcs\u00fc mezunu \u0130lkokul \u00d6\u011fretmenim Hasan \u00e7akmak, s\u0131n\u0131f\u0131m\u0131zdaki \u00d6\u011frencilerini birer su damlac\u0131\u011f\u0131na benzetirdi. Kalem tutmay\u0131, hesap yapmay\u0131, okumay\u0131, konu\u015fulanlar\u0131 yazmay\u0131 \u00d6\u011frendi\u011fim muhterem zat, her ba\u015far\u0131m\u0131z\u0131 g\u00d6rd\u00fc\u011f\u00fcnde<span class=\"excerpt-hellip\"> [\u2026]<\/span><\/p>\n","protected":false},"featured_media":0,"template":"","meta":{"_monsterinsights_skip_tracking":false,"_monsterinsights_sitenote_active":false,"_monsterinsights_sitenote_note":"","_monsterinsights_sitenote_category":0},"product_brand":[],"product_cat":[12291],"product_tag":[],"class_list":{"0":"post-740313","1":"product","2":"type-product","3":"status-publish","5":"product_cat-edebiyat","6":"pa_cilt-ciltsiz","7":"pa_tur-kitap","8":"pa_yayinevi-platanus-publishing","9":"pa_yazar-mehmet-n-tasdelen","11":"first","12":"instock","13":"sale","14":"shipping-taxable","15":"purchasable","16":"product-type-simple"},"_links":{"self":[{"href":"https:\/\/roveyayinevi.com.tr\/index.php\/wp-json\/wp\/v2\/product\/740313","targetHints":{"allow":["GET"]}}],"collection":[{"href":"https:\/\/roveyayinevi.com.tr\/index.php\/wp-json\/wp\/v2\/product"}],"about":[{"href":"https:\/\/roveyayinevi.com.tr\/index.php\/wp-json\/wp\/v2\/types\/product"}],"wp:attachment":[{"href":"https:\/\/roveyayinevi.com.tr\/index.php\/wp-json\/wp\/v2\/media?parent=740313"}],"wp:term":[{"taxonomy":"product_brand","embeddable":true,"href":"https:\/\/roveyayinevi.com.tr\/index.php\/wp-json\/wp\/v2\/product_brand?post=740313"},{"taxonomy":"product_cat","embeddable":true,"href":"https:\/\/roveyayinevi.com.tr\/index.php\/wp-json\/wp\/v2\/product_cat?post=740313"},{"taxonomy":"product_tag","embeddable":true,"href":"https:\/\/roveyayinevi.com.tr\/index.php\/wp-json\/wp\/v2\/product_tag?post=740313"}],"curies":[{"name":"wp","href":"https:\/\/api.w.org\/{rel}","templated":true}]}}