{"id":740312,"date":"2025-08-28T00:24:33","date_gmt":"2025-08-27T21:24:33","guid":{"rendered":"https:\/\/roveyayinevi.com.tr\/index.php\/urun\/cennet-kapim\/"},"modified":"2026-04-16T02:51:12","modified_gmt":"2026-04-15T23:51:12","slug":"cennet-kapim","status":"publish","type":"product","link":"https:\/\/roveyayinevi.com.tr\/index.php\/urun\/cennet-kapim\/","title":{"rendered":"Cennet Kap\u0131m"},"content":{"rendered":"<p>Ad\u0131n\u0131 duyunca nefesim durur, Kap\u0131ndan girenler huzuru bulur, Sensiz g\u00fcnd\u00fczlerim hep gece olur, Sen benim umudum cennet kap\u0131ms\u0131n.Sensiz bir dakikam ge\u00e7sin istemem G\u00d6z\u00fcnden bir damla aks\u0131n istemem Sonumuz h\u00fcsranla bitsin istemem Sen benim umudum cennet kokumsun.Hayalin hayalim oldu\u011fu i\u00e7in Seni her \u015feyden \u00e7ok sevdi\u011fim i\u00e7in Sevday\u0131 bilmeyen soruyor ni\u00e7in? Sen benim umudum cennet kokumsun. Sen benim umudum cennet kap\u0131ms\u0131n.<\/p>\n","protected":false},"excerpt":{"rendered":"<p>Ad\u0131n\u0131 duyunca nefesim durur, Kap\u0131ndan girenler huzuru bulur, Sensiz g\u00fcnd\u00fczlerim hep gece olur, Sen benim umudum cennet kap\u0131ms\u0131n.Sensiz bir dakikam ge\u00e7sin istemem G\u00d6z\u00fcnden bir damla aks\u0131n<span class=\"excerpt-hellip\"> [\u2026]<\/span><\/p>\n","protected":false},"featured_media":0,"template":"","meta":{"_monsterinsights_skip_tracking":false,"_monsterinsights_sitenote_active":false,"_monsterinsights_sitenote_note":"","_monsterinsights_sitenote_category":0},"product_brand":[],"product_cat":[12291],"product_tag":[],"class_list":{"0":"post-740312","1":"product","2":"type-product","3":"status-publish","5":"product_cat-edebiyat","6":"pa_cilt-ciltsiz","7":"pa_tur-kitap","8":"pa_yayinevi-platanus-publishing","9":"pa_yazar-mehmet-deveci","11":"first","12":"instock","13":"sale","14":"shipping-taxable","15":"purchasable","16":"product-type-simple"},"_links":{"self":[{"href":"https:\/\/roveyayinevi.com.tr\/index.php\/wp-json\/wp\/v2\/product\/740312","targetHints":{"allow":["GET"]}}],"collection":[{"href":"https:\/\/roveyayinevi.com.tr\/index.php\/wp-json\/wp\/v2\/product"}],"about":[{"href":"https:\/\/roveyayinevi.com.tr\/index.php\/wp-json\/wp\/v2\/types\/product"}],"wp:attachment":[{"href":"https:\/\/roveyayinevi.com.tr\/index.php\/wp-json\/wp\/v2\/media?parent=740312"}],"wp:term":[{"taxonomy":"product_brand","embeddable":true,"href":"https:\/\/roveyayinevi.com.tr\/index.php\/wp-json\/wp\/v2\/product_brand?post=740312"},{"taxonomy":"product_cat","embeddable":true,"href":"https:\/\/roveyayinevi.com.tr\/index.php\/wp-json\/wp\/v2\/product_cat?post=740312"},{"taxonomy":"product_tag","embeddable":true,"href":"https:\/\/roveyayinevi.com.tr\/index.php\/wp-json\/wp\/v2\/product_tag?post=740312"}],"curies":[{"name":"wp","href":"https:\/\/api.w.org\/{rel}","templated":true}]}}