{"id":740311,"date":"2025-08-28T00:24:33","date_gmt":"2025-08-27T21:24:33","guid":{"rendered":"https:\/\/roveyayinevi.com.tr\/index.php\/urun\/huzur-yolu\/"},"modified":"2026-04-16T02:51:12","modified_gmt":"2026-04-15T23:51:12","slug":"huzur-yolu","status":"publish","type":"product","link":"https:\/\/roveyayinevi.com.tr\/index.php\/urun\/huzur-yolu\/","title":{"rendered":"Huzur Yolu"},"content":{"rendered":"<p>\u0130\u00e7indekiler 1. Meditasyonun G\u00fcc\u00fc 2. Bilgeli\u011fin Y\u0131ld\u0131z\u0131 3. \u0130ki \u00d6\u011fretmen: Benlik Ve Hakikat 4. Manevi G\u00fcc\u00fcn Kazan\u0131lmas\u0131 5. Benliksiz Sevginin Ger\u00e7ekle\u015fmesi 6. Sonsuzlu\u011fa Giri\u015f 7. Ermi\u015fler, Bilginler Ve Kurtar\u0131c\u0131lar: Hizmet Hukuku 8. M\u00fckemmel Huzurun Ger\u00e7ekle\u015fmesi<\/p>\n","protected":false},"excerpt":{"rendered":"<p>\u0130\u00e7indekiler 1. Meditasyonun G\u00fcc\u00fc 2. Bilgeli\u011fin Y\u0131ld\u0131z\u0131 3. \u0130ki \u00d6\u011fretmen: Benlik Ve Hakikat 4. Manevi G\u00fcc\u00fcn Kazan\u0131lmas\u0131 5. Benliksiz Sevginin Ger\u00e7ekle\u015fmesi 6. Sonsuzlu\u011fa Giri\u015f 7. Ermi\u015fler,<span class=\"excerpt-hellip\"> [\u2026]<\/span><\/p>\n","protected":false},"featured_media":0,"template":"","meta":{"_monsterinsights_skip_tracking":false,"_monsterinsights_sitenote_active":false,"_monsterinsights_sitenote_note":"","_monsterinsights_sitenote_category":0},"product_brand":[],"product_cat":[12357],"product_tag":[],"class_list":{"0":"post-740311","1":"product","2":"type-product","3":"status-publish","5":"product_cat-psikoloji","6":"pa_cilt-ciltsiz","7":"pa_tur-kitap","8":"pa_yayinevi-platanus-publishing","9":"pa_yazar-james-allen","11":"first","12":"instock","13":"sale","14":"shipping-taxable","15":"purchasable","16":"product-type-simple"},"_links":{"self":[{"href":"https:\/\/roveyayinevi.com.tr\/index.php\/wp-json\/wp\/v2\/product\/740311","targetHints":{"allow":["GET"]}}],"collection":[{"href":"https:\/\/roveyayinevi.com.tr\/index.php\/wp-json\/wp\/v2\/product"}],"about":[{"href":"https:\/\/roveyayinevi.com.tr\/index.php\/wp-json\/wp\/v2\/types\/product"}],"wp:attachment":[{"href":"https:\/\/roveyayinevi.com.tr\/index.php\/wp-json\/wp\/v2\/media?parent=740311"}],"wp:term":[{"taxonomy":"product_brand","embeddable":true,"href":"https:\/\/roveyayinevi.com.tr\/index.php\/wp-json\/wp\/v2\/product_brand?post=740311"},{"taxonomy":"product_cat","embeddable":true,"href":"https:\/\/roveyayinevi.com.tr\/index.php\/wp-json\/wp\/v2\/product_cat?post=740311"},{"taxonomy":"product_tag","embeddable":true,"href":"https:\/\/roveyayinevi.com.tr\/index.php\/wp-json\/wp\/v2\/product_tag?post=740311"}],"curies":[{"name":"wp","href":"https:\/\/api.w.org\/{rel}","templated":true}]}}