{"id":740309,"date":"2025-08-28T00:24:30","date_gmt":"2025-08-27T21:24:30","guid":{"rendered":"https:\/\/roveyayinevi.com.tr\/index.php\/urun\/cocugunu-zehirleme\/"},"modified":"2026-04-16T02:51:12","modified_gmt":"2026-04-15T23:51:12","slug":"cocugunu-zehirleme","status":"publish","type":"product","link":"https:\/\/roveyayinevi.com.tr\/index.php\/urun\/cocugunu-zehirleme\/","title":{"rendered":"\u00c7ocu\u011funu Zehirleme"},"content":{"rendered":"<p>Modern d\u00fcnya d\u00fczeninde toplumlar \u00e7e\u015fitli yollarla kontrol alt\u0131na al\u0131nmaya \u00e7al\u0131\u015f\u0131l\u0131yor. Nesilleri kontrol alt\u0131nda tutabilmenin yolu, g\u0131dalar\u0131n yap\u0131lar\u0131 ile beslenme al\u0131\u015fkanl\u0131klar\u0131n\u0131n de\u011fi\u015ftirilmesi olarak g\u00d6r\u00fcl\u00fcyor. Yar\u0131n\u0131n ebeveynleri olacak g\u00fcn\u00fcm\u00fcz \u00e7ocuklar\u0131, do\u011fru veya yanl\u0131\u015f bir\u00e7ok bilgiyi yeni nesillere aktararak gelecek ku\u015faklar\u0131n \u015fekillenmesine arac\u0131l\u0131k edecekler. Temelleri \u00e7ocukluk evresinde at\u0131lan yanl\u0131\u015f al\u0131\u015fkanl\u0131klar, sa\u011fl\u0131ks\u0131z ve sa\u011flam olmayan bir gelece\u011fin in\u015fas\u0131 anlam\u0131na geliyor. \u00e7ocukluk d\u00d6neminde i\u00e7selle\u015ftirilen al\u0131\u015fkanl\u0131klar vas\u0131tas\u0131yla nesiller boyu devam etmesi istenen ba\u011f\u0131ml\u0131l\u0131klar hedefleniyor.Bu kitapta, beslenmenin zeka ve davran\u0131\u015flar \u00fczerindeki etkisi, toplumlar\u0131n dolay\u0131s\u0131yla yeni nesillerin beslenme al\u0131\u015fkanl\u0131klar\u0131 ile \u015fekillerinin nas\u0131l d\u00d6n\u00fc\u015f\u00fcme u\u011frat\u0131ld\u0131\u011f\u0131, insanl\u0131\u011f\u0131n genleriyle ne \u015fekilde oynanmaya \u00e7al\u0131\u015f\u0131ld\u0131\u011f\u0131 anlat\u0131l\u0131yor.Ayr\u0131ca;G\u00fcn\u00fcm\u00fcz \u00e7ocuklar\u0131 ve gen\u00e7leri neden bu kadar gergin ve kontrolleri zor?\u00e7ocuklar\u0131m\u0131z\u0131 nas\u0131l ba\u015far\u0131s\u0131zl\u0131\u011fa itiyoruz?\u00e7ocuklar\u0131m\u0131z\u0131n akademik ba\u015far\u0131s\u0131n\u0131 artt\u0131rmas\u0131n\u0131 ve daha kolay \u00d6\u011frenmesini nas\u0131l sa\u011flayabiliriz?\u00e7ocuklar\u0131m\u0131z neden odaklanma ve hiperaktivite sorunu ya\u015f\u0131yor?Beslenme ile \u00e7ocuklar\u0131n zekalar\u0131 aras\u0131ndaki ili\u015fki nedir?\u00e7ocuklar\u0131m\u0131z nas\u0131l t\u00fcketime al\u0131\u015ft\u0131r\u0131l\u0131yor?Sorular\u0131na cevap aranmaya \u00e7al\u0131\u015f\u0131lm\u0131\u015ft\u0131r.Ebeveynlere ve E\u011fitimcilerehellip;G\u00fczel ve iyi hep yan\u0131 ba\u015f\u0131nda,t\u00fcm ya\u015fam\u0131n dengeler i\u00e7inde olsun annem.<\/p>\n","protected":false},"excerpt":{"rendered":"<p>Modern d\u00fcnya d\u00fczeninde toplumlar \u00e7e\u015fitli yollarla kontrol alt\u0131na al\u0131nmaya \u00e7al\u0131\u015f\u0131l\u0131yor. Nesilleri kontrol alt\u0131nda tutabilmenin yolu, g\u0131dalar\u0131n yap\u0131lar\u0131 ile beslenme al\u0131\u015fkanl\u0131klar\u0131n\u0131n de\u011fi\u015ftirilmesi olarak g\u00d6r\u00fcl\u00fcyor. Yar\u0131n\u0131n ebeveynleri olacak<span class=\"excerpt-hellip\"> [\u2026]<\/span><\/p>\n","protected":false},"featured_media":0,"template":"","meta":{"_monsterinsights_skip_tracking":false,"_monsterinsights_sitenote_active":false,"_monsterinsights_sitenote_note":"","_monsterinsights_sitenote_category":0},"product_brand":[],"product_cat":[12291],"product_tag":[],"class_list":{"0":"post-740309","1":"product","2":"type-product","3":"status-publish","5":"product_cat-edebiyat","6":"pa_cilt-ciltsiz","7":"pa_tur-kitap","8":"pa_yayinevi-platanus-publishing","9":"pa_yazar-zafer-baris","11":"first","12":"instock","13":"sale","14":"shipping-taxable","15":"purchasable","16":"product-type-simple"},"_links":{"self":[{"href":"https:\/\/roveyayinevi.com.tr\/index.php\/wp-json\/wp\/v2\/product\/740309","targetHints":{"allow":["GET"]}}],"collection":[{"href":"https:\/\/roveyayinevi.com.tr\/index.php\/wp-json\/wp\/v2\/product"}],"about":[{"href":"https:\/\/roveyayinevi.com.tr\/index.php\/wp-json\/wp\/v2\/types\/product"}],"wp:attachment":[{"href":"https:\/\/roveyayinevi.com.tr\/index.php\/wp-json\/wp\/v2\/media?parent=740309"}],"wp:term":[{"taxonomy":"product_brand","embeddable":true,"href":"https:\/\/roveyayinevi.com.tr\/index.php\/wp-json\/wp\/v2\/product_brand?post=740309"},{"taxonomy":"product_cat","embeddable":true,"href":"https:\/\/roveyayinevi.com.tr\/index.php\/wp-json\/wp\/v2\/product_cat?post=740309"},{"taxonomy":"product_tag","embeddable":true,"href":"https:\/\/roveyayinevi.com.tr\/index.php\/wp-json\/wp\/v2\/product_tag?post=740309"}],"curies":[{"name":"wp","href":"https:\/\/api.w.org\/{rel}","templated":true}]}}