{"id":740308,"date":"2025-08-28T00:24:29","date_gmt":"2025-08-27T21:24:29","guid":{"rendered":"https:\/\/roveyayinevi.com.tr\/index.php\/urun\/buyuk-insanlar-ve-sira-disi-yasamlari\/"},"modified":"2026-04-16T02:51:12","modified_gmt":"2026-04-15T23:51:12","slug":"buyuk-insanlar-ve-sira-disi-yasamlari","status":"publish","type":"product","link":"https:\/\/roveyayinevi.com.tr\/index.php\/urun\/buyuk-insanlar-ve-sira-disi-yasamlari\/","title":{"rendered":"B\u00fcy\u00fck \u0130nsanlar ve S\u0131ra D\u0131\u015f\u0131 Ya\u015famlar\u0131"},"content":{"rendered":"<p>Bilimsel \u00fcyelikler: T\u00fcrkiye Bilimler Akademisi \u015eeref \u00fcyesi ldquo;American National Academy of Neuropsychologyrdquo; Profesyonel \u00fcyesi ldquo;New York Academy of Sciencesrdquo; Aktif \u00fcyesi International Brain Research Organization European Neuroscience Association Society for Psychophysiological Research Ulusal Fizyoloji, N\u00d6roloji ve EEG-EMG Dernekleri T\u00fcrkiye Zeka Vakf\u0131 Kurucu \u00fcyesi Erzurum Beyin-Kalp Ara\u015ft\u0131rma Derne\u011fi Kurucusu ve Ba\u015fkan\u0131 ULUSAL B\u0130L\u0130M \u00d6D\u00fcLLER\u0130: 1973: T\u00fcB\u0130TAK Te\u015fvik \u00d6d\u00fcl\u00fc 1975: Eczac\u0131ba\u015f\u0131 T\u0131p \u00d6d\u00fcl\u00fc 1980: Dorothea Morton ldquo;N\u00d6rolojik Bilimlerrdquo; Birincilik \u00d6d\u00fcl\u00fc 1985: Atat\u00fcrk \u00fc. T\u0131p Fak. \u015e\u00fckran Belgesi 1986: Nokta Dergisi ldquo;Doruktakilerrdquo; Bilim \u00d6d\u00fcl\u00fc 1986: T\u00fcB\u0130TAK Bilim \u00d6d\u00fcl\u00fc 1988: Sedat Simavi Vakf\u0131 T\u0131p \u00d6d\u00fcl\u00fc 1991: T\u00fcrk Tan\u0131tma Vakf\u0131 \u00d6d\u00fcl\u00fc 1996: Atat\u00fcrk \u00fc. T\u0131p Fak. ldquo;\u015e\u00fckran ve Onurrdquo; Belgesi ULUSLARARASI B\u0130L\u0130M \u00d6D\u00fcLLER\u0130: 1985: ldquo;Academic Degree of Doctor of Philosophy (Honoris Causa) in Education With all honours, rights, privileges and dignity (International University Foundation, USA) 1986 Einstein Medal for Peace (International Albert Einstein Foundation, USA) 1986: Einstein Medal for Science (International Albert Einstein Foundation,USA) 1987:ldquo;Medal of Honourrdquo; Commemorating Distinguished Lifelong Achievements,USA 1991: ldquo;Nobel Medal for Peacerdquo; (Int. Albert Einstein Foundation, USA) 1991: ldquo;Nobel Medal for Sciencerdquo; (Int. Albert Einstein Foundation, USA) 1992: ldquo;Golden Academy Award for Lifelong Achievement, USA) 1998: Amerikan Biyografi Enstit\u00fcs\u00fc ldquo;Alt\u0131n Kitaprdquo; \u00d6d\u00fcl\u00fc<\/p>\n","protected":false},"excerpt":{"rendered":"<p>Bilimsel \u00fcyelikler: T\u00fcrkiye Bilimler Akademisi \u015eeref \u00fcyesi ldquo;American National Academy of Neuropsychologyrdquo; Profesyonel \u00fcyesi ldquo;New York Academy of Sciencesrdquo; Aktif \u00fcyesi International Brain Research Organization European<span class=\"excerpt-hellip\"> [\u2026]<\/span><\/p>\n","protected":false},"featured_media":0,"template":"","meta":{"_monsterinsights_skip_tracking":false,"_monsterinsights_sitenote_active":false,"_monsterinsights_sitenote_note":"","_monsterinsights_sitenote_category":0},"product_brand":[],"product_cat":[12291],"product_tag":[],"class_list":{"0":"post-740308","1":"product","2":"type-product","3":"status-publish","5":"product_cat-edebiyat","6":"pa_cilt-ciltsiz","7":"pa_tur-kitap","8":"pa_yayinevi-platanus-publishing","9":"pa_yazar-uner-tan","11":"first","12":"instock","13":"sale","14":"shipping-taxable","15":"purchasable","16":"product-type-simple"},"_links":{"self":[{"href":"https:\/\/roveyayinevi.com.tr\/index.php\/wp-json\/wp\/v2\/product\/740308","targetHints":{"allow":["GET"]}}],"collection":[{"href":"https:\/\/roveyayinevi.com.tr\/index.php\/wp-json\/wp\/v2\/product"}],"about":[{"href":"https:\/\/roveyayinevi.com.tr\/index.php\/wp-json\/wp\/v2\/types\/product"}],"wp:attachment":[{"href":"https:\/\/roveyayinevi.com.tr\/index.php\/wp-json\/wp\/v2\/media?parent=740308"}],"wp:term":[{"taxonomy":"product_brand","embeddable":true,"href":"https:\/\/roveyayinevi.com.tr\/index.php\/wp-json\/wp\/v2\/product_brand?post=740308"},{"taxonomy":"product_cat","embeddable":true,"href":"https:\/\/roveyayinevi.com.tr\/index.php\/wp-json\/wp\/v2\/product_cat?post=740308"},{"taxonomy":"product_tag","embeddable":true,"href":"https:\/\/roveyayinevi.com.tr\/index.php\/wp-json\/wp\/v2\/product_tag?post=740308"}],"curies":[{"name":"wp","href":"https:\/\/api.w.org\/{rel}","templated":true}]}}