{"id":740306,"date":"2025-08-28T00:24:26","date_gmt":"2025-08-27T21:24:26","guid":{"rendered":"https:\/\/roveyayinevi.com.tr\/index.php\/urun\/24-kasima-ozel-ataturkun-ogretmen-heyetlerine-yonelik-demecleri\/"},"modified":"2026-04-16T02:51:12","modified_gmt":"2026-04-15T23:51:12","slug":"24-kasima-ozel-ataturkun-ogretmen-heyetlerine-yonelik-demecleri","status":"publish","type":"product","link":"https:\/\/roveyayinevi.com.tr\/index.php\/urun\/24-kasima-ozel-ataturkun-ogretmen-heyetlerine-yonelik-demecleri\/","title":{"rendered":"24 Kas\u0131ma \u00d6zel &#8211; Atat\u00fcrk&#8217;\u00fcn \u00d6\u011fretmen Heyetlerine Y\u00f6nelik Deme\u00e7leri"},"content":{"rendered":"<p>1. Atat\u00fcrk\u00fcn Birinci Maarif Kongresi A\u00e7\u0131\u015f Konu\u015fmas\u0131 2. Atat\u00fcrk\u00fcnnbsp;Bursadanbsp;\u00d6\u011fretmenler Grubuna Konu\u015fmas\u0131 3. Atat\u00fcrk\u00fcn K\u00fctahyada \u00d6\u011fretmenlerle Konu\u015fmas\u0131 4. Atat\u00fcrk\u00fcn Konyada Lise \u00d6\u011fretmen Ve \u00d6\u011frencileriyle Konu\u015fmas\u0131 5. Atat\u00fcrk\u00fcn Samsun \u00d6\u011fretmenleriyle Konu\u015fmas\u0131 6. Atat\u00fcrk\u00fcn Konyada \u00d6\u011fretmenlerle Bir Ba\u015fka Konu\u015fmas\u0131 7. Atat\u00fcrk\u00fcn Konyada \u00d6\u011fretmenlerle Konu\u015fmas\u0131 8. Atat\u00fcrk\u00fcn \u0130zmir Erkek \u00d6\u011fretmen Okulundaki Konu\u015fmas\u0131 9. Atat\u00fcrk\u00fcn \u0130zmir K\u0131z \u00d6\u011fretmen Okulundaki Konu\u015fmas\u0131 10. Atat\u00fcrk\u00fcn \u0130stanbul \u00d6\u011fretmenler Heyetine Deme\u00e7leri 11. Atat\u00fcrk\u00fcn \u00d6\u011fretmenlere Deme\u00e7leri 12. Okullar ve \u00d6\u011fretmenlere Dair 13. Yeni T\u00fcrk Harfleri Hakk\u0131nda 14. Atat\u00fcrk\u00fcn Yaz\u0131 \u0130nk\u0131lab\u0131 Hakk\u0131ndaki Konu\u015fmas\u0131 15. Cumhuriyetin Onuncu Y\u0131l Nutku<\/p>\n","protected":false},"excerpt":{"rendered":"<p>1. Atat\u00fcrk\u00fcn Birinci Maarif Kongresi A\u00e7\u0131\u015f Konu\u015fmas\u0131 2. Atat\u00fcrk\u00fcnnbsp;Bursadanbsp;\u00d6\u011fretmenler Grubuna Konu\u015fmas\u0131 3. Atat\u00fcrk\u00fcn K\u00fctahyada \u00d6\u011fretmenlerle Konu\u015fmas\u0131 4. Atat\u00fcrk\u00fcn Konyada Lise \u00d6\u011fretmen Ve \u00d6\u011frencileriyle Konu\u015fmas\u0131 5. Atat\u00fcrk\u00fcn<span class=\"excerpt-hellip\"> [\u2026]<\/span><\/p>\n","protected":false},"featured_media":0,"template":"","meta":{"_monsterinsights_skip_tracking":false,"_monsterinsights_sitenote_active":false,"_monsterinsights_sitenote_note":"","_monsterinsights_sitenote_category":0},"product_brand":[],"product_cat":[12304],"product_tag":[],"class_list":{"0":"post-740306","1":"product","2":"type-product","3":"status-publish","5":"product_cat-tarih","6":"pa_cilt-ciltsiz","7":"pa_tur-kitap","8":"pa_yayinevi-platanus-publishing","9":"pa_yazar-mustafa-kemal-ataturk","11":"first","12":"instock","13":"sale","14":"shipping-taxable","15":"purchasable","16":"product-type-simple"},"_links":{"self":[{"href":"https:\/\/roveyayinevi.com.tr\/index.php\/wp-json\/wp\/v2\/product\/740306","targetHints":{"allow":["GET"]}}],"collection":[{"href":"https:\/\/roveyayinevi.com.tr\/index.php\/wp-json\/wp\/v2\/product"}],"about":[{"href":"https:\/\/roveyayinevi.com.tr\/index.php\/wp-json\/wp\/v2\/types\/product"}],"wp:attachment":[{"href":"https:\/\/roveyayinevi.com.tr\/index.php\/wp-json\/wp\/v2\/media?parent=740306"}],"wp:term":[{"taxonomy":"product_brand","embeddable":true,"href":"https:\/\/roveyayinevi.com.tr\/index.php\/wp-json\/wp\/v2\/product_brand?post=740306"},{"taxonomy":"product_cat","embeddable":true,"href":"https:\/\/roveyayinevi.com.tr\/index.php\/wp-json\/wp\/v2\/product_cat?post=740306"},{"taxonomy":"product_tag","embeddable":true,"href":"https:\/\/roveyayinevi.com.tr\/index.php\/wp-json\/wp\/v2\/product_tag?post=740306"}],"curies":[{"name":"wp","href":"https:\/\/api.w.org\/{rel}","templated":true}]}}