{"id":740298,"date":"2025-08-28T00:24:18","date_gmt":"2025-08-27T21:24:18","guid":{"rendered":"https:\/\/roveyayinevi.com.tr\/index.php\/urun\/matta-incil\/"},"modified":"2026-04-16T02:51:12","modified_gmt":"2026-04-15T23:51:12","slug":"matta-incil","status":"publish","type":"product","link":"https:\/\/roveyayinevi.com.tr\/index.php\/urun\/matta-incil\/","title":{"rendered":"(Matta \u0130ncil)"},"content":{"rendered":"<p>I express my gratitude to &#8216;Lazebura&#8217; &#8211; the Laz association of Europe and Mr. Hasan \u00e7ur\u00e7ava for their assistance in publishing this book.<br \/>\nGiorgi Sakhokia Avropa\u015fi Lazuri okokatale &#8216;Lazeburas&#8217; do ti\u015fineri Hasan \u00e7ur\u00e7avas, ham kitabi\u015fi gama\u015fkvinus xe na elam\u00e7es\u015feni mevuxvamam. Giorgi Saxoki<\/p>\n<p><strong>Dil:<\/strong> Lazca<\/p>\n","protected":false},"excerpt":{"rendered":"<p>I express my gratitude to &#8216;Lazebura&#8217; &#8211; the Laz association of Europe and Mr. Hasan \u00e7ur\u00e7ava for their assistance in publishing this book. Giorgi Sakhokia Avropa\u015fi<span class=\"excerpt-hellip\"> [\u2026]<\/span><\/p>\n","protected":false},"featured_media":0,"template":"","meta":{"_monsterinsights_skip_tracking":false,"_monsterinsights_sitenote_active":false,"_monsterinsights_sitenote_note":"","_monsterinsights_sitenote_category":0},"product_brand":[],"product_cat":[12472],"product_tag":[],"class_list":{"0":"post-740298","1":"product","2":"type-product","3":"status-publish","5":"product_cat-yabanci-dilde-kitaplar","6":"pa_cilt-ciltsiz","7":"pa_tur-kitap","8":"pa_yayinevi-platanus-publishing","9":"pa_yazar-giorgi-a-sakhokia","11":"first","12":"instock","13":"sale","14":"shipping-taxable","15":"purchasable","16":"product-type-simple"},"_links":{"self":[{"href":"https:\/\/roveyayinevi.com.tr\/index.php\/wp-json\/wp\/v2\/product\/740298","targetHints":{"allow":["GET"]}}],"collection":[{"href":"https:\/\/roveyayinevi.com.tr\/index.php\/wp-json\/wp\/v2\/product"}],"about":[{"href":"https:\/\/roveyayinevi.com.tr\/index.php\/wp-json\/wp\/v2\/types\/product"}],"wp:attachment":[{"href":"https:\/\/roveyayinevi.com.tr\/index.php\/wp-json\/wp\/v2\/media?parent=740298"}],"wp:term":[{"taxonomy":"product_brand","embeddable":true,"href":"https:\/\/roveyayinevi.com.tr\/index.php\/wp-json\/wp\/v2\/product_brand?post=740298"},{"taxonomy":"product_cat","embeddable":true,"href":"https:\/\/roveyayinevi.com.tr\/index.php\/wp-json\/wp\/v2\/product_cat?post=740298"},{"taxonomy":"product_tag","embeddable":true,"href":"https:\/\/roveyayinevi.com.tr\/index.php\/wp-json\/wp\/v2\/product_tag?post=740298"}],"curies":[{"name":"wp","href":"https:\/\/api.w.org\/{rel}","templated":true}]}}