{"id":740296,"date":"2025-08-28T00:24:16","date_gmt":"2025-08-27T21:24:16","guid":{"rendered":"https:\/\/roveyayinevi.com.tr\/index.php\/urun\/cizgiler-uzerinde-dans\/"},"modified":"2026-04-16T02:51:12","modified_gmt":"2026-04-15T23:51:12","slug":"cizgiler-uzerinde-dans","status":"publish","type":"product","link":"https:\/\/roveyayinevi.com.tr\/index.php\/urun\/cizgiler-uzerinde-dans\/","title":{"rendered":"\u00c7izgiler \u00dczerinde Dans"},"content":{"rendered":"<p>Ya\u015fam\u0131n\u0131 tarafs\u0131z biz g\u00d6zle, objektif olarak irdeleme cesaretine sahip emekli bir akademisyenin \u00e7ocukluk ve gen\u00e7lik d\u00d6nemlerini ya\u015fad\u0131\u011f\u0131 \u0130stanbulun altm\u0131\u015f y\u0131l \u00d6nceki manzaras\u0131n\u0131 g\u00d6zler \u00d6n\u00fcne sermekle ba\u015flar anlat\u0131. Ya\u015fam\u0131m\u0131zda derin izler b\u0131rakan g\u00fcnl\u00fck ya\u015fam kesitlerini ele\u015ftiriler bir bak\u0131\u015f a\u00e7\u0131s\u0131yla ele alan kahraman\u0131m\u0131z, ya\u015fam\u0131n\u0131n son d\u00d6nemlerinde edindi\u011fi dostu Doktor Murat Beyle -ki onun hayat\u0131 boyunca \u00d6zlemini \u00e7ekti\u011fi ve ancak ya\u015fam\u0131n\u0131n son \u00e7eyre\u011finde buldu\u011fu dostudur- olan sohbetlerinde hepimizin bildi\u011fi, rahats\u0131z oldu\u011fumuz ancak dile getirmeye cesaret edemedi\u011fimiz bir\u00e7ok konuyu tart\u0131\u015fmaya a\u00e7ar. Birlikte irdelerler ya\u015fam\u0131. \u0130rdelemekle kalmaz \u00e7\u00d6z\u00fcm \u00d6nerileri de ortaya koyarlar. Bir anlamda ya\u015fam\u0131 sorgularlar. Sokratesin ldquo; Sorgulanmayan ya\u015fam, ya\u015fam de\u011fildirrdquo; s\u00d6z\u00fcn\u00fc sohbetlerinin her sat\u0131r\u0131nda bize adeta hat\u0131rlat\u0131rlar.sunuyorum.<\/p>\n","protected":false},"excerpt":{"rendered":"<p>Ya\u015fam\u0131n\u0131 tarafs\u0131z biz g\u00d6zle, objektif olarak irdeleme cesaretine sahip emekli bir akademisyenin \u00e7ocukluk ve gen\u00e7lik d\u00d6nemlerini ya\u015fad\u0131\u011f\u0131 \u0130stanbulun altm\u0131\u015f y\u0131l \u00d6nceki manzaras\u0131n\u0131 g\u00d6zler \u00d6n\u00fcne sermekle ba\u015flar<span class=\"excerpt-hellip\"> [\u2026]<\/span><\/p>\n","protected":false},"featured_media":0,"template":"","meta":{"_monsterinsights_skip_tracking":false,"_monsterinsights_sitenote_active":false,"_monsterinsights_sitenote_note":"","_monsterinsights_sitenote_category":0},"product_brand":[],"product_cat":[12291],"product_tag":[],"class_list":{"0":"post-740296","1":"product","2":"type-product","3":"status-publish","5":"product_cat-edebiyat","6":"pa_cilt-ciltsiz","7":"pa_tur-kitap","8":"pa_yayinevi-platanus-publishing","9":"pa_yazar-sedat-yalcin","11":"first","12":"instock","13":"sale","14":"shipping-taxable","15":"purchasable","16":"product-type-simple"},"_links":{"self":[{"href":"https:\/\/roveyayinevi.com.tr\/index.php\/wp-json\/wp\/v2\/product\/740296","targetHints":{"allow":["GET"]}}],"collection":[{"href":"https:\/\/roveyayinevi.com.tr\/index.php\/wp-json\/wp\/v2\/product"}],"about":[{"href":"https:\/\/roveyayinevi.com.tr\/index.php\/wp-json\/wp\/v2\/types\/product"}],"wp:attachment":[{"href":"https:\/\/roveyayinevi.com.tr\/index.php\/wp-json\/wp\/v2\/media?parent=740296"}],"wp:term":[{"taxonomy":"product_brand","embeddable":true,"href":"https:\/\/roveyayinevi.com.tr\/index.php\/wp-json\/wp\/v2\/product_brand?post=740296"},{"taxonomy":"product_cat","embeddable":true,"href":"https:\/\/roveyayinevi.com.tr\/index.php\/wp-json\/wp\/v2\/product_cat?post=740296"},{"taxonomy":"product_tag","embeddable":true,"href":"https:\/\/roveyayinevi.com.tr\/index.php\/wp-json\/wp\/v2\/product_tag?post=740296"}],"curies":[{"name":"wp","href":"https:\/\/api.w.org\/{rel}","templated":true}]}}