{"id":740290,"date":"2025-08-28T00:24:09","date_gmt":"2025-08-27T21:24:09","guid":{"rendered":"https:\/\/roveyayinevi.com.tr\/index.php\/urun\/mustafa-kemal-ile-canakkaleden-ankaraya\/"},"modified":"2026-04-16T02:51:11","modified_gmt":"2026-04-15T23:51:11","slug":"mustafa-kemal-ile-canakkaleden-ankaraya","status":"publish","type":"product","link":"https:\/\/roveyayinevi.com.tr\/index.php\/urun\/mustafa-kemal-ile-canakkaleden-ankaraya\/","title":{"rendered":"Mustafa Kemal ile \u00c7anakkaleden Ankara&#8217;ya"},"content":{"rendered":"<p>Milli m\u00fccadelelere \u015fahsi h\u0131rs de\u011fil, milli onur sebep olmu\u015ftur.M.Kemal Atat\u00fcrk9 A\u011fustosta, lX \u0130ngiliz Kolordusunun ileri hareketini durdurup bozguna u\u011fratan M. Kemal, Conkbay\u0131r\u0131da \u0130ngilizleri yenerek ba\u011faza hakim Sar\u0131bay\u0131r s\u0131rtlar\u0131na kesin olarak yerle\u015fmi\u015ftir. Bir t\u00fcmen komutan\u0131n\u0131n \u00fc\u00e7 ayr\u0131 yerde, tek ba\u015f\u0131na giri\u015fti\u011fi hareketlerle, bir sava\u015f\u0131n ve hatta bir ulusun kaderini de\u011fi\u015ftirecek bir zafer kazand\u0131\u011f\u0131 tarikte pek nadirdir.\u0130ngiliz General C. F. Aspinall OglanderAtat\u00fcrk, tarihin T\u00fcrk Ulusuna ve insanl\u0131\u011fa bir arma\u011fan\u0131d\u0131r.Klaus Liebe<\/p>\n","protected":false},"excerpt":{"rendered":"<p>Milli m\u00fccadelelere \u015fahsi h\u0131rs de\u011fil, milli onur sebep olmu\u015ftur.M.Kemal Atat\u00fcrk9 A\u011fustosta, lX \u0130ngiliz Kolordusunun ileri hareketini durdurup bozguna u\u011fratan M. Kemal, Conkbay\u0131r\u0131da \u0130ngilizleri yenerek ba\u011faza hakim<span class=\"excerpt-hellip\"> [\u2026]<\/span><\/p>\n","protected":false},"featured_media":0,"template":"","meta":{"_monsterinsights_skip_tracking":false,"_monsterinsights_sitenote_active":false,"_monsterinsights_sitenote_note":"","_monsterinsights_sitenote_category":0},"product_brand":[],"product_cat":[12304],"product_tag":[],"class_list":{"0":"post-740290","1":"product","2":"type-product","3":"status-publish","5":"product_cat-tarih","6":"pa_cilt-ciltsiz","7":"pa_tur-kitap","8":"pa_yayinevi-platanus-publishing","9":"pa_yazar-nazmi-oner","11":"first","12":"instock","13":"sale","14":"shipping-taxable","15":"purchasable","16":"product-type-simple"},"_links":{"self":[{"href":"https:\/\/roveyayinevi.com.tr\/index.php\/wp-json\/wp\/v2\/product\/740290","targetHints":{"allow":["GET"]}}],"collection":[{"href":"https:\/\/roveyayinevi.com.tr\/index.php\/wp-json\/wp\/v2\/product"}],"about":[{"href":"https:\/\/roveyayinevi.com.tr\/index.php\/wp-json\/wp\/v2\/types\/product"}],"wp:attachment":[{"href":"https:\/\/roveyayinevi.com.tr\/index.php\/wp-json\/wp\/v2\/media?parent=740290"}],"wp:term":[{"taxonomy":"product_brand","embeddable":true,"href":"https:\/\/roveyayinevi.com.tr\/index.php\/wp-json\/wp\/v2\/product_brand?post=740290"},{"taxonomy":"product_cat","embeddable":true,"href":"https:\/\/roveyayinevi.com.tr\/index.php\/wp-json\/wp\/v2\/product_cat?post=740290"},{"taxonomy":"product_tag","embeddable":true,"href":"https:\/\/roveyayinevi.com.tr\/index.php\/wp-json\/wp\/v2\/product_tag?post=740290"}],"curies":[{"name":"wp","href":"https:\/\/api.w.org\/{rel}","templated":true}]}}