{"id":740287,"date":"2025-08-28T00:24:04","date_gmt":"2025-08-27T21:24:04","guid":{"rendered":"https:\/\/roveyayinevi.com.tr\/index.php\/urun\/biz-ucumuz\/"},"modified":"2026-04-16T02:51:11","modified_gmt":"2026-04-15T23:51:11","slug":"biz-ucumuz","status":"publish","type":"product","link":"https:\/\/roveyayinevi.com.tr\/index.php\/urun\/biz-ucumuz\/","title":{"rendered":"Biz \u00dc\u00e7\u00fcm\u00fcz"},"content":{"rendered":"<p>Pisxaloinin hat\u0131ralar\u0131.Ezelden beri candan arkada\u015flar Serinyel, M\u00fcbin ve Davud ldquo;Biz \u00fc\u00e7\u00fcm\u00fczrdquo; olmu\u015flard\u0131. Me\u011fer her birinin ayr\u0131 bir maskesi varm\u0131\u015f.Biz \u00fc\u00e7\u00fcm\u00fczrdquo; olan \u00fc\u00e7 adet maskeymi\u015f me\u011fer.On y\u0131llar sonra maskeler bir bir d\u00fc\u015f\u00fcyor ve ger\u00e7ek y\u00fczler ortaya \u00e7\u0131k\u0131yor.Ve neredeyse yar\u0131m asr\u0131n hikayesi son birka\u00e7 ayda, bir ma\u011farada Munzur Da\u011flar\u0131nda kimsenin ula\u015famad\u0131\u011f\u0131 o gizli ma\u011farada kaleme al\u0131n\u0131yor. ldquo;Aman Allah\u0131m!rdquo; nidalar\u0131, ldquo;Vay anas\u0131n\u0131!rdquo; nidalar\u0131, ldquo;Olamaz, bu ger\u00e7ek olamaz!rdquo; hayk\u0131r\u0131\u015flar\u0131 ma\u011farada yank\u0131lan\u0131yor.Umursamazl\u0131klar, vurdumduymazl\u0131klar, a\u015fk san\u0131lan sahtelikler, hayret verici ili\u015fkiler.Pisxaloinin \u00d6zel almana\u011f\u0131, son elli y\u0131l\u0131n r\u00d6ntgeni.<\/p>\n","protected":false},"excerpt":{"rendered":"<p>Pisxaloinin hat\u0131ralar\u0131.Ezelden beri candan arkada\u015flar Serinyel, M\u00fcbin ve Davud ldquo;Biz \u00fc\u00e7\u00fcm\u00fczrdquo; olmu\u015flard\u0131. Me\u011fer her birinin ayr\u0131 bir maskesi varm\u0131\u015f.Biz \u00fc\u00e7\u00fcm\u00fczrdquo; olan \u00fc\u00e7 adet maskeymi\u015f me\u011fer.On y\u0131llar<span class=\"excerpt-hellip\"> [\u2026]<\/span><\/p>\n","protected":false},"featured_media":0,"template":"","meta":{"_monsterinsights_skip_tracking":false,"_monsterinsights_sitenote_active":false,"_monsterinsights_sitenote_note":"","_monsterinsights_sitenote_category":0},"product_brand":[],"product_cat":[12291],"product_tag":[],"class_list":{"0":"post-740287","1":"product","2":"type-product","3":"status-publish","5":"product_cat-edebiyat","6":"pa_cilt-ciltsiz","7":"pa_tur-kitap","8":"pa_yayinevi-platanus-publishing","9":"pa_yazar-pisxaloi","11":"first","12":"instock","13":"sale","14":"shipping-taxable","15":"purchasable","16":"product-type-simple"},"_links":{"self":[{"href":"https:\/\/roveyayinevi.com.tr\/index.php\/wp-json\/wp\/v2\/product\/740287","targetHints":{"allow":["GET"]}}],"collection":[{"href":"https:\/\/roveyayinevi.com.tr\/index.php\/wp-json\/wp\/v2\/product"}],"about":[{"href":"https:\/\/roveyayinevi.com.tr\/index.php\/wp-json\/wp\/v2\/types\/product"}],"wp:attachment":[{"href":"https:\/\/roveyayinevi.com.tr\/index.php\/wp-json\/wp\/v2\/media?parent=740287"}],"wp:term":[{"taxonomy":"product_brand","embeddable":true,"href":"https:\/\/roveyayinevi.com.tr\/index.php\/wp-json\/wp\/v2\/product_brand?post=740287"},{"taxonomy":"product_cat","embeddable":true,"href":"https:\/\/roveyayinevi.com.tr\/index.php\/wp-json\/wp\/v2\/product_cat?post=740287"},{"taxonomy":"product_tag","embeddable":true,"href":"https:\/\/roveyayinevi.com.tr\/index.php\/wp-json\/wp\/v2\/product_tag?post=740287"}],"curies":[{"name":"wp","href":"https:\/\/api.w.org\/{rel}","templated":true}]}}