{"id":740285,"date":"2025-08-28T00:24:02","date_gmt":"2025-08-27T21:24:02","guid":{"rendered":"https:\/\/roveyayinevi.com.tr\/index.php\/urun\/gocmen-etnisite-ve-yasam-kalitesi-tahran-ornegi\/"},"modified":"2026-04-16T02:51:11","modified_gmt":"2026-04-15T23:51:11","slug":"gocmen-etnisite-ve-yasam-kalitesi-tahran-ornegi","status":"publish","type":"product","link":"https:\/\/roveyayinevi.com.tr\/index.php\/urun\/gocmen-etnisite-ve-yasam-kalitesi-tahran-ornegi\/","title":{"rendered":"G\u00f6\u00e7men Etnisite ve Ya\u015fam Kalitesi: Tahran \u00d6rne\u011fi"},"content":{"rendered":"<p>\u0130ran toplumu son y\u0131llarda yurti\u00e7i g\u00d6\u00e7\u00fcn\u00fc fazlaca tecr\u00fcbe etmi\u015ftir. Bu g\u00d6\u00e7 dalgas\u0131 genel olarak \u00fclkenin k\u0131rsal ve az geli\u015fmi\u015f b\u00d6lgelerinden, sanayile\u015fmi\u015f b\u00fcy\u00fck \u015fehirlerine \u00d6zelliklede Tahrana ger\u00e7ekle\u015fmi\u015ftir. Bu i\u00e7 g\u00d6\u00e7 dalgalar\u0131n ard\u0131ndan Tahran\u0131n etraf\u0131nda birtak\u0131m marjinal \u015fehirlerin olu\u015fmas\u0131 i\u00e7 g\u00d6\u00e7\u00fcn en g\u00d6ze \u00e7arp\u0131c\u0131 sonu\u00e7lar\u0131ndan biri olmu\u015ftur. \u0130ran \u00e7ok etnik yap\u0131l\u0131 bir toplum oldu\u011fu g\u00d6z \u00d6n\u00fcne al\u0131n\u0131rsa, g\u00d6\u00e7menler farkl\u0131 b\u00d6lgelerden etnik \u00d6zellikleri ve sosyoekonomik alt yap\u0131s\u0131 ile birlikte Tahran\u0131n marjinal \u015fehirlerine yerle\u015fmi\u015flerdir. Dolay\u0131s\u0131yla g\u00d6\u00e7menler Tahran metropoll\u00fcne yerle\u015ftikten sonra zaman i\u00e7erisinde yeni sosyal yap\u0131daki ortamda sosyoekonomik, k\u00fclt\u00fcrel, kimlik ve etnik boyutlar\u0131nda de\u011fi\u015fim-d\u00d6n\u00fc\u015f\u00fcmleri tecr\u00fcbe etmi\u015flerdir. Genel olarak d\u00fcnya \u00e7ap\u0131nda oldu\u011fu gibi \u0130ran toplumu da ulusal ve uluslararas\u0131 \u00d6rne\u011fin modernle\u015fme ve son zamanlarda k\u00fcreselle\u015fme gibi projelerin sonu\u00e7lar\u0131ndan etkilenmi\u015ftir. Bu durum \u0130ran\u0131n etnik gruplar\u0131n\u0131 sosyoekonomik ve etnik kimlik \u00d6zellikleri bak\u0131m\u0131ndan etkilemi\u015ftir. Asl\u0131nda bu kitap genel olarak \u0130ran\u0131n i\u00e7 g\u00d6\u00e7\u00fc ile ilgi, \u0130ran toplumunun sosyal ve etnik yap\u0131s\u0131n\u0131 modernle\u015fme s\u00fcrecinin en ba\u015f\u0131ndan bu yana ara\u015ft\u0131rma yapanlar veya okumak isteyenler i\u00e7in en az\u0131ndan bir bilimsel ipucu olabilir.<\/p>\n","protected":false},"excerpt":{"rendered":"<p>\u0130ran toplumu son y\u0131llarda yurti\u00e7i g\u00d6\u00e7\u00fcn\u00fc fazlaca tecr\u00fcbe etmi\u015ftir. Bu g\u00d6\u00e7 dalgas\u0131 genel olarak \u00fclkenin k\u0131rsal ve az geli\u015fmi\u015f b\u00d6lgelerinden, sanayile\u015fmi\u015f b\u00fcy\u00fck \u015fehirlerine \u00d6zelliklede Tahrana ger\u00e7ekle\u015fmi\u015ftir.<span class=\"excerpt-hellip\"> [\u2026]<\/span><\/p>\n","protected":false},"featured_media":0,"template":"","meta":{"_monsterinsights_skip_tracking":false,"_monsterinsights_sitenote_active":false,"_monsterinsights_sitenote_note":"","_monsterinsights_sitenote_category":0},"product_brand":[],"product_cat":[12304],"product_tag":[],"class_list":{"0":"post-740285","1":"product","2":"type-product","3":"status-publish","5":"product_cat-tarih","6":"pa_cilt-ciltsiz","7":"pa_tur-kitap","8":"pa_yayinevi-platanus-publishing","9":"pa_yazar-hedayat-eydi-tarakameh","11":"first","12":"instock","13":"sale","14":"shipping-taxable","15":"purchasable","16":"product-type-simple"},"_links":{"self":[{"href":"https:\/\/roveyayinevi.com.tr\/index.php\/wp-json\/wp\/v2\/product\/740285","targetHints":{"allow":["GET"]}}],"collection":[{"href":"https:\/\/roveyayinevi.com.tr\/index.php\/wp-json\/wp\/v2\/product"}],"about":[{"href":"https:\/\/roveyayinevi.com.tr\/index.php\/wp-json\/wp\/v2\/types\/product"}],"wp:attachment":[{"href":"https:\/\/roveyayinevi.com.tr\/index.php\/wp-json\/wp\/v2\/media?parent=740285"}],"wp:term":[{"taxonomy":"product_brand","embeddable":true,"href":"https:\/\/roveyayinevi.com.tr\/index.php\/wp-json\/wp\/v2\/product_brand?post=740285"},{"taxonomy":"product_cat","embeddable":true,"href":"https:\/\/roveyayinevi.com.tr\/index.php\/wp-json\/wp\/v2\/product_cat?post=740285"},{"taxonomy":"product_tag","embeddable":true,"href":"https:\/\/roveyayinevi.com.tr\/index.php\/wp-json\/wp\/v2\/product_tag?post=740285"}],"curies":[{"name":"wp","href":"https:\/\/api.w.org\/{rel}","templated":true}]}}