{"id":740277,"date":"2025-08-28T00:23:52","date_gmt":"2025-08-27T21:23:52","guid":{"rendered":"https:\/\/roveyayinevi.com.tr\/index.php\/urun\/bir-izdivacin-tarih-i-muasakasi-orijinal-metin\/"},"modified":"2026-04-16T02:51:10","modified_gmt":"2026-04-15T23:51:10","slug":"bir-izdivacin-tarih-i-muasakasi-orijinal-metin","status":"publish","type":"product","link":"https:\/\/roveyayinevi.com.tr\/index.php\/urun\/bir-izdivacin-tarih-i-muasakasi-orijinal-metin\/","title":{"rendered":"Bir \u0130zdivac\u0131n Tarih-i Mua\u015fakas\u0131 &#8211; Orijinal Metin"},"content":{"rendered":"<p>Bir \u0130zdivac\u0131n Tarih-i Mua\u015fakas\u0131 &#8211; Orijinal Metin<\/p>\n","protected":false},"excerpt":{"rendered":"<p>Bir \u0130zdivac\u0131n Tarih-i Mua\u015fakas\u0131 &#8211; Orijinal Metin<\/p>\n","protected":false},"featured_media":0,"template":"","meta":{"_monsterinsights_skip_tracking":false,"_monsterinsights_sitenote_active":false,"_monsterinsights_sitenote_note":"","_monsterinsights_sitenote_category":0},"product_brand":[],"product_cat":[12291],"product_tag":[],"class_list":{"0":"post-740277","1":"product","2":"type-product","3":"status-publish","5":"product_cat-edebiyat","6":"pa_cilt-ciltsiz","7":"pa_tur-kitap","8":"pa_yayinevi-platanus-publishing","9":"pa_yazar-halid-ziya-usakligil","11":"first","12":"instock","13":"sale","14":"shipping-taxable","15":"purchasable","16":"product-type-simple"},"_links":{"self":[{"href":"https:\/\/roveyayinevi.com.tr\/index.php\/wp-json\/wp\/v2\/product\/740277","targetHints":{"allow":["GET"]}}],"collection":[{"href":"https:\/\/roveyayinevi.com.tr\/index.php\/wp-json\/wp\/v2\/product"}],"about":[{"href":"https:\/\/roveyayinevi.com.tr\/index.php\/wp-json\/wp\/v2\/types\/product"}],"wp:attachment":[{"href":"https:\/\/roveyayinevi.com.tr\/index.php\/wp-json\/wp\/v2\/media?parent=740277"}],"wp:term":[{"taxonomy":"product_brand","embeddable":true,"href":"https:\/\/roveyayinevi.com.tr\/index.php\/wp-json\/wp\/v2\/product_brand?post=740277"},{"taxonomy":"product_cat","embeddable":true,"href":"https:\/\/roveyayinevi.com.tr\/index.php\/wp-json\/wp\/v2\/product_cat?post=740277"},{"taxonomy":"product_tag","embeddable":true,"href":"https:\/\/roveyayinevi.com.tr\/index.php\/wp-json\/wp\/v2\/product_tag?post=740277"}],"curies":[{"name":"wp","href":"https:\/\/api.w.org\/{rel}","templated":true}]}}