{"id":740248,"date":"2025-08-28T00:23:27","date_gmt":"2025-08-27T21:23:27","guid":{"rendered":"https:\/\/roveyayinevi.com.tr\/index.php\/urun\/12-ofkeli-kadin\/"},"modified":"2026-04-16T02:51:08","modified_gmt":"2026-04-15T23:51:08","slug":"12-ofkeli-kadin","status":"publish","type":"product","link":"https:\/\/roveyayinevi.com.tr\/index.php\/urun\/12-ofkeli-kadin\/","title":{"rendered":"12 \u00d6fkeli Kad\u0131n"},"content":{"rendered":"<p>12 farkl\u0131 kad\u0131n. 12 farkl\u0131 hikaye. Bulu\u015fma noktalar\u0131 ise basit bir davetiye. Milyonluk bir metropolde \u015fiddet g\u00d6ren, zorla \u00e7ocuk ya\u015fta evlendirilen, \u00e7ocuk ya\u015fta \u00e7al\u0131\u015fmaya zorlanan, e\u011fitim hakk\u0131ndan mahrum b\u0131rak\u0131lan, namus safsatas\u0131 alt\u0131nda ezilen, cinsel y\u00d6nelimlerinden, cinsiyet kimliklerinden dolay\u0131 hor g\u00d6r\u00fcl\u00fcp ayr\u0131\u015ft\u0131r\u0131lan, can\u0131n\u0131 kurtarmak i\u00e7in her \u015feyini feda eden, her g\u00fcn i\u015fte, yolda, sokakta tacize u\u011frayan, tecav\u00fcz edilen binlerce kad\u0131ndan sadece 12 tanesinin hikayesi.Cinnet: yeme\u011fi tuzsuz yapan kar\u0131s\u0131n\u0131 \u00d6ld\u00fcrd\u00fc. Namus: sevgilisiyle yakalad\u0131\u011f\u0131 karde\u015finin namusunu temizledi. Sapk\u0131nl\u0131k: tak\u0131nt\u0131l\u0131 oldu\u011fu erkek arkada\u015f\u0131n\u0131 b\u0131\u00e7aklatt\u0131. Yolsuzluk: \u00fcnl\u00fc i\u015f adam\u0131n\u0131n milyonlarda dolar kara para aklad\u0131\u011f\u0131 ortaya \u00e7\u0131kt\u0131. Tecav\u00fcz: 13 ya\u015f\u0131ndaki M.\u00e7. amcas\u0131 taraf\u0131ndan tecav\u00fcze u\u011frad\u0131. Kin Cinayeti: kendisine kar\u015f\u0131l\u0131k vermedi\u011finden gururuna yediremeyip trans kad\u0131n \u015eeymay\u0131 bo\u011farak \u00d6ld\u00fcrd\u00fc.rdquo; Her biri kurgu ancak bir o kadar da ger\u00e7ek, herkesin kendinden bir \u015feyler bulabilece\u011fi 12 hayat hikayesi.<\/p>\n","protected":false},"excerpt":{"rendered":"<p>12 farkl\u0131 kad\u0131n. 12 farkl\u0131 hikaye. Bulu\u015fma noktalar\u0131 ise basit bir davetiye. Milyonluk bir metropolde \u015fiddet g\u00d6ren, zorla \u00e7ocuk ya\u015fta evlendirilen, \u00e7ocuk ya\u015fta \u00e7al\u0131\u015fmaya zorlanan, e\u011fitim<span class=\"excerpt-hellip\"> [\u2026]<\/span><\/p>\n","protected":false},"featured_media":0,"template":"","meta":{"_monsterinsights_skip_tracking":false,"_monsterinsights_sitenote_active":false,"_monsterinsights_sitenote_note":"","_monsterinsights_sitenote_category":0},"product_brand":[],"product_cat":[12291],"product_tag":[],"class_list":{"0":"post-740248","1":"product","2":"type-product","3":"status-publish","5":"product_cat-edebiyat","6":"pa_cilt-ciltsiz","7":"pa_tur-kitap","8":"pa_yayinevi-platanus-publishing","9":"pa_yazar-nisan-basciftci","11":"first","12":"instock","13":"sale","14":"shipping-taxable","15":"purchasable","16":"product-type-simple"},"_links":{"self":[{"href":"https:\/\/roveyayinevi.com.tr\/index.php\/wp-json\/wp\/v2\/product\/740248","targetHints":{"allow":["GET"]}}],"collection":[{"href":"https:\/\/roveyayinevi.com.tr\/index.php\/wp-json\/wp\/v2\/product"}],"about":[{"href":"https:\/\/roveyayinevi.com.tr\/index.php\/wp-json\/wp\/v2\/types\/product"}],"wp:attachment":[{"href":"https:\/\/roveyayinevi.com.tr\/index.php\/wp-json\/wp\/v2\/media?parent=740248"}],"wp:term":[{"taxonomy":"product_brand","embeddable":true,"href":"https:\/\/roveyayinevi.com.tr\/index.php\/wp-json\/wp\/v2\/product_brand?post=740248"},{"taxonomy":"product_cat","embeddable":true,"href":"https:\/\/roveyayinevi.com.tr\/index.php\/wp-json\/wp\/v2\/product_cat?post=740248"},{"taxonomy":"product_tag","embeddable":true,"href":"https:\/\/roveyayinevi.com.tr\/index.php\/wp-json\/wp\/v2\/product_tag?post=740248"}],"curies":[{"name":"wp","href":"https:\/\/api.w.org\/{rel}","templated":true}]}}