{"id":740246,"date":"2025-08-28T00:23:24","date_gmt":"2025-08-27T21:23:24","guid":{"rendered":"https:\/\/roveyayinevi.com.tr\/index.php\/urun\/bir-ask-kirintilari\/"},"modified":"2026-04-16T02:51:08","modified_gmt":"2026-04-15T23:51:08","slug":"bir-ask-kirintilari","status":"publish","type":"product","link":"https:\/\/roveyayinevi.com.tr\/index.php\/urun\/bir-ask-kirintilari\/","title":{"rendered":"Bir A\u015fk K\u0131r\u0131nt\u0131lar\u0131"},"content":{"rendered":"<p>Kendimi bir yokluk i\u00e7inde bir varl\u0131k gibi hissediyorum. Asl\u0131nda hayat bir imtihan iyili\u011fe a\u00e7\u0131lan bir yol umudumu kaybetmek istemiyorum. Ger\u00e7ek a\u015fk\u0131n yarat\u0131c\u0131 oldu\u011funu hissediyorum bu y\u00fczden hayat\u0131n kendisine a\u015f\u0131\u011f\u0131m. \u0130nsanlar\u0131n \u00e7o\u011funlu\u011fu d\u00fczelmeyecek g\u00d6r\u00fcyorum, ama bir nebzede olsun dua ediyor ve bekliyorum elbet d\u00fczelecek. Hayat\u0131 \u00d6yle de ya\u015f\u0131yorum b\u00d6ylede sadece sevdi\u011fim ve bana de\u011fer veren insanlarda bir tebess\u00fcm\u00fcm kals\u0131n istiyorum! Ben hayat\u0131n kendisine a\u015f\u0131\u011f\u0131m sevdam derin, ama sessiz ve sakin ya\u015famak istiyorum. Ben hayat\u0131 b\u00d6yle ya\u015f\u0131yor ve seviyorum.<\/p>\n","protected":false},"excerpt":{"rendered":"<p>Kendimi bir yokluk i\u00e7inde bir varl\u0131k gibi hissediyorum. Asl\u0131nda hayat bir imtihan iyili\u011fe a\u00e7\u0131lan bir yol umudumu kaybetmek istemiyorum. Ger\u00e7ek a\u015fk\u0131n yarat\u0131c\u0131 oldu\u011funu hissediyorum bu y\u00fczden<span class=\"excerpt-hellip\"> [\u2026]<\/span><\/p>\n","protected":false},"featured_media":0,"template":"","meta":{"_monsterinsights_skip_tracking":false,"_monsterinsights_sitenote_active":false,"_monsterinsights_sitenote_note":"","_monsterinsights_sitenote_category":0},"product_brand":[],"product_cat":[12291],"product_tag":[],"class_list":{"0":"post-740246","1":"product","2":"type-product","3":"status-publish","5":"product_cat-edebiyat","6":"pa_cilt-ciltsiz","7":"pa_tur-kitap","8":"pa_yayinevi-platanus-publishing","9":"pa_yazar-mesut-duman","11":"first","12":"instock","13":"sale","14":"shipping-taxable","15":"purchasable","16":"product-type-simple"},"_links":{"self":[{"href":"https:\/\/roveyayinevi.com.tr\/index.php\/wp-json\/wp\/v2\/product\/740246","targetHints":{"allow":["GET"]}}],"collection":[{"href":"https:\/\/roveyayinevi.com.tr\/index.php\/wp-json\/wp\/v2\/product"}],"about":[{"href":"https:\/\/roveyayinevi.com.tr\/index.php\/wp-json\/wp\/v2\/types\/product"}],"wp:attachment":[{"href":"https:\/\/roveyayinevi.com.tr\/index.php\/wp-json\/wp\/v2\/media?parent=740246"}],"wp:term":[{"taxonomy":"product_brand","embeddable":true,"href":"https:\/\/roveyayinevi.com.tr\/index.php\/wp-json\/wp\/v2\/product_brand?post=740246"},{"taxonomy":"product_cat","embeddable":true,"href":"https:\/\/roveyayinevi.com.tr\/index.php\/wp-json\/wp\/v2\/product_cat?post=740246"},{"taxonomy":"product_tag","embeddable":true,"href":"https:\/\/roveyayinevi.com.tr\/index.php\/wp-json\/wp\/v2\/product_tag?post=740246"}],"curies":[{"name":"wp","href":"https:\/\/api.w.org\/{rel}","templated":true}]}}