{"id":740243,"date":"2025-08-28T00:23:21","date_gmt":"2025-08-27T21:23:21","guid":{"rendered":"https:\/\/roveyayinevi.com.tr\/index.php\/urun\/bumerang\/"},"modified":"2026-04-16T02:51:08","modified_gmt":"2026-04-15T23:51:08","slug":"bumerang","status":"publish","type":"product","link":"https:\/\/roveyayinevi.com.tr\/index.php\/urun\/bumerang\/","title":{"rendered":"Bumerang"},"content":{"rendered":"<p>Her \u015fey lay\u0131\u011f\u0131na d\u00d6n\u00fc\u015f\u00fcr. Herkes hak etti\u011fi yerdedir. Karasinekler, la\u011f\u0131m fareleri, hamam b\u00d6ceklerihellip; Bok \u00e7ukurlar\u0131nda dolan\u0131r, oralar\u0131 mesken edinirler. Kelebekler ve ar\u0131lar \u00e7i\u00e7ek bah\u00e7elerinde olur. Kumarbazlar\u0131n kumarbaz dostlar\u0131 olur. H\u0131rs\u0131zlar\u0131n h\u0131rs\u0131z, sanat\u00e7\u0131lar\u0131n sanat\u00e7\u0131 dostlar\u0131 olur. Hepimiz tercihlerimizden ibaretizhellip; Ve ben Bumerang! Hi\u00e7 kimsenin bir di\u011ferinden fark\u0131 yok benim i\u00e7in. Bir ayna gibiyim, nas\u0131l bakarsan, \u00d6yle g\u00d6r\u00fcrs\u00fcn bende kendini. Ben bir Bumerang\u0131m. Beni hangi niyetle f\u0131rlatt\u0131ysan\u0131z, ayn\u0131 niyetle size geri d\u00d6nmek i\u00e7in yola \u00e7\u0131kt\u0131mhellip;<\/p>\n","protected":false},"excerpt":{"rendered":"<p>Her \u015fey lay\u0131\u011f\u0131na d\u00d6n\u00fc\u015f\u00fcr. Herkes hak etti\u011fi yerdedir. Karasinekler, la\u011f\u0131m fareleri, hamam b\u00d6ceklerihellip; Bok \u00e7ukurlar\u0131nda dolan\u0131r, oralar\u0131 mesken edinirler. Kelebekler ve ar\u0131lar \u00e7i\u00e7ek bah\u00e7elerinde olur. Kumarbazlar\u0131n<span class=\"excerpt-hellip\"> [\u2026]<\/span><\/p>\n","protected":false},"featured_media":0,"template":"","meta":{"_monsterinsights_skip_tracking":false,"_monsterinsights_sitenote_active":false,"_monsterinsights_sitenote_note":"","_monsterinsights_sitenote_category":0},"product_brand":[],"product_cat":[12291],"product_tag":[],"class_list":{"0":"post-740243","1":"product","2":"type-product","3":"status-publish","5":"product_cat-edebiyat","6":"pa_cilt-ciltsiz","7":"pa_tur-kitap","8":"pa_yayinevi-platanus-publishing","9":"pa_yazar-aytac-yilmaz","11":"first","12":"instock","13":"sale","14":"shipping-taxable","15":"purchasable","16":"product-type-simple"},"_links":{"self":[{"href":"https:\/\/roveyayinevi.com.tr\/index.php\/wp-json\/wp\/v2\/product\/740243","targetHints":{"allow":["GET"]}}],"collection":[{"href":"https:\/\/roveyayinevi.com.tr\/index.php\/wp-json\/wp\/v2\/product"}],"about":[{"href":"https:\/\/roveyayinevi.com.tr\/index.php\/wp-json\/wp\/v2\/types\/product"}],"wp:attachment":[{"href":"https:\/\/roveyayinevi.com.tr\/index.php\/wp-json\/wp\/v2\/media?parent=740243"}],"wp:term":[{"taxonomy":"product_brand","embeddable":true,"href":"https:\/\/roveyayinevi.com.tr\/index.php\/wp-json\/wp\/v2\/product_brand?post=740243"},{"taxonomy":"product_cat","embeddable":true,"href":"https:\/\/roveyayinevi.com.tr\/index.php\/wp-json\/wp\/v2\/product_cat?post=740243"},{"taxonomy":"product_tag","embeddable":true,"href":"https:\/\/roveyayinevi.com.tr\/index.php\/wp-json\/wp\/v2\/product_tag?post=740243"}],"curies":[{"name":"wp","href":"https:\/\/api.w.org\/{rel}","templated":true}]}}