{"id":740238,"date":"2025-08-28T00:23:15","date_gmt":"2025-08-27T21:23:15","guid":{"rendered":"https:\/\/roveyayinevi.com.tr\/index.php\/urun\/ankarada-nasil-is-bulurum-2021\/"},"modified":"2026-04-16T02:51:08","modified_gmt":"2026-04-15T23:51:08","slug":"ankarada-nasil-is-bulurum-2021","status":"publish","type":"product","link":"https:\/\/roveyayinevi.com.tr\/index.php\/urun\/ankarada-nasil-is-bulurum-2021\/","title":{"rendered":"Ankara&#8217;da Nas\u0131l \u0130\u015f Bulurum? 2021"},"content":{"rendered":"<p>Bu kitab\u0131 kaleme almamdaki amac\u0131m, Verdi\u011fim s\u00d6z\u00fc yerine getirmek ve insanlara var olan bilgi ve denetimimi aktarmakt\u0131r. Kitab\u0131 ilk kaleme ald\u0131\u011f\u0131mda ad\u0131 ldquo; K\u0131rk ders, k\u0131rk konu, k\u0131rk sayfa, K\u0131rk TL ye Ankarada \u0130\u015f Bulmakrdquo; d\u0131. \u015eahsi fikrini almak istedi\u011fim karde\u015fim. K\u0131rk TLyi g\u00d6r\u00fcnce kitab\u0131 \u00e7\u00d6pe att\u0131. Bunlar\u0131nda bildi\u011fi tek \u015fey \u00e7\u00d6pe atmak. Fakat bu defa tecr\u00fcbeliyim. Gidip \u00e7\u00d6pten geri ald\u0131m. Ba\u015flad\u0131m i\u015f deneyimi edinmeye. Sonra bir g\u00fcn kitap gene yok. Az kals\u0131n benimle birlikte Mamak \u00e7\u00d6pl\u00fc\u011f\u00fcne gidiyordu. O da olmad\u0131. E\u011fer bu sat\u0131rlar\u0131 okuyorsan\u0131z demektir ki ba\u015farm\u0131\u015f\u0131m.<\/p>\n","protected":false},"excerpt":{"rendered":"<p>Bu kitab\u0131 kaleme almamdaki amac\u0131m, Verdi\u011fim s\u00d6z\u00fc yerine getirmek ve insanlara var olan bilgi ve denetimimi aktarmakt\u0131r. Kitab\u0131 ilk kaleme ald\u0131\u011f\u0131mda ad\u0131 ldquo; K\u0131rk ders, k\u0131rk<span class=\"excerpt-hellip\"> [\u2026]<\/span><\/p>\n","protected":false},"featured_media":0,"template":"","meta":{"_monsterinsights_skip_tracking":false,"_monsterinsights_sitenote_active":false,"_monsterinsights_sitenote_note":"","_monsterinsights_sitenote_category":0},"product_brand":[],"product_cat":[12566],"product_tag":[],"class_list":{"0":"post-740238","1":"product","2":"type-product","3":"status-publish","5":"product_cat-egitim","6":"pa_cilt-ciltsiz","7":"pa_tur-kitap","8":"pa_yayinevi-platanus-publishing","9":"pa_yazar-naci-sengul","11":"first","12":"instock","13":"sale","14":"shipping-taxable","15":"purchasable","16":"product-type-simple"},"_links":{"self":[{"href":"https:\/\/roveyayinevi.com.tr\/index.php\/wp-json\/wp\/v2\/product\/740238","targetHints":{"allow":["GET"]}}],"collection":[{"href":"https:\/\/roveyayinevi.com.tr\/index.php\/wp-json\/wp\/v2\/product"}],"about":[{"href":"https:\/\/roveyayinevi.com.tr\/index.php\/wp-json\/wp\/v2\/types\/product"}],"wp:attachment":[{"href":"https:\/\/roveyayinevi.com.tr\/index.php\/wp-json\/wp\/v2\/media?parent=740238"}],"wp:term":[{"taxonomy":"product_brand","embeddable":true,"href":"https:\/\/roveyayinevi.com.tr\/index.php\/wp-json\/wp\/v2\/product_brand?post=740238"},{"taxonomy":"product_cat","embeddable":true,"href":"https:\/\/roveyayinevi.com.tr\/index.php\/wp-json\/wp\/v2\/product_cat?post=740238"},{"taxonomy":"product_tag","embeddable":true,"href":"https:\/\/roveyayinevi.com.tr\/index.php\/wp-json\/wp\/v2\/product_tag?post=740238"}],"curies":[{"name":"wp","href":"https:\/\/api.w.org\/{rel}","templated":true}]}}