{"id":740237,"date":"2025-08-28T00:23:13","date_gmt":"2025-08-27T21:23:13","guid":{"rendered":"https:\/\/roveyayinevi.com.tr\/index.php\/urun\/bu-hasret-bitsin\/"},"modified":"2026-04-16T02:51:08","modified_gmt":"2026-04-15T23:51:08","slug":"bu-hasret-bitsin","status":"publish","type":"product","link":"https:\/\/roveyayinevi.com.tr\/index.php\/urun\/bu-hasret-bitsin\/","title":{"rendered":"Bu Hasret Bitsin"},"content":{"rendered":"<p>Ak\u015famdan sabaha gelece\u011fim dedin gelmedin Y\u0131llar ge\u00e7ti s\u00d6z vermi\u015ftin \u015fimdi sen neredesin Biz sevdik ve sevildik a\u015fk\u0131m\u0131z\u0131 biliyorsun A\u015fk\u0131n ac\u0131s\u0131n\u0131 bile bile tatt\u0131rd\u0131nG\u00fcl hayat\u0131m\u0131z ne\u015fe ile mutlulukla ge\u00e7sin Bir daha bir daha bizim bu ayr\u0131l\u0131k olmas\u0131n G\u00fczelli\u011fin bahar gibi daim olsun solmas\u0131n A\u015fk\u0131n ayr\u0131l\u0131\u011f\u0131n ac\u0131s\u0131n\u0131 unuttunBir g\u00fczelsin g\u00d6zlerin mavi sa\u00e7lar\u0131n s\u0131rmal\u0131 A\u011fz\u0131ndan bal ak\u0131yor duymayanlar inanmal\u0131 A\u015fk\u0131m\u0131z dert oldu y\u00fcre\u011fimizden de atmal\u0131 A\u015fk\u0131n mutlulu\u011funda tad\u0131na varmal\u0131Bir zamanlar sevgimizde a\u015fk\u0131m\u0131zda bizimdi Bu kalp seni bekledi her an her zaman \u00d6zledi Hasret bir g\u00fcn bitti\u011finde mutlulukta gelirdi Sevdan\u0131n, sevginin k\u0131ymetini bilmeliBir baharda bir de sonbaharda g\u00d6r\u00fcn\u00fcyorsun Sonra terk edip ka\u00e7\u0131p uzaklara gidiyorsun G\u00fcl y\u00fczl\u00fc sevgilim b\u00d6yle beni hep \u00fcz\u00fcyorsun Bu ayr\u0131l\u0131k bu hasret bitsin bitsin art\u0131k<\/p>\n","protected":false},"excerpt":{"rendered":"<p>Ak\u015famdan sabaha gelece\u011fim dedin gelmedin Y\u0131llar ge\u00e7ti s\u00d6z vermi\u015ftin \u015fimdi sen neredesin Biz sevdik ve sevildik a\u015fk\u0131m\u0131z\u0131 biliyorsun A\u015fk\u0131n ac\u0131s\u0131n\u0131 bile bile tatt\u0131rd\u0131nG\u00fcl hayat\u0131m\u0131z ne\u015fe ile<span class=\"excerpt-hellip\"> [\u2026]<\/span><\/p>\n","protected":false},"featured_media":0,"template":"","meta":{"_monsterinsights_skip_tracking":false,"_monsterinsights_sitenote_active":false,"_monsterinsights_sitenote_note":"","_monsterinsights_sitenote_category":0},"product_brand":[],"product_cat":[12291],"product_tag":[],"class_list":{"0":"post-740237","1":"product","2":"type-product","3":"status-publish","5":"product_cat-edebiyat","6":"pa_cilt-ciltsiz","7":"pa_tur-kitap","8":"pa_yayinevi-platanus-publishing","9":"pa_yazar-ahmet-demir","11":"first","12":"instock","13":"sale","14":"shipping-taxable","15":"purchasable","16":"product-type-simple"},"_links":{"self":[{"href":"https:\/\/roveyayinevi.com.tr\/index.php\/wp-json\/wp\/v2\/product\/740237","targetHints":{"allow":["GET"]}}],"collection":[{"href":"https:\/\/roveyayinevi.com.tr\/index.php\/wp-json\/wp\/v2\/product"}],"about":[{"href":"https:\/\/roveyayinevi.com.tr\/index.php\/wp-json\/wp\/v2\/types\/product"}],"wp:attachment":[{"href":"https:\/\/roveyayinevi.com.tr\/index.php\/wp-json\/wp\/v2\/media?parent=740237"}],"wp:term":[{"taxonomy":"product_brand","embeddable":true,"href":"https:\/\/roveyayinevi.com.tr\/index.php\/wp-json\/wp\/v2\/product_brand?post=740237"},{"taxonomy":"product_cat","embeddable":true,"href":"https:\/\/roveyayinevi.com.tr\/index.php\/wp-json\/wp\/v2\/product_cat?post=740237"},{"taxonomy":"product_tag","embeddable":true,"href":"https:\/\/roveyayinevi.com.tr\/index.php\/wp-json\/wp\/v2\/product_tag?post=740237"}],"curies":[{"name":"wp","href":"https:\/\/api.w.org\/{rel}","templated":true}]}}