{"id":740236,"date":"2025-08-28T00:23:12","date_gmt":"2025-08-27T21:23:12","guid":{"rendered":"https:\/\/roveyayinevi.com.tr\/index.php\/urun\/bize-gore-3\/"},"modified":"2026-04-16T02:51:08","modified_gmt":"2026-04-15T23:51:08","slug":"bize-gore-3","status":"publish","type":"product","link":"https:\/\/roveyayinevi.com.tr\/index.php\/urun\/bize-gore-3\/","title":{"rendered":"Bize G\u00f6re"},"content":{"rendered":"<p>Ba\u011fdatta do\u011fmu\u015ftur. Babas\u0131 m\u00fclkiye kaymakamlar\u0131ndan ve Ba\u011fdat\u0131n eski ve bilinen ailelerinden biri olan Alusizadelere mensup Arif Hikmet Bey; annesi ise yine Ba\u011fdat\u0131n ileri gelenlerinden Kahyazadelerin k\u0131z\u0131 Sara Han\u0131md\u0131r. Me\u015fhur tefsir alimi Mahmud el Alusi Ahmet Ha\u015fimin babas\u0131n\u0131n dedesidir. Babas\u0131n\u0131n Arabistan vilayetlerindeki memuriyetleri sebebiyle d\u00fczensiz bir ilkokul tahsili g\u00d6rd\u00fc. Ayn\u0131 sebepten dil olarak da sadece Arap\u00e7ay\u0131 \u00d6\u011frendi. Annesinin \u00d6l\u00fcm\u00fc \u00fczerine 12 ya\u015f\u0131nda babas\u0131yla birlikte \u0130stanbula geldi. 1897de Galatasaray Sultanicirc;sine yat\u0131l\u0131 olarak verildi. Ha\u015fimin sanat ve edebiyata ilgisi Galatasaray Sultanicirc;sinde ba\u015flar. Bilinen ilk manzumesi ldquo;Leyal-i A\u015fk\u0131mrdquo; 1901de ldquo;Mecmua-i Edebiyyerdquo;de yay\u0131nland\u0131. Bu d\u00d6nemde Muallim Naci, Abd\u00fclhak Hamid, Tevfik Fikret ve Cenab \u015eahabeddinin tesiri alt\u0131nda kald\u0131. Son s\u0131n\u0131fta iken Frans\u0131z \u015fiirini ve sembolistleri tan\u0131d\u0131. Bundan sonra kendi \u015fahsiyetini g\u00d6sterdi ve ilk \u015fiirlerini kitaplar\u0131na almad\u0131.<\/p>\n","protected":false},"excerpt":{"rendered":"<p>Ba\u011fdatta do\u011fmu\u015ftur. Babas\u0131 m\u00fclkiye kaymakamlar\u0131ndan ve Ba\u011fdat\u0131n eski ve bilinen ailelerinden biri olan Alusizadelere mensup Arif Hikmet Bey; annesi ise yine Ba\u011fdat\u0131n ileri gelenlerinden Kahyazadelerin k\u0131z\u0131<span class=\"excerpt-hellip\"> [\u2026]<\/span><\/p>\n","protected":false},"featured_media":0,"template":"","meta":{"_monsterinsights_skip_tracking":false,"_monsterinsights_sitenote_active":false,"_monsterinsights_sitenote_note":"","_monsterinsights_sitenote_category":0},"product_brand":[],"product_cat":[12291],"product_tag":[],"class_list":{"0":"post-740236","1":"product","2":"type-product","3":"status-publish","5":"product_cat-edebiyat","6":"pa_cilt-ciltsiz","7":"pa_tur-kitap","8":"pa_yayinevi-platanus-publishing","9":"pa_yazar-ahmet-hasim","11":"first","12":"instock","13":"sale","14":"shipping-taxable","15":"purchasable","16":"product-type-simple"},"_links":{"self":[{"href":"https:\/\/roveyayinevi.com.tr\/index.php\/wp-json\/wp\/v2\/product\/740236","targetHints":{"allow":["GET"]}}],"collection":[{"href":"https:\/\/roveyayinevi.com.tr\/index.php\/wp-json\/wp\/v2\/product"}],"about":[{"href":"https:\/\/roveyayinevi.com.tr\/index.php\/wp-json\/wp\/v2\/types\/product"}],"wp:attachment":[{"href":"https:\/\/roveyayinevi.com.tr\/index.php\/wp-json\/wp\/v2\/media?parent=740236"}],"wp:term":[{"taxonomy":"product_brand","embeddable":true,"href":"https:\/\/roveyayinevi.com.tr\/index.php\/wp-json\/wp\/v2\/product_brand?post=740236"},{"taxonomy":"product_cat","embeddable":true,"href":"https:\/\/roveyayinevi.com.tr\/index.php\/wp-json\/wp\/v2\/product_cat?post=740236"},{"taxonomy":"product_tag","embeddable":true,"href":"https:\/\/roveyayinevi.com.tr\/index.php\/wp-json\/wp\/v2\/product_tag?post=740236"}],"curies":[{"name":"wp","href":"https:\/\/api.w.org\/{rel}","templated":true}]}}