{"id":740219,"date":"2025-08-28T00:22:40","date_gmt":"2025-08-27T21:22:40","guid":{"rendered":"https:\/\/roveyayinevi.com.tr\/index.php\/urun\/bir-zamanlar-sogukoluk-askina-kavustugum-gun-oldugum-gundur\/"},"modified":"2026-04-16T02:51:07","modified_gmt":"2026-04-15T23:51:07","slug":"bir-zamanlar-sogukoluk-askina-kavustugum-gun-oldugum-gundur","status":"publish","type":"product","link":"https:\/\/roveyayinevi.com.tr\/index.php\/urun\/bir-zamanlar-sogukoluk-askina-kavustugum-gun-oldugum-gundur\/","title":{"rendered":"Bir Zamanlar So\u011fukoluk &#8211; A\u015fk\u0131na Kavu\u015ftu\u011fum G\u00fcn \u00d6ld\u00fc\u011f\u00fcm G\u00fcnd\u00fcr"},"content":{"rendered":"<p>1960lar de so\u011fuk olu\u011fun \u00e7ok me\u015fhur oldu\u011funu duyan \u0130zmirli para babalar\u0131 so\u011fuk olu\u011fa ak\u0131n etmi\u015fler, bir zaman ad\u0131ndan arabeskin krali\u00e7esi diye s\u00d6z edilen Bergen ilk \u015fark\u0131 s\u00d6ylemeye so\u011fuk olukta pavyonda ba\u015flam\u0131\u015ft\u0131r ve bir s\u00fcre \u015fark\u0131lar\u0131n\u0131 s\u00d6ylemi\u015f iyi bir sahne sanat\u00e7\u0131s\u0131 olmu\u015ftur, daha sonra Adana mersin de sahne alm\u0131\u015ft\u0131r kasetler yapm\u0131\u015f ac\u0131 dolu bir hayat\u0131 ya\u015farken ad\u0131ndan arabeskin krali\u00e7esi diye s\u00d6ylenmi\u015ftir, daha sonra ya\u015fad\u0131\u011f\u0131 olaylardan dolay\u0131 ac\u0131lar\u0131n kad\u0131n\u0131 lakab\u0131n\u0131 alm\u0131\u015f ac\u0131lar\u0131n kad\u0131n\u0131 \u015fark\u0131s\u0131n\u0131 s\u00d6ylemi\u015ftir. Daha sonra da evlendi\u011fi adamla bir t\u00fcrl\u00fc anla\u015famam\u0131\u015flar, bergen konser d\u00d6n\u00fc\u015f\u00fc kocas\u0131 taraf\u0131ndan yolu kesilip 1989 tarihinde silahla vurularak canice \u00d6ld\u00fcr\u00fclm\u00fc\u015ft\u00fcr, pavyon hayat\u0131 ta ki 1980 T\u00fcrk Silahl\u0131 kuvvetlerin Genelkurmay Ba\u015fkan\u0131 Orgeneral Kenan Evren ba\u015fkanl\u0131\u011f\u0131nda ger\u00e7ekle\u015ftirildi\u011fi darbesinde sivil y\u00d6netime el koymu\u015ftur ve Kenan evren pa\u015fan\u0131n karal\u0131yla so\u011fuk oluktaki pavyonlar kapat\u0131lm\u0131\u015ft\u0131r. B\u00d6ylece beyaz kad\u0131n ticareti sona ermi\u015ftir, so\u011fuk oluk ismi haf\u0131zalarda hep k\u00d6t\u00fc Hatay\u0131n kara leke olarak an\u0131l\u0131r. Belen so\u011fuk olukta ya\u015fayan vatanda\u015flar so\u011fuk oluk isminden rahats\u0131z olurlar, y\u00d6netici b\u00fcroklatlar taraf\u0131ndan al\u0131nan kararla so\u011fuk oluk ismini kald\u0131r\u0131p 2005te g\u00fczel yayla olarak de\u011fi\u015fmi\u015ftir. G\u00fczel yaylada Milletvekilleri i\u015f adamlar\u0131n\u0131m ve varl\u0131kl\u0131 ki\u015filerin yazl\u0131k villalar\u0131 vard\u0131r. Piknik alanlar\u0131 vard\u0131r, gidip ziyaret edip g\u00d6r\u00fclmeye de\u011fer bir tarihi yerdir.<\/p>\n","protected":false},"excerpt":{"rendered":"<p>1960lar de so\u011fuk olu\u011fun \u00e7ok me\u015fhur oldu\u011funu duyan \u0130zmirli para babalar\u0131 so\u011fuk olu\u011fa ak\u0131n etmi\u015fler, bir zaman ad\u0131ndan arabeskin krali\u00e7esi diye s\u00d6z edilen Bergen ilk \u015fark\u0131<span class=\"excerpt-hellip\"> [\u2026]<\/span><\/p>\n","protected":false},"featured_media":0,"template":"","meta":{"_monsterinsights_skip_tracking":false,"_monsterinsights_sitenote_active":false,"_monsterinsights_sitenote_note":"","_monsterinsights_sitenote_category":0},"product_brand":[],"product_cat":[12291],"product_tag":[],"class_list":{"0":"post-740219","1":"product","2":"type-product","3":"status-publish","5":"product_cat-edebiyat","6":"pa_cilt-ciltsiz","7":"pa_tur-kitap","8":"pa_yayinevi-platanus-publishing","9":"pa_yazar-enver-gurlek","11":"first","12":"instock","13":"sale","14":"shipping-taxable","15":"purchasable","16":"product-type-simple"},"_links":{"self":[{"href":"https:\/\/roveyayinevi.com.tr\/index.php\/wp-json\/wp\/v2\/product\/740219","targetHints":{"allow":["GET"]}}],"collection":[{"href":"https:\/\/roveyayinevi.com.tr\/index.php\/wp-json\/wp\/v2\/product"}],"about":[{"href":"https:\/\/roveyayinevi.com.tr\/index.php\/wp-json\/wp\/v2\/types\/product"}],"wp:attachment":[{"href":"https:\/\/roveyayinevi.com.tr\/index.php\/wp-json\/wp\/v2\/media?parent=740219"}],"wp:term":[{"taxonomy":"product_brand","embeddable":true,"href":"https:\/\/roveyayinevi.com.tr\/index.php\/wp-json\/wp\/v2\/product_brand?post=740219"},{"taxonomy":"product_cat","embeddable":true,"href":"https:\/\/roveyayinevi.com.tr\/index.php\/wp-json\/wp\/v2\/product_cat?post=740219"},{"taxonomy":"product_tag","embeddable":true,"href":"https:\/\/roveyayinevi.com.tr\/index.php\/wp-json\/wp\/v2\/product_tag?post=740219"}],"curies":[{"name":"wp","href":"https:\/\/api.w.org\/{rel}","templated":true}]}}