{"id":740218,"date":"2025-08-28T00:22:39","date_gmt":"2025-08-27T21:22:39","guid":{"rendered":"https:\/\/roveyayinevi.com.tr\/index.php\/urun\/babalar-ve-ogullar-12\/"},"modified":"2026-04-03T02:55:52","modified_gmt":"2026-04-02T23:55:52","slug":"babalar-ve-ogullar-12","status":"publish","type":"product","link":"https:\/\/roveyayinevi.com.tr\/index.php\/urun\/babalar-ve-ogullar-12\/","title":{"rendered":"Babalar ve O\u011fullar"},"content":{"rendered":"<p>Babalar ve O\u011fullar, \u0130van Turgenyevin 1862de kaleme ald\u0131\u011f\u0131 en me\u015fhur eseridir. Roman\u0131n Rus\u00e7a ad\u0131 \u041e\u0442\u0446\u044b \u0438 \u0434\u0435\u0442\u0438 (Otts\u0131 i Deti)dir. Birebir anlam\u0131 ldquo;Babalar ve \u00e7ocuklarrdquo; olan bu roman T\u00fcrk\u00e7eye ldquo;Babalar ve O\u011fullarrdquo; olarak terc\u00fcme edilmi\u015ftir.Babalar ve O\u011fullar, Rus Edebiyat\u0131n\u0131n tam anlam\u0131yla yaz\u0131lm\u0131\u015f ilk modern roman \u00d6rne\u011fi olarak kabul edilebilir (Bir di\u011feri Gogolun \u00d6l\u00fc Canlar isimli eseridir fakat bu eser zaman zaman \u015fiirsel veya Dantenin \u0130lahi Komedyas\u0131ndaki gibi destans\u0131 nesir olarak kabul edilmi\u015ftir). Roman, Bazarovun ve Arkadinin duygusal\u0131\u011fa ba\u015fkald\u0131r\u0131lar\u0131ndaki a\u015famal\u0131 \u00e7\u00d6k\u00fcnt\u00fclerinde ve \u00d6zellikle Bazarovun Anna Odintsovaya ve Fenichkaya olan a\u015fk\u0131nda g\u00d6r\u00fclece\u011fi gibi \u00e7ift karakter \u00e7al\u0131\u015fmas\u0131 ortaya koymaktad\u0131r. Tolstoy ve Dostoyevskinin romanlar\u0131nda a\u00e7\u0131k\u00e7a taklit edildi\u011fi gibi bu g\u00d6ze \u00e7arpan karakter ikilemi ve derin psikolojik tahliller bir\u00e7ok b\u00fcy\u00fck Rus romanc\u0131n\u0131n yeti\u015fmesinde etki g\u00d6stermi\u015ftir.<\/p>\n","protected":false},"excerpt":{"rendered":"<p>Babalar ve O\u011fullar, \u0130van Turgenyevin 1862de kaleme ald\u0131\u011f\u0131 en me\u015fhur eseridir. Roman\u0131n Rus\u00e7a ad\u0131 \u041e\u0442\u0446\u044b \u0438 \u0434\u0435\u0442\u0438 (Otts\u0131 i Deti)dir. Birebir anlam\u0131 ldquo;Babalar ve \u00e7ocuklarrdquo; olan<span class=\"excerpt-hellip\"> [\u2026]<\/span><\/p>\n","protected":false},"featured_media":0,"template":"","meta":{"_monsterinsights_skip_tracking":false,"_monsterinsights_sitenote_active":false,"_monsterinsights_sitenote_note":"","_monsterinsights_sitenote_category":0},"product_brand":[],"product_cat":[12291],"product_tag":[],"class_list":{"0":"post-740218","1":"product","2":"type-product","3":"status-publish","5":"product_cat-edebiyat","6":"pa_cilt-ciltsiz","7":"pa_tur-kitap","8":"pa_yayinevi-platanus-publishing","9":"pa_yazar-ivan-sergeyevic-turgenyev","11":"first","12":"instock","13":"sale","14":"shipping-taxable","15":"purchasable","16":"product-type-simple"},"_links":{"self":[{"href":"https:\/\/roveyayinevi.com.tr\/index.php\/wp-json\/wp\/v2\/product\/740218","targetHints":{"allow":["GET"]}}],"collection":[{"href":"https:\/\/roveyayinevi.com.tr\/index.php\/wp-json\/wp\/v2\/product"}],"about":[{"href":"https:\/\/roveyayinevi.com.tr\/index.php\/wp-json\/wp\/v2\/types\/product"}],"wp:attachment":[{"href":"https:\/\/roveyayinevi.com.tr\/index.php\/wp-json\/wp\/v2\/media?parent=740218"}],"wp:term":[{"taxonomy":"product_brand","embeddable":true,"href":"https:\/\/roveyayinevi.com.tr\/index.php\/wp-json\/wp\/v2\/product_brand?post=740218"},{"taxonomy":"product_cat","embeddable":true,"href":"https:\/\/roveyayinevi.com.tr\/index.php\/wp-json\/wp\/v2\/product_cat?post=740218"},{"taxonomy":"product_tag","embeddable":true,"href":"https:\/\/roveyayinevi.com.tr\/index.php\/wp-json\/wp\/v2\/product_tag?post=740218"}],"curies":[{"name":"wp","href":"https:\/\/api.w.org\/{rel}","templated":true}]}}