{"id":740214,"date":"2025-08-28T00:22:34","date_gmt":"2025-08-27T21:22:34","guid":{"rendered":"https:\/\/roveyayinevi.com.tr\/index.php\/urun\/yaratis-teorisi-allah-ve-yaratmasi\/"},"modified":"2026-04-16T02:51:06","modified_gmt":"2026-04-15T23:51:06","slug":"yaratis-teorisi-allah-ve-yaratmasi","status":"publish","type":"product","link":"https:\/\/roveyayinevi.com.tr\/index.php\/urun\/yaratis-teorisi-allah-ve-yaratmasi\/","title":{"rendered":"Yarat\u0131\u015f Teorisi &#8211; Allah ve Yaratmas\u0131"},"content":{"rendered":"<p>D\u00fcnyan\u0131n d\u00d6rt mevsim co\u011frafi g\u00fczellikleri ve canl\u0131t\u00fcrleri(Resim) Altyaz\u0131: Zaman, hayat ve ya\u015fam Allah\u0131n yaratmas\u0131na devam etme s\u00fcrecidir.<\/p>\n","protected":false},"excerpt":{"rendered":"<p>D\u00fcnyan\u0131n d\u00d6rt mevsim co\u011frafi g\u00fczellikleri ve canl\u0131t\u00fcrleri(Resim) Altyaz\u0131: Zaman, hayat ve ya\u015fam Allah\u0131n yaratmas\u0131na devam etme s\u00fcrecidir.<\/p>\n","protected":false},"featured_media":0,"template":"","meta":{"_monsterinsights_skip_tracking":false,"_monsterinsights_sitenote_active":false,"_monsterinsights_sitenote_note":"","_monsterinsights_sitenote_category":0},"product_brand":[],"product_cat":[12718],"product_tag":[],"class_list":{"0":"post-740214","1":"product","2":"type-product","3":"status-publish","5":"product_cat-din","6":"pa_cilt-ciltsiz","7":"pa_tur-kitap","8":"pa_yayinevi-platanus-publishing","9":"pa_yazar-nihat-celiktas","11":"first","12":"instock","13":"sale","14":"shipping-taxable","15":"purchasable","16":"product-type-simple"},"_links":{"self":[{"href":"https:\/\/roveyayinevi.com.tr\/index.php\/wp-json\/wp\/v2\/product\/740214","targetHints":{"allow":["GET"]}}],"collection":[{"href":"https:\/\/roveyayinevi.com.tr\/index.php\/wp-json\/wp\/v2\/product"}],"about":[{"href":"https:\/\/roveyayinevi.com.tr\/index.php\/wp-json\/wp\/v2\/types\/product"}],"wp:attachment":[{"href":"https:\/\/roveyayinevi.com.tr\/index.php\/wp-json\/wp\/v2\/media?parent=740214"}],"wp:term":[{"taxonomy":"product_brand","embeddable":true,"href":"https:\/\/roveyayinevi.com.tr\/index.php\/wp-json\/wp\/v2\/product_brand?post=740214"},{"taxonomy":"product_cat","embeddable":true,"href":"https:\/\/roveyayinevi.com.tr\/index.php\/wp-json\/wp\/v2\/product_cat?post=740214"},{"taxonomy":"product_tag","embeddable":true,"href":"https:\/\/roveyayinevi.com.tr\/index.php\/wp-json\/wp\/v2\/product_tag?post=740214"}],"curies":[{"name":"wp","href":"https:\/\/api.w.org\/{rel}","templated":true}]}}