{"id":740213,"date":"2025-08-28T00:22:34","date_gmt":"2025-08-27T21:22:34","guid":{"rendered":"https:\/\/roveyayinevi.com.tr\/index.php\/urun\/hakikatci-alevi-komun\/"},"modified":"2026-04-16T02:51:06","modified_gmt":"2026-04-15T23:51:06","slug":"hakikatci-alevi-komun","status":"publish","type":"product","link":"https:\/\/roveyayinevi.com.tr\/index.php\/urun\/hakikatci-alevi-komun\/","title":{"rendered":"Hakikatci Alevi Kom\u00fcn"},"content":{"rendered":"<p>Ad\u0131yaman\/\u00e7elikhannbsp;nbsp;n\u00fcfusuna kay\u0131tl\u0131 1951 do\u011fumlu iki \u00e7ocuk babas\u0131 halen Ad\u0131yaman Belediyesinde \u00d6zel G\u00fcvenlik biriminde \u00e7al\u0131\u015fiyor. Medrese tahsili alm\u0131\u015f ilahiyatc\u0131 yan\u0131s\u0131ra tasavvuf hayat\u0131 ya\u015fam\u0131\u015f dolay\u0131siyle ihtisas alan\u0131 Tasavvuf felsefesidir.Diyalektik Tasavvuf teziyle, tasavvuf felsefesinde gizli kalm\u0131\u015f diyalektik y\u00d6ntemi tasavufa hatta b\u00fct\u00fcn teolojiye kazand\u0131rm\u0131\u015f, ayr\u0131ca tasavvuf felsefesinin \u00d6z\u00fc varl\u0131kbirli\u011fine \u00e7a\u011fda\u015f telafuz ve anlay\u0131\u015f getirip varl\u0131kbirli\u011fi d\u00fc\u015f\u00fcn\u00fc\u015f\u00fcn\u00fc yanl\u0131z kozmolojide de\u011fil yan\u0131s\u0131ranbsp;nbsp;varl\u0131kbirli\u011fi mefhum\u00fcn gere\u011fi ihtiva etti\u011fi sosyal varl\u0131k toplumsal diyalekti\u011fi ve ona uyumlu ideolojik yolunuda g\u00d6stermi\u015ftir.nbsp;<\/p>\n","protected":false},"excerpt":{"rendered":"<p>Ad\u0131yaman\/\u00e7elikhannbsp;nbsp;n\u00fcfusuna kay\u0131tl\u0131 1951 do\u011fumlu iki \u00e7ocuk babas\u0131 halen Ad\u0131yaman Belediyesinde \u00d6zel G\u00fcvenlik biriminde \u00e7al\u0131\u015fiyor. Medrese tahsili alm\u0131\u015f ilahiyatc\u0131 yan\u0131s\u0131ra tasavvuf hayat\u0131 ya\u015fam\u0131\u015f dolay\u0131siyle ihtisas alan\u0131 Tasavvuf<span class=\"excerpt-hellip\"> [\u2026]<\/span><\/p>\n","protected":false},"featured_media":0,"template":"","meta":{"_monsterinsights_skip_tracking":false,"_monsterinsights_sitenote_active":false,"_monsterinsights_sitenote_note":"","_monsterinsights_sitenote_category":0},"product_brand":[],"product_cat":[12718],"product_tag":[],"class_list":{"0":"post-740213","1":"product","2":"type-product","3":"status-publish","5":"product_cat-din","6":"pa_cilt-ciltsiz","7":"pa_tur-kitap","8":"pa_yayinevi-platanus-publishing","9":"pa_yazar-dervis-keskin","11":"first","12":"instock","13":"sale","14":"shipping-taxable","15":"purchasable","16":"product-type-simple"},"_links":{"self":[{"href":"https:\/\/roveyayinevi.com.tr\/index.php\/wp-json\/wp\/v2\/product\/740213","targetHints":{"allow":["GET"]}}],"collection":[{"href":"https:\/\/roveyayinevi.com.tr\/index.php\/wp-json\/wp\/v2\/product"}],"about":[{"href":"https:\/\/roveyayinevi.com.tr\/index.php\/wp-json\/wp\/v2\/types\/product"}],"wp:attachment":[{"href":"https:\/\/roveyayinevi.com.tr\/index.php\/wp-json\/wp\/v2\/media?parent=740213"}],"wp:term":[{"taxonomy":"product_brand","embeddable":true,"href":"https:\/\/roveyayinevi.com.tr\/index.php\/wp-json\/wp\/v2\/product_brand?post=740213"},{"taxonomy":"product_cat","embeddable":true,"href":"https:\/\/roveyayinevi.com.tr\/index.php\/wp-json\/wp\/v2\/product_cat?post=740213"},{"taxonomy":"product_tag","embeddable":true,"href":"https:\/\/roveyayinevi.com.tr\/index.php\/wp-json\/wp\/v2\/product_tag?post=740213"}],"curies":[{"name":"wp","href":"https:\/\/api.w.org\/{rel}","templated":true}]}}