{"id":740206,"date":"2025-08-28T00:22:26","date_gmt":"2025-08-27T21:22:26","guid":{"rendered":"https:\/\/roveyayinevi.com.tr\/index.php\/urun\/tevrat-inciller-ve-kuranda-h-s-b-kokunun-semantik-acidan\/"},"modified":"2026-04-12T02:55:58","modified_gmt":"2026-04-11T23:55:58","slug":"tevrat-inciller-ve-kuranda-h-s-b-kokunun-semantik-acidan","status":"publish","type":"product","link":"https:\/\/roveyayinevi.com.tr\/index.php\/urun\/tevrat-inciller-ve-kuranda-h-s-b-kokunun-semantik-acidan\/","title":{"rendered":"Tevrat \u0130nciller ve Kur&#8217;an&#8217;da H &#8211; S &#8211; B K\u00f6k\u00fcn\u00fcn Semantik A\u00e7idan"},"content":{"rendered":"<p>Kuran-\u0131 Kerim Allah taraf\u0131ndan inzal edildi\u011fi tarihten bu yana her cenahtan insan\u0131n ilgi duydu\u011fu bir kitap olmu\u015ftur. Arap\u00e7a olarak indirilen Kuran pek \u00e7ok d\u00fcnya dillerine \u00e7evrilmi\u015ftir. Kuran\u0131 do\u011fru okumak ve yorumlamak bilim insanlar\u0131n\u0131n ve d\u00fc\u015f\u00fcn\u00fcrlerin g\u00d6revidir. Kuran\u0131 a\u00e7\u0131klama ve yorumlama i\u015fi M\u00fcsl\u00fcmanlar\u0131n ilmicirc; gelene\u011finde Tefsir ad\u0131yla an\u0131lm\u0131\u015ft\u0131r. Son d\u00d6nem \u00e7al\u0131\u015fmalar\u0131nda g\u00d6r\u00fclen Kuran\u0131n semantik incelemesi, tefsir alan\u0131na metodik a\u00e7\u0131dan bir zenginlik katm\u0131\u015ft\u0131r. Tezimizde art zamanl\u0131 (diachronic) semantik inceleme ile ldquo;hesaprdquo; kavram\u0131n\u0131n t\u00fcredi\u011fi ldquo;hsbrdquo; k\u00d6k\u00fcn\u00fcn, Tevrat, \u0130ncil ve Kurandaki anlam \u00e7er\u00e7evesini tespit etmeye \u00e7al\u0131\u015ft\u0131k. Bundan dolay\u0131 tezimizde kar\u015f\u0131la\u015ft\u0131rmal\u0131 \u00e7al\u0131\u015fma y\u00d6ntemini de kulland\u0131k. Amac\u0131m\u0131z, filolojik bir ara\u015ft\u0131rma olan art zamanl\u0131 semantik y\u00d6ntemi ldquo;hsbrdquo; k\u00d6k\u00fc ba\u011flam\u0131nda Tevrat, \u0130ncil ve Kurana uygulamakt\u0131r.<\/p>\n","protected":false},"excerpt":{"rendered":"<p>Kuran-\u0131 Kerim Allah taraf\u0131ndan inzal edildi\u011fi tarihten bu yana her cenahtan insan\u0131n ilgi duydu\u011fu bir kitap olmu\u015ftur. Arap\u00e7a olarak indirilen Kuran pek \u00e7ok d\u00fcnya dillerine \u00e7evrilmi\u015ftir.<span class=\"excerpt-hellip\"> [\u2026]<\/span><\/p>\n","protected":false},"featured_media":0,"template":"","meta":{"_monsterinsights_skip_tracking":false,"_monsterinsights_sitenote_active":false,"_monsterinsights_sitenote_note":"","_monsterinsights_sitenote_category":0},"product_brand":[],"product_cat":[12718],"product_tag":[],"class_list":{"0":"post-740206","1":"product","2":"type-product","3":"status-publish","5":"product_cat-din","6":"pa_cilt-ciltsiz","7":"pa_tur-kitap","8":"pa_yayinevi-platanus-publishing","9":"pa_yazar-saida-saipova","11":"first","12":"instock","13":"sale","14":"shipping-taxable","15":"purchasable","16":"product-type-simple"},"_links":{"self":[{"href":"https:\/\/roveyayinevi.com.tr\/index.php\/wp-json\/wp\/v2\/product\/740206","targetHints":{"allow":["GET"]}}],"collection":[{"href":"https:\/\/roveyayinevi.com.tr\/index.php\/wp-json\/wp\/v2\/product"}],"about":[{"href":"https:\/\/roveyayinevi.com.tr\/index.php\/wp-json\/wp\/v2\/types\/product"}],"wp:attachment":[{"href":"https:\/\/roveyayinevi.com.tr\/index.php\/wp-json\/wp\/v2\/media?parent=740206"}],"wp:term":[{"taxonomy":"product_brand","embeddable":true,"href":"https:\/\/roveyayinevi.com.tr\/index.php\/wp-json\/wp\/v2\/product_brand?post=740206"},{"taxonomy":"product_cat","embeddable":true,"href":"https:\/\/roveyayinevi.com.tr\/index.php\/wp-json\/wp\/v2\/product_cat?post=740206"},{"taxonomy":"product_tag","embeddable":true,"href":"https:\/\/roveyayinevi.com.tr\/index.php\/wp-json\/wp\/v2\/product_tag?post=740206"}],"curies":[{"name":"wp","href":"https:\/\/api.w.org\/{rel}","templated":true}]}}