{"id":740194,"date":"2025-08-28T00:22:14","date_gmt":"2025-08-27T21:22:14","guid":{"rendered":"https:\/\/roveyayinevi.com.tr\/index.php\/urun\/reform\/"},"modified":"2026-04-16T02:51:05","modified_gmt":"2026-04-15T23:51:05","slug":"reform","status":"publish","type":"product","link":"https:\/\/roveyayinevi.com.tr\/index.php\/urun\/reform\/","title":{"rendered":"Reform"},"content":{"rendered":"<p>K\u00d6t\u00fc g\u00fcnler geride kald\u0131. \u015eimdi daha k\u00d6t\u00fc g\u00fcnler mi bekliyor, yoksa Naz\u0131m hikmet&#8217; in \u015fark\u0131lara d\u00d6n\u00fc\u015fen \u015fiirinde dedi\u011fi gibi; g\u00fczel g\u00fcnler mi g\u00d6rece\u011fiz? Buna kendimiz mi y\u00d6n veriyoruz, yoksa Tanr\u0131 taraf\u0131ndan yaz\u0131lm\u0131\u015f olan roman\u0131n b\u00d6l\u00fcmlerini mi oynuyoruz? Hayat hep bu ve bunun gibi bilinmezliklerle devam ediyor..Bir\u00e7ok an\u0131m\u0131zda be\u015f dakika sonras\u0131na y\u00d6n veremezken, y\u0131llar sonras\u0131n\u0131n plan\u0131n\u0131 yap\u0131yoruz. Sizce do\u011frumu yap\u0131yoruz?Bir k\u0131s\u0131m insan her an\u0131n\u0131 do\u011fa\u00e7lama ya\u015fay\u0131p, planl\u0131 ya\u015famay\u0131 hayalperest olmak olarak tan\u0131mlar.Di\u011fer bir k\u0131s\u0131m insan ise, her an\u0131n\u0131 planl\u0131 ve projeli \u015fekilde ya\u015famay\u0131 tercih etmektedir.<\/p>\n","protected":false},"excerpt":{"rendered":"<p>K\u00d6t\u00fc g\u00fcnler geride kald\u0131. \u015eimdi daha k\u00d6t\u00fc g\u00fcnler mi bekliyor, yoksa Naz\u0131m hikmet&#8217; in \u015fark\u0131lara d\u00d6n\u00fc\u015fen \u015fiirinde dedi\u011fi gibi; g\u00fczel g\u00fcnler mi g\u00d6rece\u011fiz? Buna kendimiz mi<span class=\"excerpt-hellip\"> [\u2026]<\/span><\/p>\n","protected":false},"featured_media":0,"template":"","meta":{"_monsterinsights_skip_tracking":false,"_monsterinsights_sitenote_active":false,"_monsterinsights_sitenote_note":"","_monsterinsights_sitenote_category":0},"product_brand":[],"product_cat":[12472],"product_tag":[],"class_list":{"0":"post-740194","1":"product","2":"type-product","3":"status-publish","5":"product_cat-yabanci-dilde-kitaplar","6":"pa_cilt-ciltsiz","7":"pa_tur-kitap","8":"pa_yayinevi-platanus-publishing","9":"pa_yazar-abdullah-berber","11":"first","12":"instock","13":"sale","14":"shipping-taxable","15":"purchasable","16":"product-type-simple"},"_links":{"self":[{"href":"https:\/\/roveyayinevi.com.tr\/index.php\/wp-json\/wp\/v2\/product\/740194","targetHints":{"allow":["GET"]}}],"collection":[{"href":"https:\/\/roveyayinevi.com.tr\/index.php\/wp-json\/wp\/v2\/product"}],"about":[{"href":"https:\/\/roveyayinevi.com.tr\/index.php\/wp-json\/wp\/v2\/types\/product"}],"wp:attachment":[{"href":"https:\/\/roveyayinevi.com.tr\/index.php\/wp-json\/wp\/v2\/media?parent=740194"}],"wp:term":[{"taxonomy":"product_brand","embeddable":true,"href":"https:\/\/roveyayinevi.com.tr\/index.php\/wp-json\/wp\/v2\/product_brand?post=740194"},{"taxonomy":"product_cat","embeddable":true,"href":"https:\/\/roveyayinevi.com.tr\/index.php\/wp-json\/wp\/v2\/product_cat?post=740194"},{"taxonomy":"product_tag","embeddable":true,"href":"https:\/\/roveyayinevi.com.tr\/index.php\/wp-json\/wp\/v2\/product_tag?post=740194"}],"curies":[{"name":"wp","href":"https:\/\/api.w.org\/{rel}","templated":true}]}}